{"id":65711,"date":"2025-03-25T05:03:57","date_gmt":"2025-03-25T05:03:57","guid":{"rendered":"https:\/\/e.kosmolat.eu\/product\/famirel-black-caviar-ultra-lifting-care-liftinga-sejas-ser-ar-melno-ikru-ekstr-40-ml\/"},"modified":"2026-04-14T17:04:40","modified_gmt":"2026-04-14T17:04:40","slug":"famirel-black-caviar-ultra-lifting-care-liftinga-sejas-ser-ar-melno-ikru-ekstr-40-ml","status":"publish","type":"product","link":"https:\/\/e.kosmolat.eu\/lv\/product\/famirel-black-caviar-ultra-lifting-care-liftinga-sejas-ser-ar-melno-ikru-ekstr-40-ml\/","title":{"rendered":"Famirel Black Caviar Ultra-Lifting Care Liftinga sejas ser. ar melno ikru ekstr., 40 ml"},"content":{"rendered":"<p>Unik\u0101ls serums, kas palielina sejas \u0101das elast\u012bbu, pie\u0161\u0137irot tai svaigumu un gludumu. Izl\u012bdzina grumbas un samazina to redzam\u012bbu. Satur ekskluz\u012bvu akt\u012bvo sast\u0101vda\u013cu kompleksu ar melnajiem ikriem un N\u0101ves j\u016bras miner\u0101liem. Bag\u0101tin\u0101ts ar sezama pept\u012bdiem, aminosk\u0101b\u0113m un og\u013chidr\u0101tu kompleksu. Augsta alvejas un kumel\u012btes ekstraktu koncentr\u0101cija mitrina un stiprina \u0101du.<\/p>\n<p>Lieto\u0161ana: Vienm\u0113r\u012bgi uzkl\u0101jiet uz sejas \u0101das un ar maigiem ap\u013cveida kust\u012bb\u0101m iemas\u0113jiet l\u012bdz piln\u012bgai uzs\u016bk\u0161anai.<\/p>\n<p>Br\u012bdin\u0101jums: Satur A vitam\u012bnu. L\u016bgums pirms lieto\u0161anas p\u0101rdom\u0101t savu dienas devu.<\/p>\n<p>Piesardz\u012bbas pas\u0101kumi:<br \/>\n\u2022 Lietot saska\u0146\u0101 ar nor\u0101d\u012bjumiem.<br \/>\n\u2022 Nenor\u012bt.<br \/>\n\u2022 Izvair\u012bties no saskares ar ac\u012bm.<br \/>\n\u2022 Glab\u0101t b\u0113rniem nepieejam\u0101 viet\u0101.<br \/>\n\u2022 Nelietot, ja ir paaugstin\u0101ta individu\u0101la jut\u012bba pret k\u0101du no sast\u0101vda\u013c\u0101m.<br \/>\n\u2022 Nekav\u0113joties p\u0101rtraukt lieto\u0161anu, ja rodas kairin\u0101jums.<br \/>\n\u2022 Nesatur parab\u0113nus.<\/p>\n<p>Uzglab\u0101\u0161anas noteikumi: Uzglab\u0101t temperat\u016br\u0101 no +5 l\u012bdz +39 \u00b0C un relat\u012bvaj\u0101 gaisa mitrum\u0101 no 55% l\u012bdz 70%.<\/p>\n","protected":false},"excerpt":{"rendered":"<p>Unik\u0101ls serums, kas palielina sejas \u0101das elast\u012bbu, pie\u0161\u0137irot tai svaigumu un gludumu. Izl\u012bdzina grumbas un samazina to redzam\u012bbu. Satur ekskluz\u012bvu akt\u012bvo sast\u0101vda\u013cu kompleksu ar melnajiem ikriem un N\u0101ves j\u016bras miner\u0101liem. Bag\u0101tin\u0101ts ar sezama pept\u012bdiem, aminosk\u0101b\u0113m un og\u013chidr\u0101tu kompleksu. Augsta alvejas un kumel\u012btes ekstraktu koncentr\u0101cija mitrina un stiprina \u0101du. Lieto\u0161ana: Vienm\u0113r\u012bgi uzkl\u0101jiet uz sejas \u0101das un [&#8230;]\n","protected":false},"featured_media":106993,"template":"","meta":[],"product_cat":[1325],"product_tag":[],"class_list":{"0":"post-65711","1":"product","2":"type-product","3":"status-publish","4":"has-post-thumbnail","6":"product_brand-famirel-il","7":"product_cat-serumi","9":"first","10":"instock","11":"taxable","12":"shipping-taxable","13":"product-type-simple"},"_links":{"self":[{"href":"https:\/\/e.kosmolat.eu\/lv\/wp-json\/wp\/v2\/product\/65711","targetHints":{"allow":["GET"]}}],"collection":[{"href":"https:\/\/e.kosmolat.eu\/lv\/wp-json\/wp\/v2\/product"}],"about":[{"href":"https:\/\/e.kosmolat.eu\/lv\/wp-json\/wp\/v2\/types\/product"}],"wp:featuredmedia":[{"embeddable":true,"href":"https:\/\/e.kosmolat.eu\/lv\/wp-json\/wp\/v2\/media\/106993"}],"wp:attachment":[{"href":"https:\/\/e.kosmolat.eu\/lv\/wp-json\/wp\/v2\/media?parent=65711"}],"wp:term":[{"taxonomy":"product_cat","embeddable":true,"href":"https:\/\/e.kosmolat.eu\/lv\/wp-json\/wp\/v2\/product_cat?post=65711"},{"taxonomy":"product_tag","embeddable":true,"href":"https:\/\/e.kosmolat.eu\/lv\/wp-json\/wp\/v2\/product_tag?post=65711"}],"curies":[{"name":"wp","href":"https:\/\/api.w.org\/{rel}","templated":true}]}}