{"id":65703,"date":"2025-03-25T05:03:43","date_gmt":"2025-03-25T05:03:43","guid":{"rendered":"https:\/\/e.kosmolat.eu\/product\/famirel-black-caviar-ipasi-intens-krems-adai-ap-ac-ar-melno-ikru-ekst-40-ml\/"},"modified":"2025-04-28T05:33:32","modified_gmt":"2025-04-28T05:33:32","slug":"famirel-black-caviar-ipasi-intens-krems-adai-ap-ac-ar-melno-ikru-ekst-40-ml","status":"publish","type":"product","link":"https:\/\/e.kosmolat.eu\/lv\/product\/famirel-black-caviar-ipasi-intens-krems-adai-ap-ac-ar-melno-ikru-ekst-40-ml\/","title":{"rendered":"Famirel Black Caviar \u012apa\u0161i intens. kr\u0113ms \u0101dai ap ac. ar melno ikru ekst., 40 ml"},"content":{"rendered":"<p>Ekskluz\u012bvs kr\u0113ms, kas paredz\u0113ts maigas un jut\u012bgas acu \u0101das kop\u0161anai. Tas pie\u0161\u0137ir \u0101dai svaig\u0101ku un glud\u0101ku izskatu, k\u0101 ar\u012b kav\u0113 smalko grumbi\u0146u veido\u0161anos. Satur N\u0101ves j\u016bras miner\u0101lus, aminosk\u0101bes un og\u013chidr\u0101tus unik\u0101laj\u0101 kapsulu form\u0101, kas izk\u016bst, uzkl\u0101jot kr\u0113mu uz \u0101das, atbr\u012bvojot vitam\u012bnus un miner\u0101lvielas. Apvienojum\u0101 ar unik\u0101lu akt\u012bvo sast\u0101vda\u013cu kompleksu, tostarp melno ikru ekstraktu, k\u0101 ar\u012b bag\u0101tu formulu ar vitam\u012bniem un pept\u012bdiem, kr\u0113ms ir efekt\u012bvs c\u012b\u0146\u0101 ar grumb\u0101m.<\/p>\n<p>Lieto\u0161ana: Uzkl\u0101jiet nelielu daudzumu kr\u0113ma uz \u0101das ap ac\u012bm ar viegl\u0101m mas\u0113jo\u0161\u0101m kust\u012bb\u0101m l\u012bdz piln\u012bgai uzs\u016bk\u0161anai. <\/p>\n<p>Br\u012bdin\u0101jums: Satur A vitam\u012bnu. L\u016bgums pirms lieto\u0161anas p\u0101rdom\u0101t savu dienas devu.<\/p>\n<p>Piesardz\u012bbas pas\u0101kumi:<br \/>\n\u2022 Lietot saska\u0146\u0101 ar nor\u0101d\u012bjumiem.<br \/>\n\u2022 Nenor\u012bt.<br \/>\n\u2022 Izvair\u012bties no saskares ar ac\u012bm.<br \/>\n\u2022 Glab\u0101t b\u0113rniem nepieejam\u0101 viet\u0101.<br \/>\n\u2022 Nelietot, ja ir paaugstin\u0101ta individu\u0101la jut\u012bba pret k\u0101du no sast\u0101vda\u013c\u0101m.<br \/>\n\u2022 Nekav\u0113joties p\u0101rtraukt lieto\u0161anu, ja rodas kairin\u0101jums.<br \/>\n\u2022 Nesatur parab\u0113nus.<\/p>\n<p>Uzglab\u0101\u0161anas noteikumi: Uzglab\u0101t temperat\u016br\u0101 no +5 l\u012bdz +39 \u00b0C un relat\u012bvaj\u0101 gaisa mitrum\u0101 no 55% l\u012bdz 70%.<\/p>\n","protected":false},"excerpt":{"rendered":"<p>Ekskluz\u012bvs kr\u0113ms, kas paredz\u0113ts maigas un jut\u012bgas acu \u0101das kop\u0161anai. Tas pie\u0161\u0137ir \u0101dai svaig\u0101ku un glud\u0101ku izskatu, k\u0101 ar\u012b kav\u0113 smalko grumbi\u0146u veido\u0161anos. Satur N\u0101ves j\u016bras miner\u0101lus, aminosk\u0101bes un og\u013chidr\u0101tus unik\u0101laj\u0101 kapsulu form\u0101, kas izk\u016bst, uzkl\u0101jot kr\u0113mu uz \u0101das, atbr\u012bvojot vitam\u012bnus un miner\u0101lvielas. Apvienojum\u0101 ar unik\u0101lu akt\u012bvo sast\u0101vda\u013cu kompleksu, tostarp melno ikru ekstraktu, k\u0101 ar\u012b [&#8230;]\n","protected":false},"featured_media":65707,"template":"","meta":[],"product_cat":[1325],"product_tag":[],"class_list":{"0":"post-65703","1":"product","2":"type-product","3":"status-publish","4":"has-post-thumbnail","6":"product_brand-famirel-il","7":"product_cat-serumi","9":"first","10":"outofstock","11":"taxable","12":"shipping-taxable","13":"product-type-simple"},"_links":{"self":[{"href":"https:\/\/e.kosmolat.eu\/lv\/wp-json\/wp\/v2\/product\/65703","targetHints":{"allow":["GET"]}}],"collection":[{"href":"https:\/\/e.kosmolat.eu\/lv\/wp-json\/wp\/v2\/product"}],"about":[{"href":"https:\/\/e.kosmolat.eu\/lv\/wp-json\/wp\/v2\/types\/product"}],"wp:featuredmedia":[{"embeddable":true,"href":"https:\/\/e.kosmolat.eu\/lv\/wp-json\/wp\/v2\/media\/65707"}],"wp:attachment":[{"href":"https:\/\/e.kosmolat.eu\/lv\/wp-json\/wp\/v2\/media?parent=65703"}],"wp:term":[{"taxonomy":"product_cat","embeddable":true,"href":"https:\/\/e.kosmolat.eu\/lv\/wp-json\/wp\/v2\/product_cat?post=65703"},{"taxonomy":"product_tag","embeddable":true,"href":"https:\/\/e.kosmolat.eu\/lv\/wp-json\/wp\/v2\/product_tag?post=65703"}],"curies":[{"name":"wp","href":"https:\/\/api.w.org\/{rel}","templated":true}]}}