{"id":65695,"date":"2025-03-25T05:03:25","date_gmt":"2025-03-25T05:03:25","guid":{"rendered":"https:\/\/e.kosmolat.eu\/product\/famirel-black-caviar-barojoss-nakts-kr-ar-melno-ikru-ekstraktu-50-ml\/"},"modified":"2026-05-08T23:30:28","modified_gmt":"2026-05-08T23:30:28","slug":"famirel-black-caviar-barojoss-nakts-kr-ar-melno-ikru-ekstraktu-50-ml","status":"publish","type":"product","link":"https:\/\/e.kosmolat.eu\/lv\/product\/famirel-black-caviar-barojoss-nakts-kr-ar-melno-ikru-ekstraktu-50-ml\/","title":{"rendered":"Famirel Black Caviar Barojo\u0161s nakts kr. ar melno ikru ekstraktu, 50 ml"},"content":{"rendered":"<p>Kr\u0113ms ar akt\u012bvaj\u0101m barojo\u0161aj\u0101m viel\u0101m no N\u0101ves j\u016bras miner\u0101liem. R\u016bp\u012bgi izstr\u0101d\u0101ts, lai nodro\u0161in\u0101tu optim\u0101lu s\u0101\u013cu un miner\u0101lu l\u012bdzsvaru. Bag\u0101tin\u0101ts ar melno ikru ekstraktu, kas satur vitam\u012bnus, mang\u0101nu, sel\u0113nu un aminosk\u0101bes, kas atsvaidzina, atjauno un baro sejas \u0101du, k\u0101 ar\u012b atjauno optim\u0101lu mitruma l\u012bmeni un pie\u0161\u0137ir svaigu, jaunekl\u012bgu izskatu. Ekskluz\u012bv\u0101 kr\u0113ma formula ir piem\u0113rota ar\u012b dienas lieto\u0161anai uz \u013coti sausas \u0101das.<\/p>\n<p>Lieto\u0161ana: Uzkl\u0101jiet kr\u0113mu uz t\u012bras sejas un kakla \u0101das, maigi iemas\u0113jot, l\u012bdz tas piln\u012bb\u0101 ies\u016bcas. <\/p>\n<p>Br\u012bdin\u0101jums: Satur A vitam\u012bnu. L\u016bgums pirms lieto\u0161anas p\u0101rdom\u0101t savu dienas devu.<\/p>\n<p>Piesardz\u012bbas pas\u0101kumi:<br \/>\n\u2022 Lietot saska\u0146\u0101 ar nor\u0101d\u012bjumiem.<br \/>\n\u2022 Nenor\u012bt.<br \/>\n\u2022 Izvair\u012bties no saskares ar ac\u012bm.<br \/>\n\u2022 Glab\u0101t b\u0113rniem nepieejam\u0101 viet\u0101.<br \/>\n\u2022 Nelietot, ja ir paaugstin\u0101ta individu\u0101la jut\u012bba pret k\u0101du no sast\u0101vda\u013c\u0101m.<br \/>\n\u2022 Nekav\u0113joties p\u0101rtraukt lieto\u0161anu, ja rodas kairin\u0101jums.<br \/>\n\u2022 Nesatur parab\u0113nus. <\/p>\n<p>Uzglab\u0101\u0161anas noteikumi: Uzglab\u0101t temperat\u016br\u0101 no +5 l\u012bdz +39 \u00b0C un relat\u012bvaj\u0101 gaisa mitrum\u0101 no 55% l\u012bdz 70%.<\/p>\n","protected":false},"excerpt":{"rendered":"<p>Kr\u0113ms ar akt\u012bvaj\u0101m barojo\u0161aj\u0101m viel\u0101m no N\u0101ves j\u016bras miner\u0101liem. R\u016bp\u012bgi izstr\u0101d\u0101ts, lai nodro\u0161in\u0101tu optim\u0101lu s\u0101\u013cu un miner\u0101lu l\u012bdzsvaru. Bag\u0101tin\u0101ts ar melno ikru ekstraktu, kas satur vitam\u012bnus, mang\u0101nu, sel\u0113nu un aminosk\u0101bes, kas atsvaidzina, atjauno un baro sejas \u0101du, k\u0101 ar\u012b atjauno optim\u0101lu mitruma l\u012bmeni un pie\u0161\u0137ir svaigu, jaunekl\u012bgu izskatu. Ekskluz\u012bv\u0101 kr\u0113ma formula ir piem\u0113rota ar\u012b dienas [&#8230;]\n","protected":false},"featured_media":107205,"template":"","meta":[],"product_cat":[1322],"product_tag":[],"class_list":{"0":"post-65695","1":"product","2":"type-product","3":"status-publish","4":"has-post-thumbnail","6":"product_brand-famirel-il","7":"product_cat-veido-kremai","9":"first","10":"outofstock","11":"taxable","12":"shipping-taxable","13":"product-type-simple"},"_links":{"self":[{"href":"https:\/\/e.kosmolat.eu\/lv\/wp-json\/wp\/v2\/product\/65695","targetHints":{"allow":["GET"]}}],"collection":[{"href":"https:\/\/e.kosmolat.eu\/lv\/wp-json\/wp\/v2\/product"}],"about":[{"href":"https:\/\/e.kosmolat.eu\/lv\/wp-json\/wp\/v2\/types\/product"}],"wp:featuredmedia":[{"embeddable":true,"href":"https:\/\/e.kosmolat.eu\/lv\/wp-json\/wp\/v2\/media\/107205"}],"wp:attachment":[{"href":"https:\/\/e.kosmolat.eu\/lv\/wp-json\/wp\/v2\/media?parent=65695"}],"wp:term":[{"taxonomy":"product_cat","embeddable":true,"href":"https:\/\/e.kosmolat.eu\/lv\/wp-json\/wp\/v2\/product_cat?post=65695"},{"taxonomy":"product_tag","embeddable":true,"href":"https:\/\/e.kosmolat.eu\/lv\/wp-json\/wp\/v2\/product_tag?post=65695"}],"curies":[{"name":"wp","href":"https:\/\/api.w.org\/{rel}","templated":true}]}}