{"id":65687,"date":"2025-03-25T05:03:07","date_gmt":"2025-03-25T05:03:07","guid":{"rendered":"https:\/\/e.kosmolat.eu\/product\/ss-pievelkosa-maska-kermena-ietisanai-400-ml\/"},"modified":"2025-09-19T22:44:06","modified_gmt":"2025-09-19T22:44:06","slug":"ss-pievelkosa-maska-kermena-ietisanai-400-ml","status":"publish","type":"product","link":"https:\/\/e.kosmolat.eu\/lv\/product\/ss-pievelkosa-maska-kermena-ietisanai-400-ml\/","title":{"rendered":"SS Pievelko\u0161a maska \u0137erme\u0146a iet\u012b\u0161anai, 400 ml"},"content":{"rendered":"<p>Efekt\u012bva kompleks\u0101 \u0137erme\u0146a \u0101das kop\u0161ana tiev\u0113\u0161anas period\u0101 un c\u012b\u0146\u0101 ar celul\u012btu. <\/p>\n<div>Nodro\u0161ina efekt\u012bvu liftingu, model\u0113 siluetu, veicina tauku rezervju samazin\u0101\u0161anu un \u0101das reljefa izl\u012bdzin\u0101\u0161anu. Lamin\u0101rija aktiviz\u0113 apmai\u0146as procesus un dzi\u013ci mitrina. Guarana sniedz lielisku dren\u0101\u017eas efektu, paaugstina tvirtumu un elast\u012bbu. \u0100zijas centella atjauno \u0101das \u0161\u016bnas, normaliz\u0113 \u016bdens-s\u0101ls un tauku apmai\u0146u, stimul\u0113 kolag\u0113na veido\u0161anos. Mentols uzlabo mikrocirkul\u0101ciju, samazina piet\u016bkumu, pie\u0161\u0137ir pat\u012bkamu v\u0113suma saj\u016btu. Maksim\u0101lam efektam lietojiet visus programmas so\u013cu produktus.\n<\/div>\n<h4>Lieto\u0161ana: <\/h4>\n<div>uzkl\u0101jiet l\u012bdzekli biez\u0101 sl\u0101n\u012b uz problem\u0101tiskaj\u0101m \u0137erme\u0146a zon\u0101m, ietiniet pl\u0113v\u0113, atst\u0101jiet uz 20-30 min\u016bt\u0113m. Nomazg\u0101jiet ar siltu \u016bdeni.\n<\/div>\n<h4>Piesardz\u012bbas pas\u0101kumi: <\/h4>\n<div>tikai \u0101r\u012bgai lieto\u0161anai. Ja iek\u013c\u016bst ac\u012bs, nomazg\u0101jiet ar siltu \u016bdeni. Nerekomend\u0113 lietot uz \u0137erme\u0146a laukumiem ar boj\u0101tu vai kairin\u0101tu \u0101du<\/div>\n","protected":false},"excerpt":{"rendered":"<p>Efekt\u012bva kompleks\u0101 \u0137erme\u0146a \u0101das kop\u0161ana tiev\u0113\u0161anas period\u0101 un c\u012b\u0146\u0101 ar celul\u012btu. Nodro\u0161ina efekt\u012bvu liftingu, model\u0113 siluetu, veicina tauku rezervju samazin\u0101\u0161anu un \u0101das reljefa izl\u012bdzin\u0101\u0161anu. Lamin\u0101rija aktiviz\u0113 apmai\u0146as procesus un dzi\u013ci mitrina. Guarana sniedz lielisku dren\u0101\u017eas efektu, paaugstina tvirtumu un elast\u012bbu. \u0100zijas centella atjauno \u0101das \u0161\u016bnas, normaliz\u0113 \u016bdens-s\u0101ls un tauku apmai\u0146u, stimul\u0113 kolag\u0113na veido\u0161anos. Mentols uzlabo [&#8230;]\n","protected":false},"featured_media":86406,"template":"","meta":[],"product_cat":[1616],"product_tag":[],"class_list":{"0":"post-65687","1":"product","2":"type-product","3":"status-publish","4":"has-post-thumbnail","6":"product_brand-malina-akcija","7":"product_cat-pretcelulita-lidzekli","9":"first","10":"outofstock","11":"taxable","12":"shipping-taxable","13":"product-type-simple"},"_links":{"self":[{"href":"https:\/\/e.kosmolat.eu\/lv\/wp-json\/wp\/v2\/product\/65687","targetHints":{"allow":["GET"]}}],"collection":[{"href":"https:\/\/e.kosmolat.eu\/lv\/wp-json\/wp\/v2\/product"}],"about":[{"href":"https:\/\/e.kosmolat.eu\/lv\/wp-json\/wp\/v2\/types\/product"}],"wp:featuredmedia":[{"embeddable":true,"href":"https:\/\/e.kosmolat.eu\/lv\/wp-json\/wp\/v2\/media\/86406"}],"wp:attachment":[{"href":"https:\/\/e.kosmolat.eu\/lv\/wp-json\/wp\/v2\/media?parent=65687"}],"wp:term":[{"taxonomy":"product_cat","embeddable":true,"href":"https:\/\/e.kosmolat.eu\/lv\/wp-json\/wp\/v2\/product_cat?post=65687"},{"taxonomy":"product_tag","embeddable":true,"href":"https:\/\/e.kosmolat.eu\/lv\/wp-json\/wp\/v2\/product_tag?post=65687"}],"curies":[{"name":"wp","href":"https:\/\/api.w.org\/{rel}","templated":true}]}}