{"id":64551,"date":"2025-03-15T05:03:50","date_gmt":"2025-03-15T05:03:50","guid":{"rendered":"https:\/\/e.kosmolat.eu\/product\/lupu-balzams-repair-sos-ar-kokosriekstu-ellu-si-sviestu-un-e-vitaminu\/"},"modified":"2026-04-10T07:13:59","modified_gmt":"2026-04-10T07:13:59","slug":"repair-sos-atjaun-lupu-balz-persiks-4-g","status":"publish","type":"product","link":"https:\/\/e.kosmolat.eu\/lv\/product\/repair-sos-atjaun-lupu-balz-persiks-4-g\/","title":{"rendered":"Repair SOS Atjaun. l\u016bpu balz. Persiks, 4 g"},"content":{"rendered":"<p>L\u016bpu balzams ar kokosriekstu e\u013c\u013cu, \u0161\u012b sviestu un E vitam\u012bnu.<\/p>\n<p>Uzglab\u0101t temperat\u016br\u0101 no +2\u00b0C l\u012bdz +25\u00b0C.<\/p>\n","protected":false},"excerpt":{"rendered":"<p>L\u016bpu balzams ar kokosriekstu e\u013c\u013cu, \u0161\u012b sviestu un E vitam\u012bnu. Uzglab\u0101t temperat\u016br\u0101 no +2\u00b0C l\u012bdz +25\u00b0C.<\/p>\n","protected":false},"featured_media":93738,"template":"","meta":[],"product_cat":[1387],"product_tag":[],"class_list":{"0":"post-64551","1":"product","2":"type-product","3":"status-publish","4":"has-post-thumbnail","6":"product_brand-quiz_bim_pl","7":"product_cat-1387","9":"first","10":"outofstock","11":"taxable","12":"shipping-taxable","13":"product-type-simple"},"_links":{"self":[{"href":"https:\/\/e.kosmolat.eu\/lv\/wp-json\/wp\/v2\/product\/64551","targetHints":{"allow":["GET"]}}],"collection":[{"href":"https:\/\/e.kosmolat.eu\/lv\/wp-json\/wp\/v2\/product"}],"about":[{"href":"https:\/\/e.kosmolat.eu\/lv\/wp-json\/wp\/v2\/types\/product"}],"wp:featuredmedia":[{"embeddable":true,"href":"https:\/\/e.kosmolat.eu\/lv\/wp-json\/wp\/v2\/media\/93738"}],"wp:attachment":[{"href":"https:\/\/e.kosmolat.eu\/lv\/wp-json\/wp\/v2\/media?parent=64551"}],"wp:term":[{"taxonomy":"product_cat","embeddable":true,"href":"https:\/\/e.kosmolat.eu\/lv\/wp-json\/wp\/v2\/product_cat?post=64551"},{"taxonomy":"product_tag","embeddable":true,"href":"https:\/\/e.kosmolat.eu\/lv\/wp-json\/wp\/v2\/product_tag?post=64551"}],"curies":[{"name":"wp","href":"https:\/\/api.w.org\/{rel}","templated":true}]}}