{"id":64391,"date":"2025-03-14T05:14:48","date_gmt":"2025-03-14T05:14:48","guid":{"rendered":"https:\/\/e.kosmolat.eu\/product\/mitrinoss-serums-un-grima-baze-laba-izvele\/"},"modified":"2026-04-10T07:17:16","modified_gmt":"2026-04-10T07:17:16","slug":"good-choice-mitrinoss-serums-prameris-30-g","status":"publish","type":"product","link":"https:\/\/e.kosmolat.eu\/lv\/product\/good-choice-mitrinoss-serums-prameris-30-g\/","title":{"rendered":"Good Choice Mitrino\u0161s serums-prameris, 30 g"},"content":{"rendered":"<p>Mitrino\u0161\u0101 seruma-praimera formula ide\u0101li sagatavo \u0101du n\u0101kamajam grima solim. T\u0101 viegl\u0101 veg\u0101nisk\u0101 formula ar glicer\u012bnu, E vitam\u012bnu un alveju pie\u0161\u0137ir \u0101dai dabisku izskatu, padarot to gludu un svaigu.<\/p>\n<p>Uzglab\u0101t temperat\u016br\u0101 no +2\u00b0C l\u012bdz +25\u00b0C.<\/p>\n","protected":false},"excerpt":{"rendered":"<p>Mitrino\u0161\u0101 seruma-praimera formula ide\u0101li sagatavo \u0101du n\u0101kamajam grima solim. T\u0101 viegl\u0101 veg\u0101nisk\u0101 formula ar glicer\u012bnu, E vitam\u012bnu un alveju pie\u0161\u0137ir \u0101dai dabisku izskatu, padarot to gludu un svaigu. Uzglab\u0101t temperat\u016br\u0101 no +2\u00b0C l\u012bdz +25\u00b0C.<\/p>\n","protected":false},"featured_media":93822,"template":"","meta":[],"product_cat":[1289],"product_tag":[],"class_list":{"0":"post-64391","1":"product","2":"type-product","3":"status-publish","4":"has-post-thumbnail","6":"product_brand-quiz_bim_pl","7":"product_cat-grima-pamats","9":"first","10":"instock","11":"taxable","12":"shipping-taxable","13":"product-type-simple"},"_links":{"self":[{"href":"https:\/\/e.kosmolat.eu\/lv\/wp-json\/wp\/v2\/product\/64391","targetHints":{"allow":["GET"]}}],"collection":[{"href":"https:\/\/e.kosmolat.eu\/lv\/wp-json\/wp\/v2\/product"}],"about":[{"href":"https:\/\/e.kosmolat.eu\/lv\/wp-json\/wp\/v2\/types\/product"}],"wp:featuredmedia":[{"embeddable":true,"href":"https:\/\/e.kosmolat.eu\/lv\/wp-json\/wp\/v2\/media\/93822"}],"wp:attachment":[{"href":"https:\/\/e.kosmolat.eu\/lv\/wp-json\/wp\/v2\/media?parent=64391"}],"wp:term":[{"taxonomy":"product_cat","embeddable":true,"href":"https:\/\/e.kosmolat.eu\/lv\/wp-json\/wp\/v2\/product_cat?post=64391"},{"taxonomy":"product_tag","embeddable":true,"href":"https:\/\/e.kosmolat.eu\/lv\/wp-json\/wp\/v2\/product_tag?post=64391"}],"curies":[{"name":"wp","href":"https:\/\/api.w.org\/{rel}","templated":true}]}}