{"id":64343,"date":"2025-03-14T05:13:05","date_gmt":"2025-03-14T05:13:05","guid":{"rendered":"https:\/\/e.kosmolat.eu\/product\/joli-color-matte-ilgnoturiga-mateta-lupu-krasa-tonis-300\/"},"modified":"2026-04-10T07:18:33","modified_gmt":"2026-04-10T07:18:33","slug":"joli-color-matte-300-lgnoturiga-mateta-lupu-krasa-4-g","status":"publish","type":"product","link":"https:\/\/e.kosmolat.eu\/lv\/product\/joli-color-matte-300-lgnoturiga-mateta-lupu-krasa-4-g\/","title":{"rendered":"Joli Color Matte 300 lgnotur\u012bga mat\u0113ta l\u016bpu kr\u0101sa, 4 g"},"content":{"rendered":"<p>Uzglab\u0101t temperat\u016br\u0101 no +2\u00b0C l\u012bdz +25\u00b0C.<\/p>\n","protected":false},"excerpt":{"rendered":"<p>Uzglab\u0101t temperat\u016br\u0101 no +2\u00b0C l\u012bdz +25\u00b0C.<\/p>\n","protected":false},"featured_media":93850,"template":"","meta":[],"product_cat":[1267],"product_tag":[],"class_list":{"0":"post-64343","1":"product","2":"type-product","3":"status-publish","4":"has-post-thumbnail","6":"product_brand-quiz_bim_pl","7":"product_cat-lupu-krasas","9":"first","10":"outofstock","11":"taxable","12":"shipping-taxable","13":"product-type-simple"},"_links":{"self":[{"href":"https:\/\/e.kosmolat.eu\/lv\/wp-json\/wp\/v2\/product\/64343","targetHints":{"allow":["GET"]}}],"collection":[{"href":"https:\/\/e.kosmolat.eu\/lv\/wp-json\/wp\/v2\/product"}],"about":[{"href":"https:\/\/e.kosmolat.eu\/lv\/wp-json\/wp\/v2\/types\/product"}],"wp:featuredmedia":[{"embeddable":true,"href":"https:\/\/e.kosmolat.eu\/lv\/wp-json\/wp\/v2\/media\/93850"}],"wp:attachment":[{"href":"https:\/\/e.kosmolat.eu\/lv\/wp-json\/wp\/v2\/media?parent=64343"}],"wp:term":[{"taxonomy":"product_cat","embeddable":true,"href":"https:\/\/e.kosmolat.eu\/lv\/wp-json\/wp\/v2\/product_cat?post=64343"},{"taxonomy":"product_tag","embeddable":true,"href":"https:\/\/e.kosmolat.eu\/lv\/wp-json\/wp\/v2\/product_tag?post=64343"}],"curies":[{"name":"wp","href":"https:\/\/api.w.org\/{rel}","templated":true}]}}