{"id":64327,"date":"2025-03-14T05:12:22","date_gmt":"2025-03-14T05:12:22","guid":{"rendered":"https:\/\/e.kosmolat.eu\/product\/creamy-blush-kremveida-vaigu-sartums-tonis-01\/"},"modified":"2026-04-10T07:13:36","modified_gmt":"2026-04-10T07:13:36","slug":"creamy-blush-kremveida-vaigu-sartums-tonis-01-7-5-g","status":"publish","type":"product","link":"https:\/\/e.kosmolat.eu\/lv\/product\/creamy-blush-kremveida-vaigu-sartums-tonis-01-7-5-g\/","title":{"rendered":"Creamy Blush kr\u0113mveida vaigu s\u0101rtums, tonis 01, 7.5 g"},"content":{"rendered":"<p>Uzglab\u0101t temperat\u016br\u0101 no +2\u00b0C l\u012bdz +25\u00b0C.<\/p>\n","protected":false},"excerpt":{"rendered":"<p>Uzglab\u0101t temperat\u016br\u0101 no +2\u00b0C l\u012bdz +25\u00b0C.<\/p>\n","protected":false},"featured_media":93730,"template":"","meta":[],"product_cat":[1495],"product_tag":[],"class_list":{"0":"post-64327","1":"product","2":"type-product","3":"status-publish","4":"has-post-thumbnail","6":"product_brand-quiz_bim_pl","7":"product_cat-vaigu-sartumi","9":"first","10":"outofstock","11":"taxable","12":"shipping-taxable","13":"product-type-simple"},"_links":{"self":[{"href":"https:\/\/e.kosmolat.eu\/lv\/wp-json\/wp\/v2\/product\/64327","targetHints":{"allow":["GET"]}}],"collection":[{"href":"https:\/\/e.kosmolat.eu\/lv\/wp-json\/wp\/v2\/product"}],"about":[{"href":"https:\/\/e.kosmolat.eu\/lv\/wp-json\/wp\/v2\/types\/product"}],"wp:featuredmedia":[{"embeddable":true,"href":"https:\/\/e.kosmolat.eu\/lv\/wp-json\/wp\/v2\/media\/93730"}],"wp:attachment":[{"href":"https:\/\/e.kosmolat.eu\/lv\/wp-json\/wp\/v2\/media?parent=64327"}],"wp:term":[{"taxonomy":"product_cat","embeddable":true,"href":"https:\/\/e.kosmolat.eu\/lv\/wp-json\/wp\/v2\/product_cat?post=64327"},{"taxonomy":"product_tag","embeddable":true,"href":"https:\/\/e.kosmolat.eu\/lv\/wp-json\/wp\/v2\/product_tag?post=64327"}],"curies":[{"name":"wp","href":"https:\/\/api.w.org\/{rel}","templated":true}]}}