{"id":64319,"date":"2025-03-14T05:12:09","date_gmt":"2025-03-14T05:12:09","guid":{"rendered":"https:\/\/e.kosmolat.eu\/product\/creamy-bronzing-kremveida-bronzeris-tonis-01\/"},"modified":"2026-04-10T07:13:26","modified_gmt":"2026-04-10T07:13:26","slug":"creamy-bronzing-kremveida-bronzeris-tonis-01-7-5-g","status":"publish","type":"product","link":"https:\/\/e.kosmolat.eu\/lv\/product\/creamy-bronzing-kremveida-bronzeris-tonis-01-7-5-g\/","title":{"rendered":"Creamy Bronzing kr\u0113mveida bronzeris, tonis 01, 7.5 g"},"content":{"rendered":"<p>Uzglab\u0101t temperat\u016br\u0101 no +2\u00b0C l\u012bdz +25\u00b0C.<\/p>\n","protected":false},"excerpt":{"rendered":"<p>Uzglab\u0101t temperat\u016br\u0101 no +2\u00b0C l\u012bdz +25\u00b0C.<\/p>\n","protected":false},"featured_media":93726,"template":"","meta":[],"product_cat":[1485],"product_tag":[],"class_list":{"0":"post-64319","1":"product","2":"type-product","3":"status-publish","4":"has-post-thumbnail","6":"product_brand-quiz_bim_pl","7":"product_cat-puderi","9":"first","10":"outofstock","11":"taxable","12":"shipping-taxable","13":"product-type-simple"},"_links":{"self":[{"href":"https:\/\/e.kosmolat.eu\/lv\/wp-json\/wp\/v2\/product\/64319","targetHints":{"allow":["GET"]}}],"collection":[{"href":"https:\/\/e.kosmolat.eu\/lv\/wp-json\/wp\/v2\/product"}],"about":[{"href":"https:\/\/e.kosmolat.eu\/lv\/wp-json\/wp\/v2\/types\/product"}],"wp:featuredmedia":[{"embeddable":true,"href":"https:\/\/e.kosmolat.eu\/lv\/wp-json\/wp\/v2\/media\/93726"}],"wp:attachment":[{"href":"https:\/\/e.kosmolat.eu\/lv\/wp-json\/wp\/v2\/media?parent=64319"}],"wp:term":[{"taxonomy":"product_cat","embeddable":true,"href":"https:\/\/e.kosmolat.eu\/lv\/wp-json\/wp\/v2\/product_cat?post=64319"},{"taxonomy":"product_tag","embeddable":true,"href":"https:\/\/e.kosmolat.eu\/lv\/wp-json\/wp\/v2\/product_tag?post=64319"}],"curies":[{"name":"wp","href":"https:\/\/api.w.org\/{rel}","templated":true}]}}