{"id":64227,"date":"2025-03-14T05:09:02","date_gmt":"2025-03-14T05:09:02","guid":{"rendered":"https:\/\/e.kosmolat.eu\/product\/velvet-ilgnoturiga-lupu-krasa-tonis-101\/"},"modified":"2026-04-16T06:24:06","modified_gmt":"2026-04-16T06:24:06","slug":"velvet-ilgnoturiga-lupu-krasa-tonis-101-2-g","status":"publish","type":"product","link":"https:\/\/e.kosmolat.eu\/lv\/product\/velvet-ilgnoturiga-lupu-krasa-tonis-101-2-g\/","title":{"rendered":"Velvet Ilgnotur\u012bga l\u016bpu kr\u0101sa, tonis 101, 2 g"},"content":{"rendered":"<p>Uzglab\u0101t temperat\u016br\u0101 no +2\u00b0C l\u012bdz +25\u00b0C.<\/p>\n","protected":false},"excerpt":{"rendered":"<p>Uzglab\u0101t temperat\u016br\u0101 no +2\u00b0C l\u012bdz +25\u00b0C.<\/p>\n","protected":false},"featured_media":93682,"template":"","meta":[],"product_cat":[1999],"product_tag":[],"class_list":{"0":"post-64227","1":"product","2":"type-product","3":"status-publish","4":"has-post-thumbnail","6":"product_brand-quiz_bim_pl","7":"product_cat-bez-kategorijas","9":"first","10":"instock","11":"taxable","12":"shipping-taxable","13":"product-type-simple"},"_links":{"self":[{"href":"https:\/\/e.kosmolat.eu\/lv\/wp-json\/wp\/v2\/product\/64227","targetHints":{"allow":["GET"]}}],"collection":[{"href":"https:\/\/e.kosmolat.eu\/lv\/wp-json\/wp\/v2\/product"}],"about":[{"href":"https:\/\/e.kosmolat.eu\/lv\/wp-json\/wp\/v2\/types\/product"}],"wp:featuredmedia":[{"embeddable":true,"href":"https:\/\/e.kosmolat.eu\/lv\/wp-json\/wp\/v2\/media\/93682"}],"wp:attachment":[{"href":"https:\/\/e.kosmolat.eu\/lv\/wp-json\/wp\/v2\/media?parent=64227"}],"wp:term":[{"taxonomy":"product_cat","embeddable":true,"href":"https:\/\/e.kosmolat.eu\/lv\/wp-json\/wp\/v2\/product_cat?post=64227"},{"taxonomy":"product_tag","embeddable":true,"href":"https:\/\/e.kosmolat.eu\/lv\/wp-json\/wp\/v2\/product_tag?post=64227"}],"curies":[{"name":"wp","href":"https:\/\/api.w.org\/{rel}","templated":true}]}}