{"id":64203,"date":"2025-03-14T05:08:25","date_gmt":"2025-03-14T05:08:25","guid":{"rendered":"https:\/\/e.kosmolat.eu\/product\/silikona-baze-zem-grima\/"},"modified":"2026-04-10T07:08:35","modified_gmt":"2026-04-10T07:08:35","slug":"ideala-silikona-grima-baze-30-g","status":"publish","type":"product","link":"https:\/\/e.kosmolat.eu\/lv\/product\/ideala-silikona-grima-baze-30-g\/","title":{"rendered":"Ide\u0101la silikona grima b\u0101ze, 30 g"},"content":{"rendered":"<p>Ide\u0101ls produkts taukainai un kombin\u0113tai \u0101dai.<br \/>\n\u2022 Pagarina grima notur\u012bbu<br \/>\n\u2022 Efekt\u012bvi mat\u0113 \u0101du<br \/>\n\u2022 Nesatur e\u013c\u013cas<br \/>\n\u2022 \u0100tri uzs\u016bcas<\/p>\n<p>B\u0101ze ide\u0101li izl\u012bdzina \u0101du un sagatavo to grimam. Nodro\u0161ina vienm\u0113r\u012bgu ton\u0101l\u0101 kr\u0113ma un p\u016bdera uzkl\u0101\u0161anu. S\u012bk\u0101s grumbi\u0146as un nepiln\u012bbas k\u013c\u016bst maz\u0101k paman\u0101mas. B\u0101ze izstr\u0101d\u0101ta, izmantojot silikona tehnolo\u0123iju.<\/p>\n<p>Uzglab\u0101t temperat\u016br\u0101 no +2\u00b0C l\u012bdz +25\u00b0C.<\/p>\n","protected":false},"excerpt":{"rendered":"<p>Ide\u0101ls produkts taukainai un kombin\u0113tai \u0101dai. \u2022 Pagarina grima notur\u012bbu \u2022 Efekt\u012bvi mat\u0113 \u0101du \u2022 Nesatur e\u013c\u013cas \u2022 \u0100tri uzs\u016bcas B\u0101ze ide\u0101li izl\u012bdzina \u0101du un sagatavo to grimam. Nodro\u0161ina vienm\u0113r\u012bgu ton\u0101l\u0101 kr\u0113ma un p\u016bdera uzkl\u0101\u0161anu. S\u012bk\u0101s grumbi\u0146as un nepiln\u012bbas k\u013c\u016bst maz\u0101k paman\u0101mas. B\u0101ze izstr\u0101d\u0101ta, izmantojot silikona tehnolo\u0123iju. Uzglab\u0101t temperat\u016br\u0101 no +2\u00b0C l\u012bdz +25\u00b0C.<\/p>\n","protected":false},"featured_media":93670,"template":"","meta":[],"product_cat":[1289],"product_tag":[],"class_list":{"0":"post-64203","1":"product","2":"type-product","3":"status-publish","4":"has-post-thumbnail","6":"product_brand-quiz_bim_pl","7":"product_cat-grima-pamats","9":"first","10":"instock","11":"taxable","12":"shipping-taxable","13":"product-type-simple"},"_links":{"self":[{"href":"https:\/\/e.kosmolat.eu\/lv\/wp-json\/wp\/v2\/product\/64203","targetHints":{"allow":["GET"]}}],"collection":[{"href":"https:\/\/e.kosmolat.eu\/lv\/wp-json\/wp\/v2\/product"}],"about":[{"href":"https:\/\/e.kosmolat.eu\/lv\/wp-json\/wp\/v2\/types\/product"}],"wp:featuredmedia":[{"embeddable":true,"href":"https:\/\/e.kosmolat.eu\/lv\/wp-json\/wp\/v2\/media\/93670"}],"wp:attachment":[{"href":"https:\/\/e.kosmolat.eu\/lv\/wp-json\/wp\/v2\/media?parent=64203"}],"wp:term":[{"taxonomy":"product_cat","embeddable":true,"href":"https:\/\/e.kosmolat.eu\/lv\/wp-json\/wp\/v2\/product_cat?post=64203"},{"taxonomy":"product_tag","embeddable":true,"href":"https:\/\/e.kosmolat.eu\/lv\/wp-json\/wp\/v2\/product_tag?post=64203"}],"curies":[{"name":"wp","href":"https:\/\/api.w.org\/{rel}","templated":true}]}}