{"id":64131,"date":"2025-03-14T05:06:18","date_gmt":"2025-03-14T05:06:18","guid":{"rendered":"https:\/\/e.kosmolat.eu\/product\/nude-essence-lupu-krasa-tonis-04-classic-beige\/"},"modified":"2026-04-10T07:45:04","modified_gmt":"2026-04-10T07:45:04","slug":"nude-essence-lupu-krasa-tonis-04-4-g","status":"publish","type":"product","link":"https:\/\/e.kosmolat.eu\/lv\/product\/nude-essence-lupu-krasa-tonis-04-4-g\/","title":{"rendered":"Nude Essence l\u016bpu kr\u0101sa, tonis 04, 4 g"},"content":{"rendered":"<p>Uzglab\u0101t temperat\u016br\u0101 no +2\u00b0C l\u012bdz +25\u00b0C.<\/p>\n","protected":false},"excerpt":{"rendered":"<p>Uzglab\u0101t temperat\u016br\u0101 no +2\u00b0C l\u012bdz +25\u00b0C.<\/p>\n","protected":false},"featured_media":94130,"template":"","meta":[],"product_cat":[1267],"product_tag":[],"class_list":{"0":"post-64131","1":"product","2":"type-product","3":"status-publish","4":"has-post-thumbnail","6":"product_brand-quiz_bim_pl","7":"product_cat-lupu-krasas","9":"first","10":"instock","11":"taxable","12":"shipping-taxable","13":"product-type-simple"},"_links":{"self":[{"href":"https:\/\/e.kosmolat.eu\/lv\/wp-json\/wp\/v2\/product\/64131","targetHints":{"allow":["GET"]}}],"collection":[{"href":"https:\/\/e.kosmolat.eu\/lv\/wp-json\/wp\/v2\/product"}],"about":[{"href":"https:\/\/e.kosmolat.eu\/lv\/wp-json\/wp\/v2\/types\/product"}],"wp:featuredmedia":[{"embeddable":true,"href":"https:\/\/e.kosmolat.eu\/lv\/wp-json\/wp\/v2\/media\/94130"}],"wp:attachment":[{"href":"https:\/\/e.kosmolat.eu\/lv\/wp-json\/wp\/v2\/media?parent=64131"}],"wp:term":[{"taxonomy":"product_cat","embeddable":true,"href":"https:\/\/e.kosmolat.eu\/lv\/wp-json\/wp\/v2\/product_cat?post=64131"},{"taxonomy":"product_tag","embeddable":true,"href":"https:\/\/e.kosmolat.eu\/lv\/wp-json\/wp\/v2\/product_tag?post=64131"}],"curies":[{"name":"wp","href":"https:\/\/api.w.org\/{rel}","templated":true}]}}