{"id":64091,"date":"2025-03-14T05:05:15","date_gmt":"2025-03-14T05:05:15","guid":{"rendered":"https:\/\/e.kosmolat.eu\/product\/bb-krems-tonis-02\/"},"modified":"2025-09-20T06:18:44","modified_gmt":"2025-09-20T06:18:44","slug":"bb-krems-tonis-02-natural-30-ml","status":"publish","type":"product","link":"https:\/\/e.kosmolat.eu\/lv\/product\/bb-krems-tonis-02-natural-30-ml\/","title":{"rendered":"BB kr\u0113ms, tonis 02 Natural, 30 ml"},"content":{"rendered":"<p>Beauty Balm kr\u0113ms ide\u0101li mat\u0113 un mask\u0113 nepiln\u012bbas.<\/p>\n<p>Formula satur:<br \/>\n\u2022 Ka\u0146epju e\u013c\u013cu \u2014 mitrina un regul\u0113 sebuma izstr\u0101di.<br \/>\n\u2022 Hialuronsk\u0101bi \u2014 mitrina \u0101du.<\/p>\n<p>Uzglab\u0101t temperat\u016br\u0101 no +2\u00b0C l\u012bdz +25\u00b0C.<\/p>\n","protected":false},"excerpt":{"rendered":"<p>Beauty Balm kr\u0113ms ide\u0101li mat\u0113 un mask\u0113 nepiln\u012bbas. Formula satur: \u2022 Ka\u0146epju e\u013c\u013cu \u2014 mitrina un regul\u0113 sebuma izstr\u0101di. \u2022 Hialuronsk\u0101bi \u2014 mitrina \u0101du. Uzglab\u0101t temperat\u016br\u0101 no +2\u00b0C l\u012bdz +25\u00b0C.<\/p>\n","protected":false},"featured_media":93606,"template":"","meta":[],"product_cat":[1291],"product_tag":[],"class_list":{"0":"post-64091","1":"product","2":"type-product","3":"status-publish","4":"has-post-thumbnail","6":"product_brand-quiz_bim_pl","7":"product_cat-makiazo-pagrindas","9":"first","10":"outofstock","11":"taxable","12":"shipping-taxable","13":"product-type-simple"},"_links":{"self":[{"href":"https:\/\/e.kosmolat.eu\/lv\/wp-json\/wp\/v2\/product\/64091","targetHints":{"allow":["GET"]}}],"collection":[{"href":"https:\/\/e.kosmolat.eu\/lv\/wp-json\/wp\/v2\/product"}],"about":[{"href":"https:\/\/e.kosmolat.eu\/lv\/wp-json\/wp\/v2\/types\/product"}],"wp:featuredmedia":[{"embeddable":true,"href":"https:\/\/e.kosmolat.eu\/lv\/wp-json\/wp\/v2\/media\/93606"}],"wp:attachment":[{"href":"https:\/\/e.kosmolat.eu\/lv\/wp-json\/wp\/v2\/media?parent=64091"}],"wp:term":[{"taxonomy":"product_cat","embeddable":true,"href":"https:\/\/e.kosmolat.eu\/lv\/wp-json\/wp\/v2\/product_cat?post=64091"},{"taxonomy":"product_tag","embeddable":true,"href":"https:\/\/e.kosmolat.eu\/lv\/wp-json\/wp\/v2\/product_tag?post=64091"}],"curies":[{"name":"wp","href":"https:\/\/api.w.org\/{rel}","templated":true}]}}