{"id":64079,"date":"2025-03-14T05:04:49","date_gmt":"2025-03-14T05:04:49","guid":{"rendered":"https:\/\/e.kosmolat.eu\/product\/icon-skropstu-tusa\/"},"modified":"2026-04-20T05:44:50","modified_gmt":"2026-04-20T05:44:50","slug":"icon-skropstu-tusa-izliekums-un-apjoms-melna-8-g","status":"publish","type":"product","link":"https:\/\/e.kosmolat.eu\/lv\/product\/icon-skropstu-tusa-izliekums-un-apjoms-melna-8-g\/","title":{"rendered":"Icon Skropstu tu\u0161a Izliekums un apjoms, melna, 8 g"},"content":{"rendered":"<p>Kr\u0113mveida tekst\u016bra, bag\u0101tin\u0101ta ar r\u012bsu kliju vasku.<\/p>\n<p>Nodro\u0161ina:<br \/>\n\u2022 Apjomu, izliekumu un pagarino\u0161u efektu<br \/>\n\u2022 Notur\u012bgu grimu<br \/>\n\u2022 Skropstu kop\u0161anu<\/p>\n<p>Skropstu tu\u0161as formula pal\u012bdz pie\u0161\u0137irt skropst\u0101m nevainojamu apjomu dienu no dienas.<\/p>\n<p>Sabiezina un baro skropstas no sakn\u0113m l\u012bdz galiem.<\/p>\n<p>Nodro\u0161ina ilgsto\u0161u notur\u012bbu visas dienas garum\u0101 \u2013 bez izsm\u0113r\u0113\u0161an\u0101s un drupin\u0101\u0161an\u0101s.<\/p>\n<p>Uzglab\u0101t temperat\u016br\u0101 no +2\u00b0C l\u012bdz +25\u00b0C.<\/p>\n","protected":false},"excerpt":{"rendered":"<p>Kr\u0113mveida tekst\u016bra, bag\u0101tin\u0101ta ar r\u012bsu kliju vasku. Nodro\u0161ina: \u2022 Apjomu, izliekumu un pagarino\u0161u efektu \u2022 Notur\u012bgu grimu \u2022 Skropstu kop\u0161anu Skropstu tu\u0161as formula pal\u012bdz pie\u0161\u0137irt skropst\u0101m nevainojamu apjomu dienu no dienas. Sabiezina un baro skropstas no sakn\u0113m l\u012bdz galiem. Nodro\u0161ina ilgsto\u0161u notur\u012bbu visas dienas garum\u0101 \u2013 bez izsm\u0113r\u0113\u0161an\u0101s un drupin\u0101\u0161an\u0101s. Uzglab\u0101t temperat\u016br\u0101 no +2\u00b0C l\u012bdz [&#8230;]\n","protected":false},"featured_media":93602,"template":"","meta":[],"product_cat":[1380],"product_tag":[],"class_list":{"0":"post-64079","1":"product","2":"type-product","3":"status-publish","4":"has-post-thumbnail","6":"product_brand-quiz_bim_pl","7":"product_cat-tusas","9":"first","10":"instock","11":"taxable","12":"shipping-taxable","13":"product-type-simple"},"_links":{"self":[{"href":"https:\/\/e.kosmolat.eu\/lv\/wp-json\/wp\/v2\/product\/64079","targetHints":{"allow":["GET"]}}],"collection":[{"href":"https:\/\/e.kosmolat.eu\/lv\/wp-json\/wp\/v2\/product"}],"about":[{"href":"https:\/\/e.kosmolat.eu\/lv\/wp-json\/wp\/v2\/types\/product"}],"wp:featuredmedia":[{"embeddable":true,"href":"https:\/\/e.kosmolat.eu\/lv\/wp-json\/wp\/v2\/media\/93602"}],"wp:attachment":[{"href":"https:\/\/e.kosmolat.eu\/lv\/wp-json\/wp\/v2\/media?parent=64079"}],"wp:term":[{"taxonomy":"product_cat","embeddable":true,"href":"https:\/\/e.kosmolat.eu\/lv\/wp-json\/wp\/v2\/product_cat?post=64079"},{"taxonomy":"product_tag","embeddable":true,"href":"https:\/\/e.kosmolat.eu\/lv\/wp-json\/wp\/v2\/product_tag?post=64079"}],"curies":[{"name":"wp","href":"https:\/\/api.w.org\/{rel}","templated":true}]}}