{"id":64055,"date":"2025-03-14T05:04:10","date_gmt":"2025-03-14T05:04:10","guid":{"rendered":"https:\/\/e.kosmolat.eu\/product\/uzacu-zimulis-tonis-1-tumsi-bruns\/"},"modified":"2025-09-22T10:42:43","modified_gmt":"2025-09-22T10:42:43","slug":"uzacu-zimulis-tonis-01-tumsi-bruns-1-g","status":"publish","type":"product","link":"https:\/\/e.kosmolat.eu\/lv\/product\/uzacu-zimulis-tonis-01-tumsi-bruns-1-g\/","title":{"rendered":"Uzacu z\u012bmulis, tonis 01 Tum\u0161i br\u016bns, 1 g"},"content":{"rendered":"<p>Uzglab\u0101t temperat\u016br\u0101 no +2\u00b0C l\u012bdz +25\u00b0C.<\/p>\n","protected":false},"excerpt":{"rendered":"<p>Uzglab\u0101t temperat\u016br\u0101 no +2\u00b0C l\u012bdz +25\u00b0C.<\/p>\n","protected":false},"featured_media":93590,"template":"","meta":[],"product_cat":[1508],"product_tag":[],"class_list":{"0":"post-64055","1":"product","2":"type-product","3":"status-publish","4":"has-post-thumbnail","6":"product_brand-quiz_bim_pl","7":"product_cat-antakiams","9":"first","10":"instock","11":"taxable","12":"shipping-taxable","13":"product-type-simple"},"_links":{"self":[{"href":"https:\/\/e.kosmolat.eu\/lv\/wp-json\/wp\/v2\/product\/64055","targetHints":{"allow":["GET"]}}],"collection":[{"href":"https:\/\/e.kosmolat.eu\/lv\/wp-json\/wp\/v2\/product"}],"about":[{"href":"https:\/\/e.kosmolat.eu\/lv\/wp-json\/wp\/v2\/types\/product"}],"wp:featuredmedia":[{"embeddable":true,"href":"https:\/\/e.kosmolat.eu\/lv\/wp-json\/wp\/v2\/media\/93590"}],"wp:attachment":[{"href":"https:\/\/e.kosmolat.eu\/lv\/wp-json\/wp\/v2\/media?parent=64055"}],"wp:term":[{"taxonomy":"product_cat","embeddable":true,"href":"https:\/\/e.kosmolat.eu\/lv\/wp-json\/wp\/v2\/product_cat?post=64055"},{"taxonomy":"product_tag","embeddable":true,"href":"https:\/\/e.kosmolat.eu\/lv\/wp-json\/wp\/v2\/product_tag?post=64055"}],"curies":[{"name":"wp","href":"https:\/\/api.w.org\/{rel}","templated":true}]}}