{"id":64023,"date":"2025-03-14T05:03:13","date_gmt":"2025-03-14T05:03:13","guid":{"rendered":"https:\/\/e.kosmolat.eu\/product\/nude-essence-lupu-krasa-tonis-01-rose-bloom\/"},"modified":"2026-04-10T07:01:15","modified_gmt":"2026-04-10T07:01:15","slug":"nude-essence-lupu-krasa-tonis-01-4-g","status":"publish","type":"product","link":"https:\/\/e.kosmolat.eu\/lv\/product\/nude-essence-lupu-krasa-tonis-01-4-g\/","title":{"rendered":"Nude Essence l\u016bpu kr\u0101sa, tonis 01, 4 g"},"content":{"rendered":"<p>Uzglab\u0101t temperat\u016br\u0101 no +2\u00b0C l\u012bdz +25\u00b0C.<\/p>\n","protected":false},"excerpt":{"rendered":"<p>Uzglab\u0101t temperat\u016br\u0101 no +2\u00b0C l\u012bdz +25\u00b0C.<\/p>\n","protected":false},"featured_media":93518,"template":"","meta":[],"product_cat":[1267],"product_tag":[],"class_list":{"0":"post-64023","1":"product","2":"type-product","3":"status-publish","4":"has-post-thumbnail","6":"product_brand-quiz_bim_pl","7":"product_cat-lupu-krasas","9":"first","10":"outofstock","11":"taxable","12":"shipping-taxable","13":"product-type-simple"},"_links":{"self":[{"href":"https:\/\/e.kosmolat.eu\/lv\/wp-json\/wp\/v2\/product\/64023","targetHints":{"allow":["GET"]}}],"collection":[{"href":"https:\/\/e.kosmolat.eu\/lv\/wp-json\/wp\/v2\/product"}],"about":[{"href":"https:\/\/e.kosmolat.eu\/lv\/wp-json\/wp\/v2\/types\/product"}],"wp:featuredmedia":[{"embeddable":true,"href":"https:\/\/e.kosmolat.eu\/lv\/wp-json\/wp\/v2\/media\/93518"}],"wp:attachment":[{"href":"https:\/\/e.kosmolat.eu\/lv\/wp-json\/wp\/v2\/media?parent=64023"}],"wp:term":[{"taxonomy":"product_cat","embeddable":true,"href":"https:\/\/e.kosmolat.eu\/lv\/wp-json\/wp\/v2\/product_cat?post=64023"},{"taxonomy":"product_tag","embeddable":true,"href":"https:\/\/e.kosmolat.eu\/lv\/wp-json\/wp\/v2\/product_tag?post=64023"}],"curies":[{"name":"wp","href":"https:\/\/api.w.org\/{rel}","templated":true}]}}