{"id":64011,"date":"2025-03-14T05:02:43","date_gmt":"2025-03-14T05:02:43","guid":{"rendered":"https:\/\/e.kosmolat.eu\/product\/lupu-balzams-care-ar-alveju-un-si-sviestu-persiks\/"},"modified":"2026-04-22T10:23:09","modified_gmt":"2026-04-22T10:23:09","slug":"care-lupu-balz-ar-alveju-un-si-sv-persiks-4-g","status":"publish","type":"product","link":"https:\/\/e.kosmolat.eu\/lv\/product\/care-lupu-balz-ar-alveju-un-si-sv-persiks-4-g\/","title":{"rendered":"Care L\u016bpu balz. ar alveju un \u0161\u012b sv. Persiks, 4 g"},"content":{"rendered":"<p>Uzglab\u0101t temperat\u016br\u0101 no +2\u00b0C l\u012bdz +25\u00b0C.<\/p>\n","protected":false},"excerpt":{"rendered":"<p>Uzglab\u0101t temperat\u016br\u0101 no +2\u00b0C l\u012bdz +25\u00b0C.<\/p>\n","protected":false},"featured_media":93506,"template":"","meta":[],"product_cat":[2182],"product_tag":[],"class_list":{"0":"post-64011","1":"product","2":"type-product","3":"status-publish","4":"has-post-thumbnail","6":"product_brand-quiz_bim_pl","7":"product_cat-bez-kategorijas-ru","9":"first","10":"instock","11":"taxable","12":"shipping-taxable","13":"product-type-simple"},"_links":{"self":[{"href":"https:\/\/e.kosmolat.eu\/lv\/wp-json\/wp\/v2\/product\/64011","targetHints":{"allow":["GET"]}}],"collection":[{"href":"https:\/\/e.kosmolat.eu\/lv\/wp-json\/wp\/v2\/product"}],"about":[{"href":"https:\/\/e.kosmolat.eu\/lv\/wp-json\/wp\/v2\/types\/product"}],"wp:featuredmedia":[{"embeddable":true,"href":"https:\/\/e.kosmolat.eu\/lv\/wp-json\/wp\/v2\/media\/93506"}],"wp:attachment":[{"href":"https:\/\/e.kosmolat.eu\/lv\/wp-json\/wp\/v2\/media?parent=64011"}],"wp:term":[{"taxonomy":"product_cat","embeddable":true,"href":"https:\/\/e.kosmolat.eu\/lv\/wp-json\/wp\/v2\/product_cat?post=64011"},{"taxonomy":"product_tag","embeddable":true,"href":"https:\/\/e.kosmolat.eu\/lv\/wp-json\/wp\/v2\/product_tag?post=64011"}],"curies":[{"name":"wp","href":"https:\/\/api.w.org\/{rel}","templated":true}]}}