{"id":64003,"date":"2025-03-14T05:02:31","date_gmt":"2025-03-14T05:02:31","guid":{"rendered":"https:\/\/e.kosmolat.eu\/product\/camouflage-concealer-maskejosais-konsileris-tonis-03\/"},"modified":"2026-04-10T07:00:50","modified_gmt":"2026-04-10T07:00:50","slug":"camouflage-maskejos-konsileris-tonis-03-5-ml","status":"publish","type":"product","link":"https:\/\/e.kosmolat.eu\/lv\/product\/camouflage-maskejos-konsileris-tonis-03-5-ml\/","title":{"rendered":"Camouflage Mask\u0113jo\u0161. kons\u012bleris, tonis 03, 5 ml"},"content":{"rendered":"<p>\u0425\u0440\u0430\u043d\u0438\u0442\u044c \u043f\u0440\u0438 \u0442\u0435\u043c\u043f\u0435\u0440\u0430\u0442\u0443\u0440\u0435 \u043e\u0442 +2\u00b0C \u0434\u043e +25\u00b0C.<\/p>\n","protected":false},"excerpt":{"rendered":"<p>\u0425\u0440\u0430\u043d\u0438\u0442\u044c \u043f\u0440\u0438 \u0442\u0435\u043c\u043f\u0435\u0440\u0430\u0442\u0443\u0440\u0435 \u043e\u0442 +2\u00b0C \u0434\u043e +25\u00b0C.<\/p>\n","protected":false},"featured_media":96918,"template":"","meta":[],"product_cat":[1490],"product_tag":[],"class_list":{"0":"post-64003","1":"product","2":"type-product","3":"status-publish","4":"has-post-thumbnail","6":"product_brand-quiz_bim_pl","7":"product_cat-korektoriai","9":"first","10":"instock","11":"taxable","12":"shipping-taxable","13":"product-type-simple"},"_links":{"self":[{"href":"https:\/\/e.kosmolat.eu\/lv\/wp-json\/wp\/v2\/product\/64003","targetHints":{"allow":["GET"]}}],"collection":[{"href":"https:\/\/e.kosmolat.eu\/lv\/wp-json\/wp\/v2\/product"}],"about":[{"href":"https:\/\/e.kosmolat.eu\/lv\/wp-json\/wp\/v2\/types\/product"}],"wp:featuredmedia":[{"embeddable":true,"href":"https:\/\/e.kosmolat.eu\/lv\/wp-json\/wp\/v2\/media\/96918"}],"wp:attachment":[{"href":"https:\/\/e.kosmolat.eu\/lv\/wp-json\/wp\/v2\/media?parent=64003"}],"wp:term":[{"taxonomy":"product_cat","embeddable":true,"href":"https:\/\/e.kosmolat.eu\/lv\/wp-json\/wp\/v2\/product_cat?post=64003"},{"taxonomy":"product_tag","embeddable":true,"href":"https:\/\/e.kosmolat.eu\/lv\/wp-json\/wp\/v2\/product_tag?post=64003"}],"curies":[{"name":"wp","href":"https:\/\/api.w.org\/{rel}","templated":true}]}}