{"id":63297,"date":"2025-03-06T10:20:29","date_gmt":"2025-03-06T10:20:29","guid":{"rendered":"https:\/\/e.kosmolat.eu\/product\/dental-sensitive-300ml\/"},"modified":"2026-03-30T17:01:49","modified_gmt":"2026-03-30T17:01:49","slug":"dental-sensitive-mutes-dobuma-skalos-lidz-jutigiem-zobiem-300-ml","status":"publish","type":"product","link":"https:\/\/e.kosmolat.eu\/lv\/product\/dental-sensitive-mutes-dobuma-skalos-lidz-jutigiem-zobiem-300-ml\/","title":{"rendered":"Dental Sensitive Mutes dobuma skalo\u0161. l\u012bdz. jut\u012bgiem zobiem, 300 ml"},"content":{"rendered":"<p>Nesatur alkoholu. Paredz\u0113ts zobu un mutes dobuma higi\u0113nai. Samazina zobu jut\u012bgumu. Nodro\u0161ina r\u016bp\u012bgu zobu un smaganu kop\u0161anu.<\/p>\n<p>Lieto\u0161ana: Ielejiet nelielu daudzumu mutes skalo\u0161anas l\u012bdzek\u013ca v\u0101ci\u0146\u0101, intens\u012bvi izskalojiet muti 15\u201330 sekundes, p\u0113c tam izsp\u013caujiet izlietn\u0113. Ieteicams lietot katru dienu no r\u012bta un vakar\u0101 p\u0113c zobu t\u012br\u012b\u0161anas.<\/p>\n<p>Piesardz\u012bbas pas\u0101kumi: Satur n\u0101trija fluor\u012bdu 0,0225% , kas apr\u0113\u0137in\u0101ti k\u0101 F. Nav piem\u0113rots b\u0113rniem l\u012bdz 6 gadu vecumam.<br \/>\nNenor\u012bt! Tikai \u0101r\u012bgai lieto\u0161anai. Ja produkts nok\u013c\u016bst ac\u012bs, r\u016bp\u012bgi izskalot ar \u016bdeni.<\/p>\n<p>Uzglab\u0101t b\u0113rniem nepieejam\u0101 viet\u0101, saus\u0101 telp\u0101, temperat\u016br\u0101 no +5 \u00b0C l\u012bdz +25 \u00b0C, sarg\u0101jot no tie\u0161iem saules stariem, vismaz 1 m att\u0101lum\u0101 no apkures ier\u012bc\u0113m.<\/p>\n","protected":false},"excerpt":{"rendered":"<p>Nesatur alkoholu. Paredz\u0113ts zobu un mutes dobuma higi\u0113nai. Samazina zobu jut\u012bgumu. Nodro\u0161ina r\u016bp\u012bgu zobu un smaganu kop\u0161anu. Lieto\u0161ana: Ielejiet nelielu daudzumu mutes skalo\u0161anas l\u012bdzek\u013ca v\u0101ci\u0146\u0101, intens\u012bvi izskalojiet muti 15\u201330 sekundes, p\u0113c tam izsp\u013caujiet izlietn\u0113. Ieteicams lietot katru dienu no r\u012bta un vakar\u0101 p\u0113c zobu t\u012br\u012b\u0161anas. Piesardz\u012bbas pas\u0101kumi: Satur n\u0101trija fluor\u012bdu 0,0225% , kas apr\u0113\u0137in\u0101ti k\u0101 [&#8230;]\n","protected":false},"featured_media":100468,"template":"","meta":[],"product_cat":[1311],"product_tag":[],"class_list":{"0":"post-63297","1":"product","2":"type-product","3":"status-publish","4":"has-post-thumbnail","6":"product_brand-rubella-bg","7":"product_cat-mutes-skalotaji","9":"first","10":"instock","11":"taxable","12":"shipping-taxable","13":"product-type-simple"},"_links":{"self":[{"href":"https:\/\/e.kosmolat.eu\/lv\/wp-json\/wp\/v2\/product\/63297","targetHints":{"allow":["GET"]}}],"collection":[{"href":"https:\/\/e.kosmolat.eu\/lv\/wp-json\/wp\/v2\/product"}],"about":[{"href":"https:\/\/e.kosmolat.eu\/lv\/wp-json\/wp\/v2\/types\/product"}],"wp:featuredmedia":[{"embeddable":true,"href":"https:\/\/e.kosmolat.eu\/lv\/wp-json\/wp\/v2\/media\/100468"}],"wp:attachment":[{"href":"https:\/\/e.kosmolat.eu\/lv\/wp-json\/wp\/v2\/media?parent=63297"}],"wp:term":[{"taxonomy":"product_cat","embeddable":true,"href":"https:\/\/e.kosmolat.eu\/lv\/wp-json\/wp\/v2\/product_cat?post=63297"},{"taxonomy":"product_tag","embeddable":true,"href":"https:\/\/e.kosmolat.eu\/lv\/wp-json\/wp\/v2\/product_tag?post=63297"}],"curies":[{"name":"wp","href":"https:\/\/api.w.org\/{rel}","templated":true}]}}