{"id":63265,"date":"2025-03-05T14:50:40","date_gmt":"2025-03-05T14:50:40","guid":{"rendered":"https:\/\/e.kosmolat.eu\/?post_type=product&#038;p=63265"},"modified":"2026-04-22T08:18:52","modified_gmt":"2026-04-22T08:18:52","slug":"dental-sensitive-whitening-formula-balinosa-zobu-pasta-100-ml","status":"publish","type":"product","link":"https:\/\/e.kosmolat.eu\/lv\/product\/dental-sensitive-whitening-formula-balinosa-zobu-pasta-100-ml\/","title":{"rendered":"Dental Sensitive Whitening Formula Balino\u0161a zobu pasta, 100 ml"},"content":{"rendered":"<p>Profilaktisk\u0101 zobu pasta Dental Sensitive Whitening Formula samazina zobu jut\u012bgumu, nodro\u0161ina \u012bpa\u0161u kop\u0161anu un sniedz ilgsto\u0161u nomierino\u0161u iedarb\u012bbu. Regul\u0101ri lietojot, pasta saudz\u012bgi pul\u0113 un balina zobus.<\/p>\n<p>Ra\u017eot\u0101js iesaka: Vesel\u0101m smagan\u0101m un zobiem lietot zobu pastu regul\u0101ri vismaz 2 reizes dien\u0101, t\u012brot zobus 2-3 min\u016btes ar piem\u0113rotu zobu birsti.<\/p>\n<p>Piesardz\u012bbas pas\u0101kumi: Satur n\u0101trija fluor\u012bdu 0,1% , kas apr\u0113\u0137in\u0101ti k\u0101 F. Zobu pasta pieaugu\u0161ajiem. Nav piem\u0113rota b\u0113rniem l\u012bdz 6 gadu vecumam. Nenor\u012bt! Tikai \u0101r\u012bgai lieto\u0161anai. Ja produkts nok\u013c\u016bst ac\u012bs, r\u016bp\u012bgi izskalot ar \u016bdeni.<\/p>\n<p>Uzglab\u0101t b\u0113rniem nepieejam\u0101 viet\u0101, saus\u0101 telp\u0101, temperat\u016br\u0101 no +5 \u00b0C l\u012bdz +25 \u00b0C, sarg\u0101jot no tie\u0161iem saules stariem, vismaz 1 m att\u0101lum\u0101 no apkures ier\u012bc\u0113m.<\/p>\n","protected":false},"excerpt":{"rendered":"<p>Profilaktisk\u0101 zobu pasta Dental Sensitive Whitening Formula samazina zobu jut\u012bgumu, nodro\u0161ina \u012bpa\u0161u kop\u0161anu un sniedz ilgsto\u0161u nomierino\u0161u iedarb\u012bbu. Regul\u0101ri lietojot, pasta saudz\u012bgi pul\u0113 un balina zobus. Ra\u017eot\u0101js iesaka: Vesel\u0101m smagan\u0101m un zobiem lietot zobu pastu regul\u0101ri vismaz 2 reizes dien\u0101, t\u012brot zobus 2-3 min\u016btes ar piem\u0113rotu zobu birsti. Piesardz\u012bbas pas\u0101kumi: Satur n\u0101trija fluor\u012bdu 0,1% , [&#8230;]\n","protected":false},"featured_media":97705,"template":"","meta":[],"product_cat":[1999],"product_tag":[],"class_list":{"0":"post-63265","1":"product","2":"type-product","3":"status-publish","4":"has-post-thumbnail","6":"product_brand-rubella-bg","7":"product_cat-bez-kategorijas","9":"first","10":"instock","11":"taxable","12":"shipping-taxable","13":"product-type-simple"},"_links":{"self":[{"href":"https:\/\/e.kosmolat.eu\/lv\/wp-json\/wp\/v2\/product\/63265","targetHints":{"allow":["GET"]}}],"collection":[{"href":"https:\/\/e.kosmolat.eu\/lv\/wp-json\/wp\/v2\/product"}],"about":[{"href":"https:\/\/e.kosmolat.eu\/lv\/wp-json\/wp\/v2\/types\/product"}],"wp:featuredmedia":[{"embeddable":true,"href":"https:\/\/e.kosmolat.eu\/lv\/wp-json\/wp\/v2\/media\/97705"}],"wp:attachment":[{"href":"https:\/\/e.kosmolat.eu\/lv\/wp-json\/wp\/v2\/media?parent=63265"}],"wp:term":[{"taxonomy":"product_cat","embeddable":true,"href":"https:\/\/e.kosmolat.eu\/lv\/wp-json\/wp\/v2\/product_cat?post=63265"},{"taxonomy":"product_tag","embeddable":true,"href":"https:\/\/e.kosmolat.eu\/lv\/wp-json\/wp\/v2\/product_tag?post=63265"}],"curies":[{"name":"wp","href":"https:\/\/api.w.org\/{rel}","templated":true}]}}