{"id":63257,"date":"2025-03-05T12:06:36","date_gmt":"2025-03-05T12:06:36","guid":{"rendered":"https:\/\/e.kosmolat.eu\/?post_type=product&#038;p=63257"},"modified":"2026-04-22T08:19:44","modified_gmt":"2026-04-22T08:19:44","slug":"dental-dream-super-fresh-feeling-zobu-pasta-100-ml","status":"publish","type":"product","link":"https:\/\/e.kosmolat.eu\/lv\/product\/dental-dream-super-fresh-feeling-zobu-pasta-100-ml\/","title":{"rendered":"Dental Dream Super Fresh Feeling Zobu pasta, 100 ml"},"content":{"rendered":"<p>Zobu pasta efekt\u012bvi c\u012bn\u0101s ar bakt\u0113riju aplikumu, kas izraisa nepat\u012bkamu elpu. Akt\u012bvo sast\u0101vda\u013cu kombin\u0101cija nodro\u0161ina svaigu elpu un t\u012br\u012bbas saj\u016btu. Sast\u0101vda\u013ca Polyfix neitraliz\u0113 nepat\u012bkamas elpas c\u0113lo\u0146us, savuk\u0101rt cinka citr\u0101ts nodro\u0161ina aizsardz\u012bbu pret zobu aplikumu un antibakteri\u0101lo iedarb\u012bbu. Bag\u0101t\u012bg\u0101s putas, kas veidojas t\u012br\u012b\u0161anas laik\u0101, viegli sasniedz visas zobu virsmas un starpzobu telpas, veicinot to lab\u0101ku att\u012br\u012b\u0161anu.<\/p>\n<p>Ra\u017eot\u0101js iesaka: Vesel\u0101m smagan\u0101m un zobiem lietot DENTAL DREAM Super Fresh Feeling regul\u0101ri vismaz 2 reizes dien\u0101, t\u012brot zobus 2-3 min\u016btes ar piem\u0113rotu zobu birsti.<\/p>\n<p>Piesardz\u012bbas pas\u0101kumi: Satur n\u0101trija fluor\u012bdu 0,145% , kas apr\u0113\u0137in\u0101ti k\u0101 F. Zobu pasta pieaugu\u0161ajiem. Nav piem\u0113rota b\u0113rniem l\u012bdz 7 gadu vecumam. Izmantot tikai paredz\u0113tajam m\u0113r\u0137im. Nelietot, ja ir jut\u012bba pret k\u0101du no sast\u0101vda\u013c\u0101m. Nenor\u012bt! Nepiecie\u0161am\u012bbas gad\u012bjum\u0101 konsult\u0113jieties ar zob\u0101rstu.<\/p>\n<p>Uzglab\u0101t b\u0113rniem nepieejam\u0101 viet\u0101, saus\u0101 telp\u0101, temperat\u016br\u0101 no 0 \u00b0C l\u012bdz +30 \u00b0C, sarg\u0101jot no tie\u0161iem saules stariem, vismaz 1 m att\u0101lum\u0101 no apkures ier\u012bc\u0113m.<\/p>\n","protected":false},"excerpt":{"rendered":"<p>Zobu pasta efekt\u012bvi c\u012bn\u0101s ar bakt\u0113riju aplikumu, kas izraisa nepat\u012bkamu elpu. Akt\u012bvo sast\u0101vda\u013cu kombin\u0101cija nodro\u0161ina svaigu elpu un t\u012br\u012bbas saj\u016btu. Sast\u0101vda\u013ca Polyfix neitraliz\u0113 nepat\u012bkamas elpas c\u0113lo\u0146us, savuk\u0101rt cinka citr\u0101ts nodro\u0161ina aizsardz\u012bbu pret zobu aplikumu un antibakteri\u0101lo iedarb\u012bbu. Bag\u0101t\u012bg\u0101s putas, kas veidojas t\u012br\u012b\u0161anas laik\u0101, viegli sasniedz visas zobu virsmas un starpzobu telpas, veicinot to lab\u0101ku att\u012br\u012b\u0161anu. [&#8230;]\n","protected":false},"featured_media":99816,"template":"","meta":[],"product_cat":[1999],"product_tag":[],"class_list":{"0":"post-63257","1":"product","2":"type-product","3":"status-publish","4":"has-post-thumbnail","6":"product_brand-rubella-bg","7":"product_cat-bez-kategorijas","9":"first","10":"instock","11":"taxable","12":"shipping-taxable","13":"product-type-simple"},"_links":{"self":[{"href":"https:\/\/e.kosmolat.eu\/lv\/wp-json\/wp\/v2\/product\/63257","targetHints":{"allow":["GET"]}}],"collection":[{"href":"https:\/\/e.kosmolat.eu\/lv\/wp-json\/wp\/v2\/product"}],"about":[{"href":"https:\/\/e.kosmolat.eu\/lv\/wp-json\/wp\/v2\/types\/product"}],"wp:featuredmedia":[{"embeddable":true,"href":"https:\/\/e.kosmolat.eu\/lv\/wp-json\/wp\/v2\/media\/99816"}],"wp:attachment":[{"href":"https:\/\/e.kosmolat.eu\/lv\/wp-json\/wp\/v2\/media?parent=63257"}],"wp:term":[{"taxonomy":"product_cat","embeddable":true,"href":"https:\/\/e.kosmolat.eu\/lv\/wp-json\/wp\/v2\/product_cat?post=63257"},{"taxonomy":"product_tag","embeddable":true,"href":"https:\/\/e.kosmolat.eu\/lv\/wp-json\/wp\/v2\/product_tag?post=63257"}],"curies":[{"name":"wp","href":"https:\/\/api.w.org\/{rel}","templated":true}]}}