{"id":63253,"date":"2025-03-05T11:06:31","date_gmt":"2025-03-05T11:06:31","guid":{"rendered":"https:\/\/e.kosmolat.eu\/?post_type=product&#038;p=63253"},"modified":"2026-04-17T11:15:01","modified_gmt":"2026-04-17T11:15:01","slug":"dental-dream-complete-protection-10-in-1-zobu-pasta-100-ml","status":"publish","type":"product","link":"https:\/\/e.kosmolat.eu\/lv\/product\/dental-dream-complete-protection-10-in-1-zobu-pasta-100-ml\/","title":{"rendered":"Dental Dream Complete Protection 10 in 1 Zobu pasta, 100 ml"},"content":{"rendered":"<p>DENTAL DREAM Complete Protection 10 in 1 zobu pastas formula nodro\u0161ina maksim\u0101lu aizsardz\u012bbu un profilaksi zobiem un smagan\u0101m. Bag\u0101t\u012bg\u0101s putas, kas veidojas t\u012br\u012b\u0161anas laik\u0101, viegli sasniedz visas zobu virsmas un starpzobu telpas un veicina to lab\u0101ku att\u012br\u012b\u0161anu. Zobu pasta nodro\u0161ina kompleksu iedarb\u012bbu, pateicoties akt\u012bvo sast\u0101vda\u013cu kombin\u0101cijai t\u0101s formul\u0101. Kalcija glicerofosf\u0101ts pal\u012bdz stiprin\u0101t zobu emalju. Akt\u012bv\u0101 sast\u0101vda\u013ca trikloz\u0101ns, pateicoties sav\u0101m bakteric\u012bdaj\u0101m un fungic\u012bdaj\u0101m \u012bpa\u0161\u012bb\u0101m, kav\u0113 mikroorganismu att\u012bst\u012bbu mutes dobum\u0101 un pal\u012bdz saglab\u0101t zobus un smaganas vesel\u012bgas. N\u0101trija fluor\u012bds pal\u012bdz nov\u0113rst kariesa att\u012bst\u012bbu.<\/p>\n<p>Ra\u017eot\u0101js iesaka: Vesel\u0101m smagan\u0101m un zobiem lietot DENTAL DREAM Complete Protection 10 in 1 regul\u0101ri vismaz 2 reizes dien\u0101, t\u012brot zobus 2-3 min\u016btes ar piem\u0113rotu zobu birsti.<\/p>\n<p>Piesardz\u012bbas pas\u0101kumi: Satur n\u0101trija fluor\u012bdu 0,1% , kas apr\u0113\u0137in\u0101ti k\u0101 F. Zobu pasta pieaugu\u0161ajiem. Nav piem\u0113rota b\u0113rniem l\u012bdz 7 gadu vecumam. Izmantot tikai paredz\u0113tajam m\u0113r\u0137im. Nelietot, ja ir jut\u012bba pret k\u0101du no sast\u0101vda\u013c\u0101m. Nenor\u012bt! Nepiecie\u0161am\u012bbas gad\u012bjum\u0101 konsult\u0113jieties ar zob\u0101rstu.<\/p>\n<p>Uzglab\u0101t b\u0113rniem nepieejam\u0101 viet\u0101, saus\u0101 telp\u0101, temperat\u016br\u0101 no 0 \u00b0C l\u012bdz +30 \u00b0C, sarg\u0101jot no tie\u0161iem saules stariem, vismaz 1 m att\u0101lum\u0101 no apkures ier\u012bc\u0113m.<\/p>\n","protected":false},"excerpt":{"rendered":"<p>DENTAL DREAM Complete Protection 10 in 1 zobu pastas formula nodro\u0161ina maksim\u0101lu aizsardz\u012bbu un profilaksi zobiem un smagan\u0101m. Bag\u0101t\u012bg\u0101s putas, kas veidojas t\u012br\u012b\u0161anas laik\u0101, viegli sasniedz visas zobu virsmas un starpzobu telpas un veicina to lab\u0101ku att\u012br\u012b\u0161anu. Zobu pasta nodro\u0161ina kompleksu iedarb\u012bbu, pateicoties akt\u012bvo sast\u0101vda\u013cu kombin\u0101cijai t\u0101s formul\u0101. Kalcija glicerofosf\u0101ts pal\u012bdz stiprin\u0101t zobu emalju. Akt\u012bv\u0101 [&#8230;]\n","protected":false},"featured_media":102407,"template":"","meta":[],"product_cat":[1308],"product_tag":[],"class_list":{"0":"post-63253","1":"product","2":"type-product","3":"status-publish","4":"has-post-thumbnail","6":"product_brand-rubella-bg","7":"product_cat-dantu-pastos-ir-geliai","9":"first","10":"instock","11":"taxable","12":"shipping-taxable","13":"product-type-simple"},"_links":{"self":[{"href":"https:\/\/e.kosmolat.eu\/lv\/wp-json\/wp\/v2\/product\/63253","targetHints":{"allow":["GET"]}}],"collection":[{"href":"https:\/\/e.kosmolat.eu\/lv\/wp-json\/wp\/v2\/product"}],"about":[{"href":"https:\/\/e.kosmolat.eu\/lv\/wp-json\/wp\/v2\/types\/product"}],"wp:featuredmedia":[{"embeddable":true,"href":"https:\/\/e.kosmolat.eu\/lv\/wp-json\/wp\/v2\/media\/102407"}],"wp:attachment":[{"href":"https:\/\/e.kosmolat.eu\/lv\/wp-json\/wp\/v2\/media?parent=63253"}],"wp:term":[{"taxonomy":"product_cat","embeddable":true,"href":"https:\/\/e.kosmolat.eu\/lv\/wp-json\/wp\/v2\/product_cat?post=63253"},{"taxonomy":"product_tag","embeddable":true,"href":"https:\/\/e.kosmolat.eu\/lv\/wp-json\/wp\/v2\/product_tag?post=63253"}],"curies":[{"name":"wp","href":"https:\/\/api.w.org\/{rel}","templated":true}]}}