{"id":63241,"date":"2025-03-05T06:50:29","date_gmt":"2025-03-05T06:50:29","guid":{"rendered":"https:\/\/e.kosmolat.eu\/?post_type=product&#038;p=63241"},"modified":"2026-04-24T06:27:21","modified_gmt":"2026-04-24T06:27:21","slug":"ip-liftinga-sejas-serums-ar-3-elastinu-un-1-bio-jur-kolagenu-30-ml","status":"publish","type":"product","link":"https:\/\/e.kosmolat.eu\/lv\/product\/ip-liftinga-sejas-serums-ar-3-elastinu-un-1-bio-jur-kolagenu-30-ml\/","title":{"rendered":"IP Liftinga sejas serums ar 3% elast\u012bnu un 1% bio j\u016br. kolag\u0113nu, 30 ml"},"content":{"rendered":"<p>Atjaunojo\u0161s un atjaunino\u0161s sejas serums ar hidroliz\u0113tu elast\u012bnu un bio j\u016bras kolag\u0113nu. Atjauno \u0101das elast\u012bbu un aktiviz\u0113 \u0161\u016bnu atjauno\u0161an\u0101s procesu. Nostiprina, atjauno un mitrina \u0101du.<\/p>\n<p>Lieto\u0161ana: Uzkl\u0101jiet da\u017eus pilienus seruma uz t\u012bras sejas \u0101das no r\u012bta un vakar\u0101, viegli iemas\u0113jot.<\/p>\n","protected":false},"excerpt":{"rendered":"<p>Atjaunojo\u0161s un atjaunino\u0161s sejas serums ar hidroliz\u0113tu elast\u012bnu un bio j\u016bras kolag\u0113nu. Atjauno \u0101das elast\u012bbu un aktiviz\u0113 \u0161\u016bnu atjauno\u0161an\u0101s procesu. Nostiprina, atjauno un mitrina \u0101du. Lieto\u0161ana: Uzkl\u0101jiet da\u017eus pilienus seruma uz t\u012bras sejas \u0101das no r\u012bta un vakar\u0101, viegli iemas\u0113jot.<\/p>\n","protected":false},"featured_media":100388,"template":"","meta":[],"product_cat":[1325],"product_tag":[],"class_list":{"0":"post-63241","1":"product","2":"type-product","3":"status-publish","4":"has-post-thumbnail","6":"product_brand-rubella-bg","7":"product_cat-serumi","9":"first","10":"instock","11":"taxable","12":"shipping-taxable","13":"product-type-simple"},"_links":{"self":[{"href":"https:\/\/e.kosmolat.eu\/lv\/wp-json\/wp\/v2\/product\/63241","targetHints":{"allow":["GET"]}}],"collection":[{"href":"https:\/\/e.kosmolat.eu\/lv\/wp-json\/wp\/v2\/product"}],"about":[{"href":"https:\/\/e.kosmolat.eu\/lv\/wp-json\/wp\/v2\/types\/product"}],"wp:featuredmedia":[{"embeddable":true,"href":"https:\/\/e.kosmolat.eu\/lv\/wp-json\/wp\/v2\/media\/100388"}],"wp:attachment":[{"href":"https:\/\/e.kosmolat.eu\/lv\/wp-json\/wp\/v2\/media?parent=63241"}],"wp:term":[{"taxonomy":"product_cat","embeddable":true,"href":"https:\/\/e.kosmolat.eu\/lv\/wp-json\/wp\/v2\/product_cat?post=63241"},{"taxonomy":"product_tag","embeddable":true,"href":"https:\/\/e.kosmolat.eu\/lv\/wp-json\/wp\/v2\/product_tag?post=63241"}],"curies":[{"name":"wp","href":"https:\/\/api.w.org\/{rel}","templated":true}]}}