{"id":63233,"date":"2025-03-05T05:02:45","date_gmt":"2025-03-05T05:02:45","guid":{"rendered":"https:\/\/e.kosmolat.eu\/product\/horse-mane-balzams-kondicionieris-480-ml\/"},"modified":"2026-04-07T11:06:54","modified_gmt":"2026-04-07T11:06:54","slug":"horse-mane-balzams-kondicionieris-480-ml","status":"publish","type":"product","link":"https:\/\/e.kosmolat.eu\/lv\/product\/horse-mane-balzams-kondicionieris-480-ml\/","title":{"rendered":"Horse Mane Balzams-kondicionieris, 480 ml"},"content":{"rendered":"<p>Balzams-kondicionieris lieliski ietekm\u0113 matu strukt\u016bru, padarot katru matu stipr\u0101ku un vesel\u012bg\u0101ku. Tas satur \u012bpa\u0161u kerat\u012bna, kolag\u0113na un lanol\u012bna kompleksu.<br \/>\n\u2022 Baro un stiprina matus vis\u0101 to garum\u0101, nenoslogojot tos.<br \/>\n\u2022 Nov\u0113r\u0161 matu l\u016b\u0161anu un pal\u012bdz atjaunot boj\u0101tu matu strukt\u016bru.<br \/>\n\u2022 Padara matus glud\u0101kus, sp\u012bd\u012bg\u0101kus, stipr\u0101kus, koptus un vesel\u012bg\u0101kus.<br \/>\n\u2022 Nodro\u0161ina matu m\u012bkstumu un z\u012bda maigumu, apjomu un redzamu bl\u012bvumu.<\/p>\n<p>LIETO\u0160ANA: Uzkl\u0101jiet uz mitriem matiem, vienm\u0113r\u012bgi sadaliet. Atst\u0101jiet kondicionieri uz 1-2 min\u016bt\u0113m. Piln\u012bb\u0101 izskalojiet.<\/p>\n","protected":false},"excerpt":{"rendered":"<p>Balzams-kondicionieris lieliski ietekm\u0113 matu strukt\u016bru, padarot katru matu stipr\u0101ku un vesel\u012bg\u0101ku. Tas satur \u012bpa\u0161u kerat\u012bna, kolag\u0113na un lanol\u012bna kompleksu. \u2022 Baro un stiprina matus vis\u0101 to garum\u0101, nenoslogojot tos. \u2022 Nov\u0113r\u0161 matu l\u016b\u0161anu un pal\u012bdz atjaunot boj\u0101tu matu strukt\u016bru. \u2022 Padara matus glud\u0101kus, sp\u012bd\u012bg\u0101kus, stipr\u0101kus, koptus un vesel\u012bg\u0101kus. \u2022 Nodro\u0161ina matu m\u012bkstumu un z\u012bda maigumu, [&#8230;]\n","protected":false},"featured_media":97734,"template":"","meta":[],"product_cat":[2182],"product_tag":[],"class_list":{"0":"post-63233","1":"product","2":"type-product","3":"status-publish","4":"has-post-thumbnail","6":"product_brand-pharma-group_ua","7":"product_cat-bez-kategorijas-ru","9":"first","10":"instock","11":"taxable","12":"shipping-taxable","13":"product-type-simple"},"_links":{"self":[{"href":"https:\/\/e.kosmolat.eu\/lv\/wp-json\/wp\/v2\/product\/63233","targetHints":{"allow":["GET"]}}],"collection":[{"href":"https:\/\/e.kosmolat.eu\/lv\/wp-json\/wp\/v2\/product"}],"about":[{"href":"https:\/\/e.kosmolat.eu\/lv\/wp-json\/wp\/v2\/types\/product"}],"wp:featuredmedia":[{"embeddable":true,"href":"https:\/\/e.kosmolat.eu\/lv\/wp-json\/wp\/v2\/media\/97734"}],"wp:attachment":[{"href":"https:\/\/e.kosmolat.eu\/lv\/wp-json\/wp\/v2\/media?parent=63233"}],"wp:term":[{"taxonomy":"product_cat","embeddable":true,"href":"https:\/\/e.kosmolat.eu\/lv\/wp-json\/wp\/v2\/product_cat?post=63233"},{"taxonomy":"product_tag","embeddable":true,"href":"https:\/\/e.kosmolat.eu\/lv\/wp-json\/wp\/v2\/product_tag?post=63233"}],"curies":[{"name":"wp","href":"https:\/\/api.w.org\/{rel}","templated":true}]}}