{"id":63225,"date":"2025-03-05T05:02:30","date_gmt":"2025-03-05T05:02:30","guid":{"rendered":"https:\/\/e.kosmolat.eu\/product\/horse-mane-sampuns-480-ml\/"},"modified":"2026-04-23T06:41:46","modified_gmt":"2026-04-23T06:41:46","slug":"horse-mane-sampuns-480-ml","status":"publish","type":"product","link":"https:\/\/e.kosmolat.eu\/lv\/product\/horse-mane-sampuns-480-ml\/","title":{"rendered":"Horse Mane \u0160amp\u016bns, 480 ml"},"content":{"rendered":"<p>\u0160amp\u016bns maigi un efekt\u012bvi att\u012bra matus no net\u012brumiem. Tas satur \u012bpa\u0161u kerat\u012bna, kolag\u0113na un lanol\u012bna kompleksu.<br \/>\n\u2022 Saglab\u0101 matu svaigumu 24 stundas, pat ja galvas \u0101da ir taukaina.<br \/>\n\u2022 Padara matus glud\u0101kus, sp\u012bd\u012bg\u0101kus, stipr\u0101kus, koptus un vesel\u012bg\u0101kus.<br \/>\n\u2022 Nodro\u0161ina matu m\u012bkstumu, z\u012bda maigumu, apjomu un redzamu bl\u012bvumu.<\/p>\n<p>LIETO\u0160ANA: Uzkl\u0101t uz mitriem matiem, iemas\u0113t, l\u012bdz rodas bag\u0101t\u012bgas putas, izskalot un lietot kondicionieri.<\/p>\n","protected":false},"excerpt":{"rendered":"<p>\u0160amp\u016bns maigi un efekt\u012bvi att\u012bra matus no net\u012brumiem. Tas satur \u012bpa\u0161u kerat\u012bna, kolag\u0113na un lanol\u012bna kompleksu. \u2022 Saglab\u0101 matu svaigumu 24 stundas, pat ja galvas \u0101da ir taukaina. \u2022 Padara matus glud\u0101kus, sp\u012bd\u012bg\u0101kus, stipr\u0101kus, koptus un vesel\u012bg\u0101kus. \u2022 Nodro\u0161ina matu m\u012bkstumu, z\u012bda maigumu, apjomu un redzamu bl\u012bvumu. LIETO\u0160ANA: Uzkl\u0101t uz mitriem matiem, iemas\u0113t, l\u012bdz rodas [&#8230;]\n","protected":false},"featured_media":97730,"template":"","meta":[],"product_cat":[1252],"product_tag":[],"class_list":{"0":"post-63225","1":"product","2":"type-product","3":"status-publish","4":"has-post-thumbnail","6":"product_brand-pharma-group_ua","7":"product_cat-1252","9":"first","10":"instock","11":"taxable","12":"shipping-taxable","13":"product-type-simple"},"_links":{"self":[{"href":"https:\/\/e.kosmolat.eu\/lv\/wp-json\/wp\/v2\/product\/63225","targetHints":{"allow":["GET"]}}],"collection":[{"href":"https:\/\/e.kosmolat.eu\/lv\/wp-json\/wp\/v2\/product"}],"about":[{"href":"https:\/\/e.kosmolat.eu\/lv\/wp-json\/wp\/v2\/types\/product"}],"wp:featuredmedia":[{"embeddable":true,"href":"https:\/\/e.kosmolat.eu\/lv\/wp-json\/wp\/v2\/media\/97730"}],"wp:attachment":[{"href":"https:\/\/e.kosmolat.eu\/lv\/wp-json\/wp\/v2\/media?parent=63225"}],"wp:term":[{"taxonomy":"product_cat","embeddable":true,"href":"https:\/\/e.kosmolat.eu\/lv\/wp-json\/wp\/v2\/product_cat?post=63225"},{"taxonomy":"product_tag","embeddable":true,"href":"https:\/\/e.kosmolat.eu\/lv\/wp-json\/wp\/v2\/product_tag?post=63225"}],"curies":[{"name":"wp","href":"https:\/\/api.w.org\/{rel}","templated":true}]}}