{"id":63217,"date":"2025-03-04T14:06:42","date_gmt":"2025-03-04T14:06:42","guid":{"rendered":"https:\/\/e.kosmolat.eu\/?post_type=product&#038;p=63217"},"modified":"2026-04-23T09:32:57","modified_gmt":"2026-04-23T09:32:57","slug":"ip-pe-liftinga-sejas-serums-ar-5-biosah-skid-un-peptidiem-30-ml","status":"publish","type":"product","link":"https:\/\/e.kosmolat.eu\/lv\/product\/ip-pe-liftinga-sejas-serums-ar-5-biosah-skid-un-peptidiem-30-ml\/","title":{"rendered":"IP PE Liftinga sejas serums ar 5% biosah. \u0161\u0137\u012bd. un pept\u012bdiem, 30 ml."},"content":{"rendered":"<p>Multipept\u012bdu sejas serums \u012bpa\u0161i iedarbojas uz smalk\u0101m grumbi\u0146\u0101m un krok\u0101m. Tas pal\u0113nina jaunu grumbu par\u0101d\u012b\u0161anos un pal\u012bdz kori\u0123\u0113t noveco\u0161an\u0101s paz\u012bmes viet\u0101s, kas visvair\u0101k pak\u013cautas m\u012bmisk\u0101m kust\u012bb\u0101m. Mitrina \u0101du un izl\u012bdzina t\u0101s toni.<\/p>\n<p>Lieto\u0161ana: Uzkl\u0101jiet da\u017eus pilienus seruma uz t\u012bras sejas \u0101das no r\u012bta un vakar\u0101, viegli iemas\u0113jot. Var lietot \u0101dai ap ac\u012bm.<\/p>\n","protected":false},"excerpt":{"rendered":"<p>Multipept\u012bdu sejas serums \u012bpa\u0161i iedarbojas uz smalk\u0101m grumbi\u0146\u0101m un krok\u0101m. Tas pal\u0113nina jaunu grumbu par\u0101d\u012b\u0161anos un pal\u012bdz kori\u0123\u0113t noveco\u0161an\u0101s paz\u012bmes viet\u0101s, kas visvair\u0101k pak\u013cautas m\u012bmisk\u0101m kust\u012bb\u0101m. Mitrina \u0101du un izl\u012bdzina t\u0101s toni. Lieto\u0161ana: Uzkl\u0101jiet da\u017eus pilienus seruma uz t\u012bras sejas \u0101das no r\u012bta un vakar\u0101, viegli iemas\u0113jot. Var lietot \u0101dai ap ac\u012bm.<\/p>\n","protected":false},"featured_media":98912,"template":"","meta":[],"product_cat":[1325],"product_tag":[],"class_list":{"0":"post-63217","1":"product","2":"type-product","3":"status-publish","4":"has-post-thumbnail","6":"product_brand-rubella-bg","7":"product_cat-serumi","9":"first","10":"instock","11":"taxable","12":"shipping-taxable","13":"product-type-simple"},"_links":{"self":[{"href":"https:\/\/e.kosmolat.eu\/lv\/wp-json\/wp\/v2\/product\/63217","targetHints":{"allow":["GET"]}}],"collection":[{"href":"https:\/\/e.kosmolat.eu\/lv\/wp-json\/wp\/v2\/product"}],"about":[{"href":"https:\/\/e.kosmolat.eu\/lv\/wp-json\/wp\/v2\/types\/product"}],"wp:featuredmedia":[{"embeddable":true,"href":"https:\/\/e.kosmolat.eu\/lv\/wp-json\/wp\/v2\/media\/98912"}],"wp:attachment":[{"href":"https:\/\/e.kosmolat.eu\/lv\/wp-json\/wp\/v2\/media?parent=63217"}],"wp:term":[{"taxonomy":"product_cat","embeddable":true,"href":"https:\/\/e.kosmolat.eu\/lv\/wp-json\/wp\/v2\/product_cat?post=63217"},{"taxonomy":"product_tag","embeddable":true,"href":"https:\/\/e.kosmolat.eu\/lv\/wp-json\/wp\/v2\/product_tag?post=63217"}],"curies":[{"name":"wp","href":"https:\/\/api.w.org\/{rel}","templated":true}]}}