{"id":63213,"date":"2025-03-04T13:34:57","date_gmt":"2025-03-04T13:34:57","guid":{"rendered":"https:\/\/e.kosmolat.eu\/?post_type=product&#038;p=63213"},"modified":"2026-04-21T11:38:34","modified_gmt":"2026-04-21T11:38:34","slug":"ip-renu-atjaun-matu-serums-ar-termoaizs-bojatiem-matiem-30-ml","status":"publish","type":"product","link":"https:\/\/e.kosmolat.eu\/lv\/product\/ip-renu-atjaun-matu-serums-ar-termoaizs-bojatiem-matiem-30-ml\/","title":{"rendered":"IP Renu Atjaun. matu serums ar termoaizs. boj\u0101tiem matiem, 30 ml"},"content":{"rendered":"<p>Formula intens\u012bvi baro matus un pal\u012bdz atjaunot boj\u0101t\u0101s vietas. Serums aizsarg\u0101 matus no termisk\u0101s iedarb\u012bbas, taisnojot tos ar taisnot\u0101ju vai \u017e\u0101v\u0113jot ar f\u0113nu. UV filtrs aizsarg\u0101 matus no kait\u012bg\u0101s saules staru ietekmes. Lai sasniegtu optim\u0101lus rezult\u0101tus, lietojiet kop\u0101 ar citiem InoPharm Renu s\u0113rijas produktiem.<\/p>\n<p>Piesardz\u012bbas pas\u0101kumi: Tikai \u0101r\u012bgai lieto\u0161anai. Izvair\u012bties no saskares ar ac\u012bm. Ja produkts nok\u013c\u016bst ac\u012bs, r\u016bp\u012bgi izskalot ar \u016bdeni.<\/p>\n<p>Lieto\u0161ana:<br \/>\nK\u0101 atjaunojo\u0161s serums: Vienm\u0113r\u012bgi uzkl\u0101t uz izmazg\u0101tiem un ar dvieli nosusin\u0101tiem matiem.<br \/>\nTermoaizsardz\u012bba: Uzkl\u0101jiet nelielu daudzumu pirms taisnot\u0101ja, f\u0113na lieto\u0161anas vai pirms tie\u0161\u0101s saules iedarb\u012bbas. NAV J\u0100NOSKALO.<\/p>\n","protected":false},"excerpt":{"rendered":"<p>Formula intens\u012bvi baro matus un pal\u012bdz atjaunot boj\u0101t\u0101s vietas. Serums aizsarg\u0101 matus no termisk\u0101s iedarb\u012bbas, taisnojot tos ar taisnot\u0101ju vai \u017e\u0101v\u0113jot ar f\u0113nu. UV filtrs aizsarg\u0101 matus no kait\u012bg\u0101s saules staru ietekmes. Lai sasniegtu optim\u0101lus rezult\u0101tus, lietojiet kop\u0101 ar citiem InoPharm Renu s\u0113rijas produktiem. Piesardz\u012bbas pas\u0101kumi: Tikai \u0101r\u012bgai lieto\u0161anai. Izvair\u012bties no saskares ar ac\u012bm. Ja [&#8230;]\n","protected":false},"featured_media":102319,"template":"","meta":[],"product_cat":[1999],"product_tag":[],"class_list":{"0":"post-63213","1":"product","2":"type-product","3":"status-publish","4":"has-post-thumbnail","6":"product_brand-rubella-bg","7":"product_cat-bez-kategorijas","9":"first","10":"outofstock","11":"taxable","12":"shipping-taxable","13":"product-type-simple"},"_links":{"self":[{"href":"https:\/\/e.kosmolat.eu\/lv\/wp-json\/wp\/v2\/product\/63213","targetHints":{"allow":["GET"]}}],"collection":[{"href":"https:\/\/e.kosmolat.eu\/lv\/wp-json\/wp\/v2\/product"}],"about":[{"href":"https:\/\/e.kosmolat.eu\/lv\/wp-json\/wp\/v2\/types\/product"}],"wp:featuredmedia":[{"embeddable":true,"href":"https:\/\/e.kosmolat.eu\/lv\/wp-json\/wp\/v2\/media\/102319"}],"wp:attachment":[{"href":"https:\/\/e.kosmolat.eu\/lv\/wp-json\/wp\/v2\/media?parent=63213"}],"wp:term":[{"taxonomy":"product_cat","embeddable":true,"href":"https:\/\/e.kosmolat.eu\/lv\/wp-json\/wp\/v2\/product_cat?post=63213"},{"taxonomy":"product_tag","embeddable":true,"href":"https:\/\/e.kosmolat.eu\/lv\/wp-json\/wp\/v2\/product_tag?post=63213"}],"curies":[{"name":"wp","href":"https:\/\/api.w.org\/{rel}","templated":true}]}}