{"id":62938,"date":"2025-02-27T14:06:39","date_gmt":"2025-02-27T14:06:39","guid":{"rendered":"https:\/\/e.kosmolat.eu\/product\/bek-dark-blue-parfimerijas-sprejs-viriesiem-24-st-200-ml\/"},"modified":"2026-04-18T06:29:07","modified_gmt":"2026-04-18T06:29:07","slug":"bek-dark-blue-parfimerijas-sprejs-viriesiem-24-st-200-ml","status":"publish","type":"product","link":"https:\/\/e.kosmolat.eu\/lv\/product\/bek-dark-blue-parfimerijas-sprejs-viriesiem-24-st-200-ml\/","title":{"rendered":"BEK Dark Blue Parfim\u0113rijas sprejs v\u012brie\u0161iem 24 st., 200 ml"},"content":{"rendered":"<p>Izsmalcin\u0101ts un atsvaidzino&scaron;s arom\u0101ts liks jums justies \u012bpa&scaron;i.<\/p>\n<p><strong>Lieto&scaron;ana:<\/strong> &nbsp;Izsmidzin\u0101t uz \u0137erme\u0146a \u0101das no 15 cm att\u0101luma.&nbsp;<\/p>\n<p><strong>Piesardz\u012bbas pas\u0101kumi: <\/strong>Tikai \u0101r\u012bgai lieto&scaron;anai. Nesmidzin\u0101t uz jut\u012bgas \u0101das un izvair\u012bties no saskares ar ac\u012bm. Ja nok\u013c\u016bst ac\u012bs, izskalot ar lielu daudzumu \u016bdens. Neieelpot aerosolu.<\/p>\n<p>&nbsp;<\/p>\n<p><img decoding=\"async\" alt=\"\" src=\"data:image\/png;base64,iVBORw0KGgoAAAANSUhEUgAAAD4AAAA+CAYAAAEExpjSAAAAAXNSR0IArs4c6QAAAARnQU1BAACxjwv8YQUAAAAJcEhZcwAAFxEAABcRAcom8z8AAA4LSURBVFhHvVl5bFRVFx+UGlwQ0rgESAFFEc0nfILaskYRKf5NIBhDNCLRhM0QYrQRxA2iBGj4ZKmllG6UEhIWGw2BkKqJJQokRtFAAolgjEBhBqW8KbS93\/n93r133rx5M\/NmaPklL2+775579nPPiyg\/Ojv1hYukAdGJo92L69fds8AOiE4cw3NNTQ3P6sYNnjjAvDx27JiKRCKJQR0dMsAzXZ8+fXgeOXIkz7HpEzQJzyCD6LRinhOLvJEYFJtWoq98XGBh0dIJ+sZF8oAAJA8QIUUnaFloJAZ4JBid8KS+MgO63JeQAQ7ASDUSnTKWF++884565plnVEVFBe8Bp6bSncGMrqqqUhs2bOC1U1vFs12DVZQgXl+tr7yLFEQnjVGO5yWQNMAPzBqd\/JTVbBACJwAlw7kB5edRl0HyEmE2Hnl2yjXEtnr1av1Ej+mI6zs9gf\/DDtiZlvnFixd5vuOOO\/RbFxQa7REQc\/NKEbjtttvUV199xevy8nJVUFDAayD2QrFy6rbxOlkGwqOZaN26dTzWrl3Lc3V1tdhwiajI\/dAgUIhcEQSpERPjNxT9CJ7AQNTn7ND+lwYZJ3CqNumrYKT9GMuNvjje+m0QAj\/mh9qfnQYRmkg7CCkfOzVb7YdXr17lOd5UFzhB0sdOdQWXavD888\/rK5lgZ+oE9mOneotQTHwIS3vooYcY+f79918+80\/Aj0lRop3Bu+++a022uLhYHTp0SL\/RLEx1J4g42ysYJg1uiH5bWlr44ejRo+0kXpgVRCAcp84NHwYYXFRUpI4fP64GDBjA+40bN+q3SnV3SgAVB+OUNHyP\/d59993qyJEjvI7FYqqwsJDXQDfips4Edj0xEZZTn1jBTz\/9pNra2lR9fb1+kqBokMRM7MUJEgG30jWNh5mDkdrnxsmSEEB4Tm2lvtPweZtByscAJojLCggGjtQPgcCPAbIgavQv1Yu0HwOYIBMyfpwJ9DyRA7TU7YmyuSBn4oiHhig06DTg\/r+0tVwXEZq4s71SE5VwEVBsxBtr+B5u0x0Pt4isxJHWwRljlCdfAa+\/\/rq+SoB+i0VgfBZJpCXucirihNF4UnB3d7dqbm7m9dSpU5nvAMdxeDbgIsTEGcLSSCKFOOMiiYoh+fL+33\/\/zTMCzTfffGMjVllZmXruuedUa2sr33vhLmI006CsUD91YYkzpmqifvEaIJODGLjFeejQoWrQoEF2EZWVUnnJOQhGErAZYxORa5vKEzoVkabDww8\/zFjdr18\/lr0g0tTUxHdmMThWrVqlzp07x+dBcBplEVKWxV4o0ZxLEYOQBEPxx3aD06dPWwI4gPb2dp6BOXPm2He\/\/fabfuqBqBBSBfcIvkCyjK5LyBYJQBLe\/GDw559\/MrkgQ\/mxcOFCEv7111\/1Ew3UUiAawFiwgrBKvYi454OdO3eqlStXqg8++EB9\/PHHvP7www\/VJ598oj766CNeb968mWNhrC4j4DRYmsHEDUTHcDV3Ap0lsgF5S6Ifxeur0f3ITFwDXPj1lQKJemZMPE1l6Uco4gbdkAS4giQk8hEkKuINwakfORE36O7qctUhuy0EkGylcDrkRZyQmOBUJsqpfJAf5xA1xS8uacSfB3InjvINhCVK0X+hayl38kFuBmcsGhyjwoPuERkny70kpFwRnrixdFq1x5VkF4win89zXEAo4shCluOAsEt3mz7Rfb8t\/AKyEzcRS\/b1fsJm30OICqJYACUQzgYyE5cyKCqpj0HFR\/i6cPvee+\/pOw0xRjc7igRCGGF64qJjJgYEEdmU+oE+gymhkkAJGBvIvIBg4qJjm5GkNPbi6NGj8jquLly4wBS6bZv7HrWdhaiKNpBlAanEr3dojiVBBIRNpNWZM2eqU6dOkfiQIUP4\/JVXXuHZAhIoneRKbpubZv1IJg6rlkKPK\/aJGjrukgkXLFjAggK53FQueN6\/f3890gNIoFRLoCp1AQni4FjKXHLcWKsfJuORRx5Rb731liWK4\/bbb1ePPfYYF4Qa76+\/\/tKjNSgBWQC8xScBEsc2h5ULVrhjO18EAcTuv\/9+S3jevHn2esqUKeqJJ55QDQ0NerQHRgK+OBBxOdY6li1PEEw1+sADD1hiOFDTjR07NunZvn37ODYFIgFrhHoBEWzwkJedhvQcHz58WK1fv54tZEPE6Liurs4+M51k2Ec6mGR07Yu1KuLUfMkbiAUNh3QwBHBs2rRJ3XfffXy+e\/du9fbbb6t7772XHZ8777yTz4OAhgezoagYIZk6RwsBPs1tb5pVP\/7445b4ihUraFwAfB4w74YPH857P5w6lwYJS00IWGtHTU0JiP7Rq\/Fj\/\/79nPzll19WW7ZsUdeuXdNvFHvRn3\/+Od\/v2rVLP03Azg3m9KKBJD\/nIKxO9OLdmRosXbqUBE6cOKGfuEBrD8+nTZumnySAnADCRtReJBEHUOC7g2WTH2ADMCZwjjCLkArCixYtUj\/\/\/LMekQB1zB1qsDpTiANcgNaP2SZDt++\/\/75avnw5dys4sHPBLuXTTz+lHeDdpUuX3PGUoux6PTr2I5A4wN4LJIA2h3wMjj\/77DN209C3Nr1r77FmzRp1VTad2FhQx77Ggh9piQPYBLgqSO8FfpAwPIeE07sukJE4gB8mrhumGowfKCqpY8nnmTg2yEocwN7LFWN6CRhDxRh\/OyUdQhEH2GLH5Oit+BZggxRdNLOovQhNHDA+i42hWYDbKjMchycM5EQcsEYoemVekDxNHYc0SC9yJg4g58OwkA3JsaTLfJAXcQDb4jDulAl5E88boh7YDiSG+OFs\/zIvld0sbh3jkqPIsMQq2iuaGjgQ\/iWCc4MjFd2tQu8zTg1L7IOGwTByJZxUch6jhq7q+RwWgD5Hnv8tckGvMd4t2kN6Y8tKM4awCGaTTFv81JF6nVtbjMMBC6jeIpuJ3rOAnmccGpa0SkYk7DK9SkHKn+SZgpEUrHGJmvR9RE5xAWxkuLnoBQvoMcaRzBCooi88azUHJqjhXKKvCABpI1bauxZw04yjXmHhJP5JLSG5SgDjzj7Dxmvv3r38yZsWnV3K2VkrsQEC8FhAdUWPCCB\/xlEbSyCiaSIwQTMIWqLhbMXb5cuXuZEfP368On\/+vH6aBmItcQiAvRWhgVghNdzNZoHcGdcaZlqCFqANmLRoONPW2ou2tjY1ffp07usmT56c2kIJAmJAY60bLBE7KACxAAggDwsIz7gEGPhZbGqxZtjVcBwMZ9Hwjh072MJpbGzkvb+Lgo5ah178wYMH1ffff8\/rQEAA+Cmpu2tYC+sA9JpzCILZGUdaAsNoFdGkhRiiNFpG4odhgL9tYHDMmDE085aWFnXXXXdZxtFE27jR\/VGyePFiNWzYMLYWM0JoQwBuGpQ1IbZAAOjyhbCA9IxTwxWMqNQw8\/B4zXDwr2UD7KHRG0EjDl2DV1991TI5adIk9eijj9p7c0A4X3\/9tbrnnnsoFPwXB5IauUFADGgSAcwwMQBBUAvA95\/ci1TGZdFx8ZuED4NhMWkwnMNuBM0BMAQzfu211+yvbnP07ds36Xe390AD+ZdffmHkHzVqlGptbdWzZoCsDTHAzQJP0goQBOOsA1ItIME4orQwbDUMhuHD6HR7K62QqK6uJnNBjOGAOf\/4449s4XifQ0BDhw5NauuiuxYasIBdDVIHJLKALYR0mxCI0KQtwzJo8lM0Gza6c9AwTBKmjVYQOu7\/\/POPmjFjRhJT3uPNN9+0Zrxs2bLAMTjQ6zxz5gzHYd7Q6JIg2FSvYi9NcZusyARwAQrAURHnyy\/cFAEtY7ekq62gnmc2XLlyRZWUlNBPZ82apd544w12\/cEAnqEBj+uioiL1+++\/66+Uam5utmb\/9NNPs1uM6+LiYvp9eXm5qq2tze7vPnQL89wIodbw7gQr\/qdNHVtGFCNmywgzR47EH\/+QudkAfllQUMCFe48HH3yQpo226JIlS9QPP\/ygv1Dq22+\/VZs3u788qqqqUr7HfVADOS1QPsvuz\/JDcxeGZdNk+EkKbvi1gi4WU4TxcwhAtpVhG0vofM+dO9cuGn4+btw4+jT+ihw4cECPTMXWrVvVwIEDObawsNDOga66aednAkpZMsxqUtYPDcOChSf88PYiOJ1BYugfQmLcYbmpDE2vbKkMaG9vV\/Pnz7cLHzx4sPruu+\/4rlO+D\/JVPIcpO5KCZs+encQ0mugZId9ibWQYGsaaoTDhAbwEIZhxA24xtcl4LUCkGqaZiny+Z88e\/tfE3x\/U53AF\/PH1++vJkyc5DsyOGDFClZWVqbNnz+q3weAGyWvSVJBmOEsmysy4ASSKRi4JuFUSJSouEMYCvIC2UZ56tQ4hQKvQehBSgho1rC2SDGM9YpGMSeHWE45xA1iASJhR0mcBXgkjlZWWllpzvZkD\/n72jz\/ciTV9q2GsAS7oox8GuTFuIFLF5gSbFEqbEoeJSdQMGQRzAnwfaclqWA69QcrV4gzyY9xApIw\/PW4WgAbkoAAq5V3+e2UL9u3Q5BCG9fysJhFkc9SwHzfHuAGqJNGIjarGAmCC+VgAsgpcihqGRblZhX07odUT6BnGNZAr8avNVoLIowg6sIAQW0XuF1BHmDYWNIwNkmjYn4dvFj3KuAWiLgQABrTGXBdIEwOgYZs1YDGuSbNRmacPZ0PvMK6B3nq8YbswYX4aeCwA6UyOYA2jb9cLQdKDXmXcAhYgEZguAAvAbmnqszpoCcPj\/0MfdjuzvaNhP24N4xpoRrJn7o0Bco1nYRuVPYVbyrgXMHG0tmTvqJ\/cSij1fz8Grtdd8Jr3AAAAAElFTkSuQmCC\" \/><strong>GHS02 B\u012bstami<\/strong><\/p>\n<p><strong>H222<\/strong> \u012apa&scaron;i viegli uzliesmojo&scaron;s aerosols.<\/p>\n<p><strong>H229 <\/strong>Tvertne zem spiediena: karstum\u0101 var eksplod\u0113t.<\/p>\n<p><img decoding=\"async\" alt=\"\" src=\"data:image\/png;base64,iVBORw0KGgoAAAANSUhEUgAAAEMAAABDCAYAAAGwzYjlAAAAAXNSR0IArs4c6QAAAARnQU1BAACxjwv8YQUAAAAJcEhZcwAAFxEAABcRAcom8z8AAA4ASURBVGhDxZtfjFTVHcd3YWdmURaWBQvarQjLLrIKxdqaaBW1iY3sCoL0Ufti4r\/64p9oW40J2icTE8XY+ACJf5a\/W+uTGG204QGsiOj2RRMTeFDaxNgoSGJcds\/p7\/M758yfO\/fO3Htndvkmw8zcvXPu73x\/\/885dNgoPviX\/1BB7U3HPnLvpYXu3aNyU7jBwxQX+E\/hpmPH9K0O3b361mGPHNEPoKOjwxa7u21XV5e\/IpAb3UgRGcooLNK3ikxVMgAz1z0K1M6u24\/YVbkB1N4kMOHGKtTdFEXtDSURcs9+\/8WhckOh6vlVN7kbCvXPNvvcTR128c\/0w9DQkBLX0dmp3xUH3vAjjO3RtyjMp59WZDC79\/pPDmZiQt9rZmH2HnAf5JcBNTcoJip\/BPU3VMFgHn0yiVKtCqKIHcR8LD8uRugZk3kU5vsvtaidCz\/uSjApD8NgxR7\/zUEHMR+J2RfjRX71lVdsT0+PGvPSZcvsZcuX63WzZ1\/Zhp0k82SAvU6TU1NTdm6hoD\/6\/V132W+\/\/Vavx6LYJxr4JMJJoUeeUKvDWGBrDdUHxINMxFoV8mOsJor4QQKY84G\/y4\/FBY4f9xfr0XgQgfnwQ\/8pGY0HIeaIsZlPkqUAyYPIAMZrzBYXWZN5OmKZ5QEChJckieoGMWKN5sC4\/xYBqj3+sf9SQe0gmLMPH4lAzZ\/UDlQZhFh44G\/+SxOg8qqB3CBiD2afDyRV+Prrr+3IyIjzm6VL9d0Y4\/4I2R+7gTrwGzMuBuXx7LPPasbolFdx3jxbIBDKj++6805\/RxVQ\/9GjMgijlcSRPBZ4j12yZIkdP1AvXYCGBJ8OdDpGPDGkoDQwr45VEo+gQizGJPNsitd2Oy1WoUbFTqLKE+qABJEcCWoGAWrecVFut0SyaNz1qBtEgXlXJ7kxGcAXAHGIH0SgNiDhT+0nqR7wSBxEIRIZ4m8TNB6kGUhu3RJKUXeTmNMMuQQxVGfQJNWHGX\/D2v3it1QiuGCD2NUI2QRRBoRmSbQmJmiYPaJHDAOGMgqUShCtL3AWHrI\/IW5WQbMeJk8GTClQQ0EMAbkgg3WJwzWLuzHQuowyBYFw7AaIF0QZkIKIELo\/ObClhauJxIak4LDH4wWqEUR9FiOUkFQuIDNgQgqOHTt22HOTk\/r9v6dO2bfffls\/KyhvCcAYdcTLnCB4AQaGF8QknoDvv\/\/eHnzrLXv\/vfeWExCvOeQVySnkFt7nzJlj333nHXv69Gn\/ywjUhiS1zBOhvA11kHRC\/aFuGAGD8bCCf0j5Yb4onDt3rh0YGLAPP\/SQfe+99+ykZ6MZlPG+fi02zUfHKqopqwW7oDStwj\/efdfedNNN9uWXX7anvvrKX82J17x6NAg2KjwpFGCIeiiHpySCbIX702JM1BtsvNcItATysUOtPi9el4StAshYMdVzQKIgZUgsoQDUweLK8yS8jgpwgOYxBDQXxMMVCBJb0G8DhrTmQWiEb8BAFKkFCVCBvFFrkeFhiBFcEyNMw0AUmQUJ0IAU3H6RvPCCT11rnQe5BQkwHx6VArh20SYPWhZk+qmn\/Kf8aEkIs3FUyv5l1oxu8lfyIb9tjG62tven8pLwzPum2\/1fsiOXEDrzhRdbO\/xzyX5nrF0t7zBy2xZ\/RzZkFkJV0HuJtWuuki++1Zuedt8XXiKCZFdNJiFUANzycpl5HUSgwbXy934RRFSVAamE0PluvE0ZMEPyoKkpvV6HqXPWrpS\/YyPCiOepKdIJMSICoPM164X6BAECEPByua9H7t+UjpGmQphbR3RmhoGN6D4NxEbMkKhsofxupLmNNBTCoAJ03EgFSTgnqll1pZsA7twAiUI4FYgXIAAD5sG5SWsQRL0mWZBYIVQAiQMGLziXkYEopC41q2QiC2S8BEHqhFAVYN3YQFYVJAEmB2VCqGZTvY2UhcCdnA2IAEPrMqvgrLQN4+PjWjQH\/PP99+0p6VMUMDKIjYiNiY1Uu29FiGADw79IJQDrxceks3vk4YftqlWrbMG3CbzWr19vS6WSft61a5f\/hUBsRBlGNVW5RoUwIz4UYwMEnBiwGnfyxAn73HPP2V9efbWdJz2KPlQaokKx6PoWehZpmFjJ++rLL\/0vI2CCq4VpAp8XpEMZoFG55sZYG\/hSBqMn6e3tLc+0KzyUZklefOd6Z2enXbRokQrbEDznmg36XIy1w9wm0qgQN8QKce899+geS3WH1gXVco0Hz7\/wQvubm2+2O3futP8R\/ZfXLxuB51x1nXvu7Vu8OnAd1AFNEUFohnWW0hLyXpJZr1u71v7lmWfsZ599JlG8XvCGQB24LOrY7FJ\/xTDRjxiMGk6k59y2bZu9\/7777OHDh+3kjz\/6qznAuGRaniMMBNS6qDIiekLSlM1vajDeymE3vmcgoCxEgAYTSTwaXDLGikQggM8jNiIAqBMCKCP48qDYSKuMKANX1MWGasQKAZwgYjzMgCCTB5NiP6hAElgcAwGJQgBXUYsbqSAZVUMGXSEMkC82xzMQ0FAIYEbJqL6sm05ZsInbmgFsQBhI0Qo0FQJomSblWqrMKqlfbUnKQVSQRux0QvAPpTzWTSGbkF9QmVEbiPeCJKQSIkCNVco9DTjROaKqAbmuJX9zFVQjkxBAmxus\/XJpdmh6ACpCMGwnhQ1EkVkIYEblQeh8tdiIFDNWbUBCcQYVVCOXEArcDhvRl6hoy1b\/h+zIL4RAG2NtcvIxENCSEGB6+zP+U360LERLkBpVK7v5vc6jMm7ytBvnhQw2oTQjsDLJQuDSy9w7q5ESjvJuxbWKWSWDIzNmVJoMVkMJe\/P6XJn96J\/de\/diF\/jl70qK3+6fLcwKGXpuCHfAEiCBrUbpuHRbKuQAFjfY9WOBgzVrVui4fxZJmVkysARIYC2cpptJDl\/ldqiTVoC4zrYZdQz3kyLYWp8F95kRMtCkklBa4CbD9sjQOnc6KFhCM3Df2F63usAWDOOwx8MqQ4vnDZLQVjJ0d57AyIE9Kg4OlawRd4CEpCKxGaj72YuiioEUKhv2nST7tNtS2kIGhzR0ERQhiQlsN0IC7pC2d2gGLAX3YYUfS+M5pR4tdNpFSktkcExCSeBUAV24usNaCYzj6d0hK8TCzO59rm3lecQijlGq+2TfJKxGLjI4kqqlJ4ezWNrGEoZEOHWHjIs6eYH7kH3oRIOlQIp0I3ktJRMZGhNYjsUd6Fw5OoQ7kCLbtdySFawNjImlaEwRUohVxCwsJSMp6cggJmwUdyA7UBRhCcPrXUw4XyREwZIRlqkxhTqFesZnn5hjqHFoSIa6w61SMXJwg006DoaslhTJOa5WtylmCuo++9x6KsWdyG2keKPZz3XsWI\/wERNCxcjxPSpGjuxMzowlsG5\/8OBB+\/zzz9sHH3zQXn\/99ba\/v9\/2Llxo161bZ\/\/60kv26NGjuuuxfft2u23rVrtyxQq7fPly++KLLwoHEbmwFE5gsLvCwShvKaxyJVW0NWRo78A+X+gdYBZ34CR0C+7A8vyZ06ftvycm7JtvvmmflsmMjozY4eFhu+Sii2p2VfTV2amn9Aulki3KK5zY58WJseuuvdY+8MADdmxsTHdnvvvuO\/+kGCA3MY3lH0hh94dDWpu21JHiyKCLZL+amECqomFaIyRkyA4\/\/PCDPXHihP3gyBG7a+dO+wcR9re33GIvvfRSe8EFF+gx6rrJFotuwn53J2y28OK6kuD3P5YtW2b37hFN5wVroBRvLEV1L5F59gsptV1yx\/STT8rFC10UXrrClb2Py7WUloB5vvDCC3bx4sWVycqL\/RQ2czg\/XjNZ\/5nr\/D0cyQsvSGMrDBf43R132CefeMLuERJOnjyZbgOoGURe8+gfneX\/ROZLVpT5T29\/2lkGzOiyJgeaYQzLoJfA55pYxtmzZ9XHAwFhwmgWzc9lS23OnPJkOYfIZC8WTW\/YsMHefffddoeQeejQIfvFF1\/YM2fO+JHbDEjg5PugBNaSzE8tQ9xl81Yb\/ktKbcygwWL9DlI0ZoiPca6kSR3x+eef25GNG3UPUbUrE+7r67ODg4P2Rpnw4489poHvuIz\/v2++EX5nMROxuVIOpD7lBhIidUh8NiGwQIpWmJ4UihoOaSZsIWHC7GWymdrSLl+7IDLogUIW6pUEYqFkx9uFhISyPZaMAPKy5mdSLHUG2YX8TR5PGVNmHZL6zeu7rVl5hbQJQoLWGWQPSaniDo2iTkMyArQhYztNK1CxFB5Cpcd54lY3G9uFHynLWf\/wZblfKdMUmrKBS0VGgPoYpIT1ii5hXAMtlnKeSBFlEBjNwBUqj2YHGjZ28DIedc1ERoBmH\/aqaN3VUkQIuke6yNlyHyrh18asWbHGLR0gB5ZLTIj8f9S0yEVGAObnWnnWM3wDt+pKt7A7U6SEFLly2MeEfv3\/2GoJUuG2Uom0REaAWor2MlWWQkxhZapdizxTrJ6LO2KB\/L8ZzXJ+\/SLD0fNGaAsZARpT2BnDUlirRHMENMrgvJZCTCBF6sqWjBfWQHGHNpEQ0FYyAjQlc84GH8Z9uqT1ZzK4T5ZDovzPh4FhZ2nsKBfJDsSE1twhCTNCRoC6D2V+tyeF4of9kEbuw3XcQVMkrXdVsZTjP0JkwYySEaAVLaTo+ghbCM59dH0kkDItXSX\/CUcXZeTvWidIYCRrzTAJAbNCRoD2PmoppEI0Lg3Tr26w5pE\/WXv1r913rtMb0TvM0GZREmaVjAAXUyBFLCXswmu3TANFsdTewJgW54WMMjSmiBvMd5aQ5X9ntR\/W\/h+G0f0QMEqhZAAAAABJRU5ErkJggg==\" \/><strong>GHS04 Uzman\u012bbu<\/strong><\/p>\n<p><strong>H280 <\/strong>Satur g\u0101zi zem spiediena; karstum\u0101 var eksplod\u0113t.<\/p>\n<p>Dro&scaron;\u012bbas pras\u012bbu apz\u012bm\u0113jumi:<\/p>\n<p>P102 Sarg\u0101t no b\u0113rniem.<\/p>\n<p>P210 Sarg\u0101t no karstuma, karst\u0101m virsm\u0101m, dzirkstel\u0113m, atkl\u0101tas uguns un citiem aizdeg&scaron;an\u0101s avotiem. Nesm\u0113\u0137\u0113t.<\/p>\n<p>P211 Neizsmidzin\u0101t uz atkl\u0101tas uguns vai citiem aizdeg&scaron;an\u0101s avotiem.<\/p>\n<p>P251 Nedurt vai nededzin\u0101t, ar\u012b p\u0113c izlieto&scaron;anas.<\/p>\n<p>P410+P412 Aizsarg\u0101t no saules gaismas. Nepak\u013caut temperat\u016brai, kas p\u0101rsniedz 50 &deg;C \/ 122 &deg;F.<\/p>\n<p>P410+P403 Aizsarg\u0101t no saules gaismas. Glab\u0101t labi v\u0113din\u0101m\u0101s telp\u0101s.<\/p>\n","protected":false},"excerpt":{"rendered":"<p>Izsmalcin\u0101ts un atsvaidzino&scaron;s arom\u0101ts liks jums justies \u012bpa&scaron;i. Lieto&scaron;ana: &nbsp;Izsmidzin\u0101t uz \u0137erme\u0146a \u0101das no 15 cm att\u0101luma.&nbsp; Piesardz\u012bbas pas\u0101kumi: Tikai \u0101r\u012bgai lieto&scaron;anai. Nesmidzin\u0101t uz jut\u012bgas \u0101das un izvair\u012bties no saskares ar ac\u012bm. Ja nok\u013c\u016bst ac\u012bs, izskalot ar lielu daudzumu \u016bdens. Neieelpot aerosolu. &nbsp; GHS02 B\u012bstami H222 \u012apa&scaron;i viegli uzliesmojo&scaron;s aerosols. H229 Tvertne zem spiediena: karstum\u0101 [&#8230;]\n","protected":false},"featured_media":107589,"template":"","meta":[],"product_cat":[1438],"product_tag":[],"class_list":{"0":"post-62938","1":"product","2":"type-product","3":"status-publish","4":"has-post-thumbnail","6":"product_brand-sora_tr","7":"product_cat-kvepalai-ir-tualetinis-vanduo-vyrams","9":"first","10":"instock","11":"taxable","12":"shipping-taxable","13":"product-type-simple"},"_links":{"self":[{"href":"https:\/\/e.kosmolat.eu\/lv\/wp-json\/wp\/v2\/product\/62938","targetHints":{"allow":["GET"]}}],"collection":[{"href":"https:\/\/e.kosmolat.eu\/lv\/wp-json\/wp\/v2\/product"}],"about":[{"href":"https:\/\/e.kosmolat.eu\/lv\/wp-json\/wp\/v2\/types\/product"}],"wp:featuredmedia":[{"embeddable":true,"href":"https:\/\/e.kosmolat.eu\/lv\/wp-json\/wp\/v2\/media\/107589"}],"wp:attachment":[{"href":"https:\/\/e.kosmolat.eu\/lv\/wp-json\/wp\/v2\/media?parent=62938"}],"wp:term":[{"taxonomy":"product_cat","embeddable":true,"href":"https:\/\/e.kosmolat.eu\/lv\/wp-json\/wp\/v2\/product_cat?post=62938"},{"taxonomy":"product_tag","embeddable":true,"href":"https:\/\/e.kosmolat.eu\/lv\/wp-json\/wp\/v2\/product_tag?post=62938"}],"curies":[{"name":"wp","href":"https:\/\/api.w.org\/{rel}","templated":true}]}}