{"id":62902,"date":"2025-02-26T13:36:34","date_gmt":"2025-02-26T13:36:34","guid":{"rendered":"https:\/\/e.kosmolat.eu\/product\/garden-dispenser-air-freshener-summer-breeze-260ml-iml\/"},"modified":"2026-04-23T13:13:22","modified_gmt":"2026-04-23T13:13:22","slug":"garden-collect-gaisa-atsvaidz-summer-breeze-260-ml","status":"publish","type":"product","link":"https:\/\/e.kosmolat.eu\/lv\/product\/garden-collect-gaisa-atsvaidz-summer-breeze-260-ml\/","title":{"rendered":"GARDEN COLLECT. Gaisa atsvaidz. Summer Breeze, 260 ml"},"content":{"rendered":"<p>GARDEN &ndash; gaisa atsvaidzin\u0101t\u0101js, no kura j\u016bs nesp\u0113siet atteikties, pateicoties pla&scaron;ajam arom\u0101tu kl\u0101stam un ilgsto&scaron;ai iedarb\u012bbai. Tas main\u012bs atmosf\u0113ru j\u016bsu m\u0101j\u0101s, biroj\u0101 vai automa&scaron;\u012bn\u0101. Gaisa atsvaidzin\u0101t\u0101js piem\u0113rots lieto&scaron;anai gan manu\u0101li, gan autom\u0101tiskaj\u0101 izsmidzin\u0101t\u0101j\u0101.<\/p>\n<p><strong>Lieto&scaron;ana:<\/strong> k\u0101rt\u012bgi sakratiet aerosola baloni\u0146u pirms lieto&scaron;anas. Izsmidziniet 5&ndash;10 sekundes, turot plecu augstum\u0101.<\/p>\n<p><strong>Piesardz\u012bbas pas\u0101kumi:<\/strong> tikai \u0101r\u012bgai lieto&scaron;anai. Izvair\u012bties no saskares ar ac\u012bm. Ja nok\u013c\u016bst ac\u012bs, nekav\u0113joties izskalot t\u0101s ar lielu daudzumu \u016bdens un v\u0113rsties pie \u0101rsta. Nieelpot aerosolu.<\/p>\n<p><strong>Sast\u0101v\u0101:<\/strong> 15 % un vair\u0101k, bet maz\u0101k nek\u0101 30 % alif\u0101tisko og\u013c\u016bde\u0146ra\u017eu ( prop\u0101ns, but\u0101ns, isobut\u0101ns). Smar\u017eas un arom\u0101tisk\u0101s kompoz\u012bcijas\/ Benzyl Alcohol, Benzyl Benzoate, Benzyl Salicylate, Coumarin, Limonene.<\/p>\n<p>&nbsp;<\/p>\n<p><img decoding=\"async\" alt=\"\" src=\"data:image\/png;base64,iVBORw0KGgoAAAANSUhEUgAAAD4AAAA+CAYAAAEExpjSAAAAAXNSR0IArs4c6QAAAARnQU1BAACxjwv8YQUAAAAJcEhZcwAAFxEAABcRAcom8z8AAA4LSURBVFhHvVl5bFRVFx+UGlwQ0rgESAFFEc0nfILaskYRKf5NIBhDNCLRhM0QYrQRxA2iBGj4ZKmllG6UEhIWGw2BkKqJJQokRtFAAolgjEBhBqW8KbS93\/n93r133rx5M\/NmaPklL2+775579nPPiyg\/Ojv1hYukAdGJo92L69fds8AOiE4cw3NNTQ3P6sYNnjjAvDx27JiKRCKJQR0dMsAzXZ8+fXgeOXIkz7HpEzQJzyCD6LRinhOLvJEYFJtWoq98XGBh0dIJ+sZF8oAAJA8QIUUnaFloJAZ4JBid8KS+MgO63JeQAQ7ASDUSnTKWF++884565plnVEVFBe8Bp6bSncGMrqqqUhs2bOC1U1vFs12DVZQgXl+tr7yLFEQnjVGO5yWQNMAPzBqd\/JTVbBACJwAlw7kB5edRl0HyEmE2Hnl2yjXEtnr1av1Ej+mI6zs9gf\/DDtiZlvnFixd5vuOOO\/RbFxQa7REQc\/NKEbjtttvUV199xevy8nJVUFDAayD2QrFy6rbxOlkGwqOZaN26dTzWrl3Lc3V1tdhwiajI\/dAgUIhcEQSpERPjNxT9CJ7AQNTn7ND+lwYZJ3CqNumrYKT9GMuNvjje+m0QAj\/mh9qfnQYRmkg7CCkfOzVb7YdXr17lOd5UFzhB0sdOdQWXavD888\/rK5lgZ+oE9mOneotQTHwIS3vooYcY+f79918+80\/Aj0lRop3Bu+++a022uLhYHTp0SL\/RLEx1J4g42ysYJg1uiH5bWlr44ejRo+0kXpgVRCAcp84NHwYYXFRUpI4fP64GDBjA+40bN+q3SnV3SgAVB+OUNHyP\/d59993qyJEjvI7FYqqwsJDXQDfips4Edj0xEZZTn1jBTz\/9pNra2lR9fb1+kqBokMRM7MUJEgG30jWNh5mDkdrnxsmSEEB4Tm2lvtPweZtByscAJojLCggGjtQPgcCPAbIgavQv1Yu0HwOYIBMyfpwJ9DyRA7TU7YmyuSBn4oiHhig06DTg\/r+0tVwXEZq4s71SE5VwEVBsxBtr+B5u0x0Pt4isxJHWwRljlCdfAa+\/\/rq+SoB+i0VgfBZJpCXucirihNF4UnB3d7dqbm7m9dSpU5nvAMdxeDbgIsTEGcLSSCKFOOMiiYoh+fL+33\/\/zTMCzTfffGMjVllZmXruuedUa2sr33vhLmI006CsUD91YYkzpmqifvEaIJODGLjFeejQoWrQoEF2EZWVUnnJOQhGErAZYxORa5vKEzoVkabDww8\/zFjdr18\/lr0g0tTUxHdmMThWrVqlzp07x+dBcBplEVKWxV4o0ZxLEYOQBEPxx3aD06dPWwI4gPb2dp6BOXPm2He\/\/fabfuqBqBBSBfcIvkCyjK5LyBYJQBLe\/GDw559\/MrkgQ\/mxcOFCEv7111\/1Ew3UUiAawFiwgrBKvYi454OdO3eqlStXqg8++EB9\/PHHvP7www\/VJ598oj766CNeb968mWNhrC4j4DRYmsHEDUTHcDV3Ap0lsgF5S6Ifxeur0f3ITFwDXPj1lQKJemZMPE1l6Uco4gbdkAS4giQk8hEkKuINwakfORE36O7qctUhuy0EkGylcDrkRZyQmOBUJsqpfJAf5xA1xS8uacSfB3InjvINhCVK0X+hayl38kFuBmcsGhyjwoPuERkny70kpFwRnrixdFq1x5VkF4win89zXEAo4shCluOAsEt3mz7Rfb8t\/AKyEzcRS\/b1fsJm30OICqJYACUQzgYyE5cyKCqpj0HFR\/i6cPvee+\/pOw0xRjc7igRCGGF64qJjJgYEEdmU+oE+gymhkkAJGBvIvIBg4qJjm5GkNPbi6NGj8jquLly4wBS6bZv7HrWdhaiKNpBlAanEr3dojiVBBIRNpNWZM2eqU6dOkfiQIUP4\/JVXXuHZAhIoneRKbpubZv1IJg6rlkKPK\/aJGjrukgkXLFjAggK53FQueN6\/f3890gNIoFRLoCp1AQni4FjKXHLcWKsfJuORRx5Rb731liWK4\/bbb1ePPfYYF4Qa76+\/\/tKjNSgBWQC8xScBEsc2h5ULVrhjO18EAcTuv\/9+S3jevHn2esqUKeqJJ55QDQ0NerQHRgK+OBBxOdY6li1PEEw1+sADD1hiOFDTjR07NunZvn37ODYFIgFrhHoBEWzwkJedhvQcHz58WK1fv54tZEPE6Liurs4+M51k2Ec6mGR07Yu1KuLUfMkbiAUNh3QwBHBs2rRJ3XfffXy+e\/du9fbbb6t7772XHZ8777yTz4OAhgezoagYIZk6RwsBPs1tb5pVP\/7445b4ihUraFwAfB4w74YPH857P5w6lwYJS00IWGtHTU0JiP7Rq\/Fj\/\/79nPzll19WW7ZsUdeuXdNvFHvRn3\/+Od\/v2rVLP03Azg3m9KKBJD\/nIKxO9OLdmRosXbqUBE6cOKGfuEBrD8+nTZumnySAnADCRtReJBEHUOC7g2WTH2ADMCZwjjCLkArCixYtUj\/\/\/LMekQB1zB1qsDpTiANcgNaP2SZDt++\/\/75avnw5dys4sHPBLuXTTz+lHeDdpUuX3PGUoux6PTr2I5A4wN4LJIA2h3wMjj\/77DN209C3Nr1r77FmzRp1VTad2FhQx77Ggh9piQPYBLgqSO8FfpAwPIeE07sukJE4gB8mrhumGowfKCqpY8nnmTg2yEocwN7LFWN6CRhDxRh\/OyUdQhEH2GLH5Oit+BZggxRdNLOovQhNHDA+i42hWYDbKjMchycM5EQcsEYoemVekDxNHYc0SC9yJg4g58OwkA3JsaTLfJAXcQDb4jDulAl5E88boh7YDiSG+OFs\/zIvld0sbh3jkqPIsMQq2iuaGjgQ\/iWCc4MjFd2tQu8zTg1L7IOGwTByJZxUch6jhq7q+RwWgD5Hnv8tckGvMd4t2kN6Y8tKM4awCGaTTFv81JF6nVtbjMMBC6jeIpuJ3rOAnmccGpa0SkYk7DK9SkHKn+SZgpEUrHGJmvR9RE5xAWxkuLnoBQvoMcaRzBCooi88azUHJqjhXKKvCABpI1bauxZw04yjXmHhJP5JLSG5SgDjzj7Dxmvv3r38yZsWnV3K2VkrsQEC8FhAdUWPCCB\/xlEbSyCiaSIwQTMIWqLhbMXb5cuXuZEfP368On\/+vH6aBmItcQiAvRWhgVghNdzNZoHcGdcaZlqCFqANmLRoONPW2ou2tjY1ffp07usmT56c2kIJAmJAY60bLBE7KACxAAggDwsIz7gEGPhZbGqxZtjVcBwMZ9Hwjh072MJpbGzkvb+Lgo5ah178wYMH1ffff8\/rQEAA+Cmpu2tYC+sA9JpzCILZGUdaAsNoFdGkhRiiNFpG4odhgL9tYHDMmDE085aWFnXXXXdZxtFE27jR\/VGyePFiNWzYMLYWM0JoQwBuGpQ1IbZAAOjyhbCA9IxTwxWMqNQw8\/B4zXDwr2UD7KHRG0EjDl2DV1991TI5adIk9eijj9p7c0A4X3\/9tbrnnnsoFPwXB5IauUFADGgSAcwwMQBBUAvA95\/ci1TGZdFx8ZuED4NhMWkwnMNuBM0BMAQzfu211+yvbnP07ds36Xe390AD+ZdffmHkHzVqlGptbdWzZoCsDTHAzQJP0goQBOOsA1ItIME4orQwbDUMhuHD6HR7K62QqK6uJnNBjOGAOf\/4449s4XifQ0BDhw5NauuiuxYasIBdDVIHJLKALYR0mxCI0KQtwzJo8lM0Gza6c9AwTBKmjVYQOu7\/\/POPmjFjRhJT3uPNN9+0Zrxs2bLAMTjQ6zxz5gzHYd7Q6JIg2FSvYi9NcZusyARwAQrAURHnyy\/cFAEtY7ekq62gnmc2XLlyRZWUlNBPZ82apd544w12\/cEAnqEBj+uioiL1+++\/66+Uam5utmb\/9NNPs1uM6+LiYvp9eXm5qq2tze7vPnQL89wIodbw7gQr\/qdNHVtGFCNmywgzR47EH\/+QudkAfllQUMCFe48HH3yQpo226JIlS9QPP\/ygv1Dq22+\/VZs3u788qqqqUr7HfVADOS1QPsvuz\/JDcxeGZdNk+EkKbvi1gi4WU4TxcwhAtpVhG0vofM+dO9cuGn4+btw4+jT+ihw4cECPTMXWrVvVwIEDObawsNDOga66aednAkpZMsxqUtYPDcOChSf88PYiOJ1BYugfQmLcYbmpDE2vbKkMaG9vV\/Pnz7cLHzx4sPruu+\/4rlO+D\/JVPIcpO5KCZs+encQ0mugZId9ibWQYGsaaoTDhAbwEIZhxA24xtcl4LUCkGqaZiny+Z88e\/tfE3x\/U53AF\/PH1++vJkyc5DsyOGDFClZWVqbNnz+q3weAGyWvSVJBmOEsmysy4ASSKRi4JuFUSJSouEMYCvIC2UZ56tQ4hQKvQehBSgho1rC2SDGM9YpGMSeHWE45xA1iASJhR0mcBXgkjlZWWllpzvZkD\/n72jz\/ciTV9q2GsAS7oox8GuTFuIFLF5gSbFEqbEoeJSdQMGQRzAnwfaclqWA69QcrV4gzyY9xApIw\/PW4WgAbkoAAq5V3+e2UL9u3Q5BCG9fysJhFkc9SwHzfHuAGqJNGIjarGAmCC+VgAsgpcihqGRblZhX07odUT6BnGNZAr8avNVoLIowg6sIAQW0XuF1BHmDYWNIwNkmjYn4dvFj3KuAWiLgQABrTGXBdIEwOgYZs1YDGuSbNRmacPZ0PvMK6B3nq8YbswYX4aeCwA6UyOYA2jb9cLQdKDXmXcAhYgEZguAAvAbmnqszpoCcPj\/0MfdjuzvaNhP24N4xpoRrJn7o0Bco1nYRuVPYVbyrgXMHG0tmTvqJ\/cSij1fz8Grtdd8Jr3AAAAAElFTkSuQmCC\" \/><strong>GHS02 Draudi<\/strong><\/p>\n<p><strong>H222<\/strong> \u012apa&scaron;i viegli uzliesmojo&scaron;s aerosols.<br \/>\n<strong>H229 <\/strong>Tvertne zem spiediena: karstum\u0101 var eksplod\u0113t.<\/p>\n<p><img decoding=\"async\" alt=\"\" src=\"data:image\/png;base64,iVBORw0KGgoAAAANSUhEUgAAAD4AAABACAYAAAE17vRjAAAAAXNSR0IArs4c6QAAAARnQU1BAACxjwv8YQUAAAAJcEhZcwAAFxEAABcRAcom8z8AABN7SURBVGhDzVsHfFRV1h9XV0VaSCEJaSQEQhNCEbAhFlSEFUVcy6qLYgfroqg0WbCs+Lnqtyrqh4qfgKsUxQXECvoplgVlNZmWyaT33jMzmf+ec959UzIzyQxlf9\/\/95u89+677557zj33lHtvDOgGl7rq8Ktgzs5A5TOr0aWeGZ4K5vEZct3wxgaUPryYKrnlWSqYRifLA6N\/TJRcCxZchS63GwZXfZ0U6Nj98W7thl4aM+O0Flw1lVLGiIqLkatpRIJcPX3otOepO3+Sfly0fr8fprGp6kmDX4XOihJ154VfBXenA8bRQ9STBk+FrrZWrFm7Bl1dXbCec7oqVRUcdVXyMFBxwCKyzT5P7g2mCZlyw0jNSFd3QMO2TXKVFsyjk+ShT9QAubblHpYrQyq4WWqKd2exXa46PJ3kStapo9STF54K3cEDZZ44DOYR8aokOII2YB6XCrezUz0BFWsfhWnCMOlFd\/g1YBw5BK7mRvUExCUlekTHKL17AfLOn6yeNEgDxuHxfsqg47RBAzBrzmz1pIF7YZ9\/Key\/nyXP0kBXYz2MY\/yVJBSavyWFGpGonrqx4CgugDHL+3Lf\/n1wOJ1y32GzCIvdEVSIbf866FF4Z1kxNardB0PQBnTUb9uspmZohGzA5e5C05cfq6fgCP4xkcy\/bLrYkA5zjioMRMDHTDF\/7kWwz9GmiXFMCpyVFXLfHQEfFy2YD+vZ43mQVQlpIw2ro6yHKc66Xrx4IaxnjpH7mtpaLLz9NvWWLAv1wFVfo540yMdMo+LR+2Hx0e15V89HYloKdu1WRo1gHJMMd3ureqKPmUrlc09Q11JUkYaX169H0tBUsSW+MJPxcSslMlS\/\/jeyZykBY1pSUoLByV7N84Aa4\/oMQ96ss1F8+w1Bp+JpUf3VnT\/MEzLQZjxM3SaaFhJS6ZK71SsvuneZm8\/JiEXLt\/vk2SMwyxkjUbHmUc8Ibdu+HUOIZx3cjJE+bNq1w8Oiz1CxMJJR88JfVAmw5om1cuXKJjJXdZs2yLMOPyXhSmxSa95aTw9a+0zRRCarikbEV3EYfh8zNCpxaPjwPXm2TBqGqmfWBHzICPhYR+6wONgunIKy5fcHHQlGyI8ZhdddrnUlBHr8OBikFzSEeZdMgzlrCJkqq7Qfqnc9IWziPA24+fzZZCfGD0Xh9VeglgbGODJJ60R+ntSJBL0Sd7MOUaMFV8+ChYyT7YLJ6Opop454CVU9sYxmfSo5sjQ4S4q0N2F0JCRx\/duiW6+B5fQ0mM8lG+V0BBevKitb8aDMW9PkTDhra4LX9UEAcf2DsqWLpCHL5BFwtjRJmY5LL5uFvhRaxCTE4zennoxde\/ZIuS6NkgduI0kkIW\/6JLgaaqUsGDzE9T5WrH1MQjLT+HS4GhtUqT9WrH6cCA8WkzcgLhp5Vqt644\/C2\/8gs94261y4HR2q1AuDLrLql9bJ7DaOSkJnkc1nRAOx95NPKDQdhMShKR77E0zEUkQzo4CUk+21\/cqLudRT18CG3Eh2x0RWvqMoXwrDQf8BAxCdEIdVa\/6sSkJDaNEf++9mwEzDaCfPys8GNruuxkYan2yYTk9F6T23qA964h146NFHMIA6UFhYqEoCoetA05d7YcoiBjPj0XrwgEeq2pjTExc462pgmTYaplGJKF+1VF6FwrXXX4fTBg7AbqVs3cHttR7+EbnkBjgAbfxil\/bCBwHazlbcUVJICjdUhqLi6RXaCx\/89NNPMPz2BPQjjZ847QxVytB4as85TESjKdYagoat70hZMISY51ojjgK7hAy55CWqX3xGyhjBhoStm6O4ELnDB0sQX0u+ndHT8IUg7gU32p77LxiHxdJMIE7efVvKuVFul5t2FORLfM+mtnrdas\/73tArcYYQomvbzz\/CNDIRJuKuac9OMSDmKSPELlSsXaZVjgBhEe+O5q8+Q256tOSrnKcydM2OBEdE3INu0VGkiJi4PgS1721Al8tJOnHkHYiIuK5EDZ\/sRA6JnYNNRqR+XEf4xBWBps\/2kObH0Hink\/\/OQMndN0n5kSAs4kyWf837PoUxc7DEoE27tsM6fQKZ5HRyoXdKvUjRO3GiyoRb\/nmAOCbCoxPRuHObvOpqboJpUibFtWko\/ZMWroczv3X0SFxvpvXA18QtESZ327B1syol4lTDVV1J4idTTB2oWHqP9iJMJeyVeNvB70XMZkq067ZqqyW+4DrOqgqKeigAIVNc+dRK7UUYCEmcG+1gB0F23UxWrXbLm57y7mBJO2uqxPyyR+QYIRwEJc5C6zDmSCbMYVD1ay9KuT6eOz78AHcuuhsrVq6AzcYBiFbuqCwRp2Khzla\/+ryU9WT5\/ImrxtuNv9BUSiM7noSql\/9LynQcPHQQBoOBopjBEkqNPH2MeqN93mm3koNJoOCBpMUJl5QH70AA5w67jULlVAqtElH1\/NOq1Iuff\/4Zp1LGyrFbQmoSxk7MVm+8aDfnymIMh2cN722UsmDkPcT5paO0GKaJmbJSU\/mcllt2B4ddp\/btg6T0NMQOSfBbLhAoKm3shqkDuRQ6Ne18LzRxHmNnZTksU0aSciWh4snlXBwS0fFxGJLGYXMMXnn1FVUaiLafvpPFMZZA454PAjpg4AJXbZUsfphpHpcsu09e9GQszpoxHfEpSegXG4WP9+5VpYHgFpq\/2Uf+nzpATLV89alWrto2dLU0w3LWWDEgpUvvlcIe6AoW33sPYhLjMYgkwPFcb2ja94nYihwKQloOaIsRDINl6iiYz8hCiQqZw8Er69cjenAsYpISUUM5WTho\/nw3zGPTkJs8UIIRhqH+H1sp6CNDkp1JYdI\/gypGd2zdtg0DmThx3hvY3XJWa59zLkwTyAvec7MndRKFq33zFRoTCupJyx0FFnnR05iXlZUhOjoaNy74oyoJBH8tTdDssF0+g7xfGor+eJX2Th9z+UuoffVFsk5JpBwJ6CwuUKWhoS8whe6kVm6bdyEpcgoKrplNJf72TojrDVRRssjOgZ1IJzmLUO3+8MMPJPYYzLjwQrS3t6tSH\/CCAqHghrkwjk1F\/tzzydG59P544DUyyg1W\/mUV+WxK8Mk+856IascPo8aNRWJKsiz\/7\/zoI1WqQW+n6Ob54mYL5syAu7MzqIQ8xBl6hfKVfxIJmE5PlvytO+bOn4c+A\/rBcPKJ+ObAAVXKjGnfF91yNX07FHkzp8FNkgnSf4EfcYZeseyRB2AmJbGQuXXV+q8utLS2Yt2z67Bnb+Dqc8l9C0lyQ2A9N1u0vCcEEGd4JLBkEYzkZEwTM9DV1BiSA13UpQ\/eTkqbAutZ4yTECq2MGoISZ+jhcMm9C0Vp8s7LhqulhRqUYg\/cSuvLl99H3pAi2qkjSVLVYYXTIYkz9AaKb7teggTbzDPQ1dLqlYB6X\/Hnpdosyc6Ai3Qk3Di+R+IC1VDRLfO1Dsw+F+6ONiljVFGCaKTQifM2VxjLX77onThBb7DwxithHpMGO1ksN6VKlZQO87Q0Z6fDQVFs+GQ1hEWcuddGFrBffQlFqqkomHsB5eTDJWDQNiwiJR0ucQUZS1Iw+1WXwDIpS+2iWT0dixQREWfwELhdLprH4yTQPFLCjIiJ6+AOHC2OmHgk0L0Ze8KG7ZtgnZGNwusvR7vpV6+mRK4yR4Xjx7ioplIIGqGmvf9APgUzOZzaTxoBC5kFTg1KFt1MqvOrVGPeIzETR4NjyrjWca3zck+MN+7bC9sVF8gqnplclHXaaLEQtounkgCGS5k5Kx6l995KGpDraacrWBhxDHEMGReO1T05\/AP7UTBvpmSMvBtkptw5n0Ka+g\/fl\/dd7W2ofv4pmCdnIZcchnEcuUMKHsqW3I3OAu+6+\/Fi\/+gZ554Rw6zUPNKt3\/8fCq+bI+kxx298zZ91Dhp2vk9xnHebQz6jn7O+FlXPrJYtR15UMI4lJzUhncK4hyRp1esdaxwV47pKM9q+\/xbF18+V9WDerDBl0QhfOIWM2RaKHzXXr9X1suE7n53lZah6mgRA2sHncdhL825axaqH4FQ7\/GIkfb45GkTMOJNlp6qTbzv0AwpvmidxjGkcdZoifdv0bNRv2QiXwyF1pLM9dJjf637RUVEqKwMWzpvGJJMAyAZMHk5lj8FRXix1mH64QVooRMS4r7Q7yBIX33mjNjqUdpoyB8M6NQu1G18jhik1oTqhRqeurg4VFZyH+b\/n2Fsv6yQBlK14gFKmBGKeF\/eSkXfmKFS\/\/CxcjfVSR2h4hiAyhM243nynzYzSBzgpoBEhg2TKTIB18gjUvPEyulpbVC1\/NDU1yUJC5ojhMJx4Ak445WSc2OdUuefFhceWL5d02xc6Q51lRSh9mJIWypp51YR\/vO1W89oLFL5re7tHwnyPjLP0PSNgMaLk\/lslZOfcj4NVPv9S\/drzcFFG1BO+3PcFpp8\/Ayf374vE1GSkZAxFcjr96DogNhqDkxKx+d0tqnZwtFN8Wnwf0WcbQnmJcWQyrGePQ+1bLPBmqRMJ+0EZ91VB3lMsJwPDeYhk62S0eDmn6q9PeTa2u2lsAKqrqnHX4kU4pV8fxCbGy5ol\/\/i4DjN+6ZzZ+O6771TtQMiZBYVOcy6K77gBuTS1jGT8jJnxlLxNRcMHfyevoeXCLqremxD8GOfK+geOSjIy6x4n1zIMZmaYVIxPMFU8uxquJsWw\/A0P6\/76HPr274dBpNpJQ9NkzXRQQhz6x0ZhxeMrZd4zus97X4gGqvv2Xw+hmJLG3BHxkjYZh8ch\/+Iz0bR7B1k\/7ZBUT\/AwrjforKtG9X+vg2XKKGKWVIqXREYOQfmy+8mq6m4lcmzavAUZo0bIGm1iqnbKoF\/sIAyKj8XW7dtVrfCh96Hlu69RcC3FDcPi5EQCnxK0\/e58NO\/7hOqE7qlB1yJXYx2q1z8nJ0KN9LFsLNAIly1djI5Cm1aJ0Zteh8BPhw5h\/jVXo2\/0QDnCmZCWLOc7xk0Yj\/1f7Ve1tFENC1RNr8reoPmbL2G\/ZjZy+VDCGNKAjDgUzL+Eyr\/wCMC3bUNngQ01b66HlXwvq4t5YiYxPxrlS+9Fh10tftLP13cfCTo6OrD2ySfRd2B\/WaGPHRKP6MTBuO2uO2DL9xFshBD1V0tQvLTY\/OluFFAgZeE8gKZpbnoMCv8wFy37P\/W4QYah5vUXkT9zmiwx8nFjllbJXTeiwxL6ROaR4q3\/fRtR0dEyz\/nQbiyN\/IaNb8Lh1AKdowEPivwcHWjatRX22eeJ9zFlazFGETHf+v3XLCmpr21rdLSjZssbsJ4\/SfY\/OF5md1V8103osGoZEyNsNQyBz7\/4HJOmTsFv+\/aB4aTfIIGs+jfffqPeHhk8fXK70PjxB7BRXsDLM7ykzrwUL7xGTgh3hxyF0tnpqq9D3RsvIW\/GRPLXpAEcMpJhK6OApdOmqb0oVYQC8BWYNS8Pm955B29v3Ihfc36FQ4W1kcLLMKW+X35Mqe9FlPry\/KZBo0ywiMLoFhphTzW+8em216pTA\/ppB1d1FVn2Z2E+e6wWoZE74xi8\/LH74aSMiSHt+DQUDph4Tm4OXvuf1\/HSKy\/jq6+\/jphxXyG2\/vgt7GTRczPjJKzlEeZVweZ9e2mE1Lz35dYHgQEMNcyfcHVXTbUEKtZpo+RgHB8D5OXmspVL4Kz2HqoOh\/+i4iLcdsftOInC1b4xUeTKonFSn1MoeJmFw4e9\/5UQHNx9jQr\/bSHVtd90JXLE+2ibvAVXXCDnJtx6niC1QyNo5NYdTs6Y1i7TgpmRnDXxdkcayp9Y5tny8B2JYHj3vb+TH88idxZFwUsqUoalS\/ByGln5HTso6AgBL8s0wr8cQtGCqyh6TCBXS2Ezxe+2y85BE+f6vexgdEePjIvkfBhyFOWjnEabV0o4muMDBEZKRSufeRyuOm3LJRT77M627diO7EkTEBUVhf4D+iNr7Gi8v30rmlsCkxvWO\/3fgHhNrmThtRKkcPTIcUbezCmo3\/oO3G3at6HohkJYI8688xqY3nhngR1lDy2m0ae4nYQgRvCMTBLAGjhpegh8esLC8xUgC6ElCLMMXqfz0MnPQ\/GiBZL6ypYS2RnrOZSYUNzB+9yM3jQtFMJi3BecMOjEHEUFKHnwTjEqFp5r1EHz2WNQs+FvcPmORDh9Y+Goio7SIpQ9cg8ZLMr1SaNyaXrx2VQ2uN7E6MgY1hEx477QifPIlCy+WYv8yPiZRlHKeM541G16g1RR\/VtGTx3VBVlWjIpVS0SDjBx88PLTpExUv\/A0XPVqKh0dvx4cFeMMfeOQ0Z7zCwpvooxpWAxM4ymAINXMv2gqzcXNsqrK0PvNQtO\/dFLqWyG2g4zmWGKaGLeMT0fVUytlL5DB9TVBHxvOj5pxHbx5oDPC1pdXWsW\/8jocWWH75dPJ3Wzzs758ZqzqqeVyUp7jBWaYR7t81cOyQ88QhuXu2OKYMa5DFgLVfdvBAyj6\/SyaAoPF\/3MoWXTjPEokPkIt5QiW6eNJnWn+8pIy5fvlKx\/2cY9eTToeOOaMe+AzTC1ffQb7lTNFA3i5yizJwzCaDto2UumSu9BZop1C0e3G8cbxY1zg9QA8gk1f7EH+5TNgTI2SJazi+xaiXf23Atf6TzHNOM6Ma2CG9HVwPllXv30zmik\/dlOcLgwf532yYPiPMP7\/D8C\/AcKLySRiRplbAAAAAElFTkSuQmCC\" \/><strong>GHS07 Br\u012bdin\u0101jums<br \/>\nH317<\/strong> Var izrais\u012bt aler\u0123isku \u0101das reakciju.<br \/>\nDro&scaron;\u012bbas pras\u012bbu apz\u012bm\u0113jumi:<br \/>\nP102 Sarg\u0101t no b\u0113rniem.<br \/>\nP210 Sarg\u0101t no karstuma, karst\u0101m virsm\u0101m, dzirkstel\u0113m, atkl\u0101tas uguns un citiem aizdeg&scaron;an\u0101s avotiem. Nesm\u0113\u0137\u0113t.<br \/>\nP211 Neizsmidzin\u0101t uz atkl\u0101tas uguns vai citiem aizdeg&scaron;an\u0101s avotiem.<br \/>\nP251 Nedurt vai nededzin\u0101t, ar\u012b p\u0113c izlieto&scaron;anas. &nbsp;&nbsp;&nbsp;&nbsp;&nbsp;&nbsp;&nbsp;&nbsp;&nbsp;&nbsp;&nbsp;&nbsp;&nbsp;&nbsp;&nbsp;&nbsp;&nbsp;&nbsp;&nbsp;&nbsp;&nbsp;&nbsp;&nbsp;&nbsp;&nbsp;&nbsp;&nbsp;&nbsp;&nbsp;&nbsp;&nbsp;&nbsp;<br \/>\nP261 Izvair\u012bties ieelpot smidzin\u0101jumu.&nbsp;&nbsp;&nbsp;&nbsp;&nbsp;&nbsp;&nbsp;&nbsp;&nbsp;&nbsp;&nbsp;&nbsp;&nbsp;&nbsp;&nbsp;&nbsp;&nbsp;&nbsp;&nbsp;&nbsp;&nbsp;&nbsp;&nbsp;&nbsp;&nbsp;&nbsp;&nbsp;&nbsp;<br \/>\nP280 Izmantot acu aizsargus\/sejas aizsargus.&nbsp;&nbsp;&nbsp;&nbsp;&nbsp;&nbsp;&nbsp;&nbsp;&nbsp;&nbsp;&nbsp;&nbsp;&nbsp;&nbsp;&nbsp;&nbsp;&nbsp;&nbsp;&nbsp;&nbsp;&nbsp;&nbsp;&nbsp;&nbsp;&nbsp;&nbsp;&nbsp;<br \/>\nP302+P352 SASKAR\u0112 AR \u0100DU: nomazg\u0101t ar lielu \u016bdens daudzumu.<br \/>\nP333+P313 Ja rodas \u0101das iekaisums vai izsitumi: l\u016bdziet medi\u0137u pal\u012bdz\u012bbu.&nbsp;&nbsp;&nbsp;&nbsp;&nbsp;&nbsp;&nbsp;&nbsp;&nbsp;&nbsp;&nbsp;&nbsp;&nbsp;&nbsp;&nbsp;&nbsp;&nbsp;&nbsp;&nbsp;&nbsp;&nbsp;&nbsp;&nbsp;&nbsp;&nbsp;&nbsp;&nbsp;&nbsp;&nbsp;&nbsp;&nbsp;&nbsp;&nbsp;&nbsp;&nbsp;&nbsp; &nbsp;<br \/>\nP321 \u012apa&scaron;a medic\u012bnisk\u0101 pal\u012bdz\u012bba (saskares vietas nomazg\u0101t ar \u016bdeni un ziep\u0113m).<br \/>\nP410+P412 Aizsarg\u0101t no saules gaismas. Nepak\u013caut temperat\u016brai, kas p\u0101rsniedz 50 &deg;C \/ 122 &deg;F.<br \/>\nP501 Atbr\u012bvoties no satura\/tvertnes\/ iepakojuma saska\u0146\u0101 ar valsts noteikumiem.<\/p>\n","protected":false},"excerpt":{"rendered":"<p>GARDEN &ndash; gaisa atsvaidzin\u0101t\u0101js, no kura j\u016bs nesp\u0113siet atteikties, pateicoties pla&scaron;ajam arom\u0101tu kl\u0101stam un ilgsto&scaron;ai iedarb\u012bbai. Tas main\u012bs atmosf\u0113ru j\u016bsu m\u0101j\u0101s, biroj\u0101 vai automa&scaron;\u012bn\u0101. Gaisa atsvaidzin\u0101t\u0101js piem\u0113rots lieto&scaron;anai gan manu\u0101li, gan autom\u0101tiskaj\u0101 izsmidzin\u0101t\u0101j\u0101. Lieto&scaron;ana: k\u0101rt\u012bgi sakratiet aerosola baloni\u0146u pirms lieto&scaron;anas. Izsmidziniet 5&ndash;10 sekundes, turot plecu augstum\u0101. Piesardz\u012bbas pas\u0101kumi: tikai \u0101r\u012bgai lieto&scaron;anai. Izvair\u012bties no saskares ar [&#8230;]\n","protected":false},"featured_media":99216,"template":"","meta":[],"product_cat":[1522],"product_tag":[],"class_list":{"0":"post-62902","1":"product","2":"type-product","3":"status-publish","4":"has-post-thumbnail","6":"product_brand-sora_tr","7":"product_cat-gaisa-atsvaidzinataji-majas-aromati","9":"first","10":"instock","11":"taxable","12":"shipping-taxable","13":"product-type-simple"},"_links":{"self":[{"href":"https:\/\/e.kosmolat.eu\/lv\/wp-json\/wp\/v2\/product\/62902","targetHints":{"allow":["GET"]}}],"collection":[{"href":"https:\/\/e.kosmolat.eu\/lv\/wp-json\/wp\/v2\/product"}],"about":[{"href":"https:\/\/e.kosmolat.eu\/lv\/wp-json\/wp\/v2\/types\/product"}],"wp:featuredmedia":[{"embeddable":true,"href":"https:\/\/e.kosmolat.eu\/lv\/wp-json\/wp\/v2\/media\/99216"}],"wp:attachment":[{"href":"https:\/\/e.kosmolat.eu\/lv\/wp-json\/wp\/v2\/media?parent=62902"}],"wp:term":[{"taxonomy":"product_cat","embeddable":true,"href":"https:\/\/e.kosmolat.eu\/lv\/wp-json\/wp\/v2\/product_cat?post=62902"},{"taxonomy":"product_tag","embeddable":true,"href":"https:\/\/e.kosmolat.eu\/lv\/wp-json\/wp\/v2\/product_tag?post=62902"}],"curies":[{"name":"wp","href":"https:\/\/api.w.org\/{rel}","templated":true}]}}