{"id":62893,"date":"2025-02-26T08:53:12","date_gmt":"2025-02-26T08:53:12","guid":{"rendered":"https:\/\/e.kosmolat.eu\/product\/beautyderm-eye-sheet-patches-lavender-midnight-30-pcs\/"},"modified":"2026-04-22T07:24:50","modified_gmt":"2026-04-22T07:24:50","slug":"bd-auduma-patci-adai-ap-ac-lavender-midnight-30-gab","status":"publish","type":"product","link":"https:\/\/e.kosmolat.eu\/lv\/product\/bd-auduma-patci-adai-ap-ac-lavender-midnight-30-gab\/","title":{"rendered":"BD Auduma pat\u010di \u0101dai ap ac.Lavender Midnight, 30 gab"},"content":{"rendered":"<p>BEAUTYDERM Auduma pat\u010di \u0101dai ap ac\u012bm Lavender Midnight ar MELNU AUDUMA PAMATNI. Pateicoties akt\u012bvaj\u0101m sast\u0101vda\u013c\u0101m emulsij\u0101, pat\u010di vizu\u0101li izl\u012bdzina \u0101du zem ac\u012bm, padarot to vienm\u0113r\u012bg\u0101ku, bet grumbas un l\u012bnijas \u2013 maz\u0101k paman\u0101mas. Produkta lieto\u0161ana pal\u012bdz uztur\u0113t dabisko \u0101das mitruma l\u012bdzsvaru un vizu\u0101li samazina tum\u0161os lokus zem ac\u012bm. \u0100da k\u013c\u016bst mirdzo\u0161a un maiga. Pat\u010du sast\u0101v\u0101 eso\u0161ais lavandas ekstrakts nodro\u0161ina relaks\u0101cijas saj\u016btu un nomierina \u0101du. <\/p>\n<p>Lieto\u0161ana: 1. Atveriet iepakojumu, uzkl\u0101jiet pat\u010dus uz iepriek\u0161 att\u012br\u012btas \u0101das zem ac\u012bm. Ieteicams iz\u0146emt pat\u010dus no iepakojuma, izmantojot t\u012bru pinceti vai l\u0101psti\u0146u utt. 2. Atst\u0101jiet uz 15-25 min\u016bt\u0113m. 3. Emulsijas atlikumus iemas\u0113jiet \u0101d\u0101 un \u013caujiet tiem piln\u012bb\u0101 uzs\u016bkties. Ieteicams lietot 2-3 reizes ned\u0113\u013c\u0101. <\/p>\n<p>UZMAN\u012aBU: NEIZMANTOJIET PAT\u010cUS DIVAS REIZES! Pirms lieto\u0161anas nepiecie\u0161ams veikt \u0101das jut\u012bguma testu uz neliela \u0101das laukuma. Ja rodas aler\u0123iska reakcija, p\u0101rtrauciet lieto\u0161anu. Tikai \u0101r\u012bgai lieto\u0161anai. Ja nok\u013c\u016bst ac\u012bs, r\u016bp\u012bgi izskalojiet ar lielu daudzumu teko\u0161a \u016bdens. Nelietot uz kairin\u0101tas vai boj\u0101tas \u0101das. <\/p>\n<p>Kontrindik\u0101cijas: individu\u0101la nepanesam\u012bba pret atsevi\u0161\u0137\u0101m produkta sast\u0101vda\u013c\u0101m. <\/p>\n<p>Uzglab\u0101t temperat\u016br\u0101 no +5\u00b0C l\u012bdz +25\u00b0C un relat\u012bvaj\u0101 gaisa mitrum\u0101 55-70%, sarg\u0101jot no tie\u0161iem saules stariem, vismaz 1 m att\u0101lum\u0101 no karstuma avotiem. <\/p>\n<p>Der\u012bguma termi\u0146\u0161: 36 m\u0113ne\u0161i no izgatavo\u0161anas datuma.<\/p>\n","protected":false},"excerpt":{"rendered":"<p>BEAUTYDERM Auduma pat\u010di \u0101dai ap ac\u012bm Lavender Midnight ar MELNU AUDUMA PAMATNI. Pateicoties akt\u012bvaj\u0101m sast\u0101vda\u013c\u0101m emulsij\u0101, pat\u010di vizu\u0101li izl\u012bdzina \u0101du zem ac\u012bm, padarot to vienm\u0113r\u012bg\u0101ku, bet grumbas un l\u012bnijas \u2013 maz\u0101k paman\u0101mas. Produkta lieto\u0161ana pal\u012bdz uztur\u0113t dabisko \u0101das mitruma l\u012bdzsvaru un vizu\u0101li samazina tum\u0161os lokus zem ac\u012bm. \u0100da k\u013c\u016bst mirdzo\u0161a un maiga. Pat\u010du sast\u0101v\u0101 eso\u0161ais [&#8230;]\n","protected":false},"featured_media":102363,"template":"","meta":[],"product_cat":[1999],"product_tag":[],"class_list":{"0":"post-62893","1":"product","2":"type-product","3":"status-publish","4":"has-post-thumbnail","6":"product_brand-naturpro_ua","7":"product_cat-bez-kategorijas","9":"first","10":"instock","11":"taxable","12":"shipping-taxable","13":"product-type-simple"},"_links":{"self":[{"href":"https:\/\/e.kosmolat.eu\/lv\/wp-json\/wp\/v2\/product\/62893","targetHints":{"allow":["GET"]}}],"collection":[{"href":"https:\/\/e.kosmolat.eu\/lv\/wp-json\/wp\/v2\/product"}],"about":[{"href":"https:\/\/e.kosmolat.eu\/lv\/wp-json\/wp\/v2\/types\/product"}],"wp:featuredmedia":[{"embeddable":true,"href":"https:\/\/e.kosmolat.eu\/lv\/wp-json\/wp\/v2\/media\/102363"}],"wp:attachment":[{"href":"https:\/\/e.kosmolat.eu\/lv\/wp-json\/wp\/v2\/media?parent=62893"}],"wp:term":[{"taxonomy":"product_cat","embeddable":true,"href":"https:\/\/e.kosmolat.eu\/lv\/wp-json\/wp\/v2\/product_cat?post=62893"},{"taxonomy":"product_tag","embeddable":true,"href":"https:\/\/e.kosmolat.eu\/lv\/wp-json\/wp\/v2\/product_tag?post=62893"}],"curies":[{"name":"wp","href":"https:\/\/api.w.org\/{rel}","templated":true}]}}