{"id":62852,"date":"2025-02-24T11:36:21","date_gmt":"2025-02-24T11:36:21","guid":{"rendered":"https:\/\/e.kosmolat.eu\/product\/dental-dbl-total-clean-medium\/"},"modified":"2026-04-22T08:18:36","modified_gmt":"2026-04-22T08:18:36","slug":"dental-total-clean-zobu-birste-videji-cieta-11-gab","status":"publish","type":"product","link":"https:\/\/e.kosmolat.eu\/lv\/product\/dental-total-clean-zobu-birste-videji-cieta-11-gab\/","title":{"rendered":"Dental Total Clean Zobu birste, vid\u0113ji cieta, 1+1 gab."},"content":{"rendered":"<p>Zobu birste nodro\u0161ina saudz\u012bgu zobu un smaganu kop\u0161anu, k\u0101 ar\u012b maksim\u0101lu mutes dobuma higi\u0113nu. Double effect \u2013 \u012bs\u0101kie birstes sari\u0146i att\u012bra zobu aplikumu, bet gar\u0101kie iek\u013c\u016bst starp zobiem. Apa\u013cie sari\u0146u gali aizsarg\u0101 zobus un smaganas. Ergonomisks rokturis nodro\u0161ina maksim\u0101lu komfortu un \u0113rt\u012bbu manevr\u0113\u0161an\u0101.<\/p>\n","protected":false},"excerpt":{"rendered":"<p>Zobu birste nodro\u0161ina saudz\u012bgu zobu un smaganu kop\u0161anu, k\u0101 ar\u012b maksim\u0101lu mutes dobuma higi\u0113nu. Double effect \u2013 \u012bs\u0101kie birstes sari\u0146i att\u012bra zobu aplikumu, bet gar\u0101kie iek\u013c\u016bst starp zobiem. Apa\u013cie sari\u0146u gali aizsarg\u0101 zobus un smaganas. Ergonomisks rokturis nodro\u0161ina maksim\u0101lu komfortu un \u0113rt\u012bbu manevr\u0113\u0161an\u0101.<\/p>\n","protected":false},"featured_media":93046,"template":"","meta":[],"product_cat":[1999],"product_tag":[],"class_list":{"0":"post-62852","1":"product","2":"type-product","3":"status-publish","4":"has-post-thumbnail","6":"product_brand-rubella-bg","7":"product_cat-bez-kategorijas","9":"first","10":"instock","11":"taxable","12":"shipping-taxable","13":"product-type-simple"},"_links":{"self":[{"href":"https:\/\/e.kosmolat.eu\/lv\/wp-json\/wp\/v2\/product\/62852","targetHints":{"allow":["GET"]}}],"collection":[{"href":"https:\/\/e.kosmolat.eu\/lv\/wp-json\/wp\/v2\/product"}],"about":[{"href":"https:\/\/e.kosmolat.eu\/lv\/wp-json\/wp\/v2\/types\/product"}],"wp:featuredmedia":[{"embeddable":true,"href":"https:\/\/e.kosmolat.eu\/lv\/wp-json\/wp\/v2\/media\/93046"}],"wp:attachment":[{"href":"https:\/\/e.kosmolat.eu\/lv\/wp-json\/wp\/v2\/media?parent=62852"}],"wp:term":[{"taxonomy":"product_cat","embeddable":true,"href":"https:\/\/e.kosmolat.eu\/lv\/wp-json\/wp\/v2\/product_cat?post=62852"},{"taxonomy":"product_tag","embeddable":true,"href":"https:\/\/e.kosmolat.eu\/lv\/wp-json\/wp\/v2\/product_tag?post=62852"}],"curies":[{"name":"wp","href":"https:\/\/api.w.org\/{rel}","templated":true}]}}