{"id":62844,"date":"2025-02-24T10:06:43","date_gmt":"2025-02-24T10:06:43","guid":{"rendered":"https:\/\/e.kosmolat.eu\/product\/ip-renu-reconstr-mask-250ml\/"},"modified":"2026-04-21T09:48:27","modified_gmt":"2026-04-21T09:48:27","slug":"ip-renu-atjaunojosa-maska-bojatiem-mat-250-ml","status":"publish","type":"product","link":"https:\/\/e.kosmolat.eu\/lv\/product\/ip-renu-atjaunojosa-maska-bojatiem-mat-250-ml\/","title":{"rendered":"IP Renu Atjaunojo\u0161a maska boj\u0101tiem mat., 250 ml"},"content":{"rendered":"<p>Inovat\u012bva Bond Re-Plex tehnolo\u0123ija tie\u0161i iedarbojas uz kerat\u012bna \u0137\u0113d\u0113m un mikrosait\u0113m matu strukt\u016br\u0101. T\u0101 samazina matu l\u016b\u0161anu un iev\u0113rojami palielina to iztur\u012bbu. Ekspertu risin\u0101jums kr\u0101sotiem un nov\u0101jin\u0101tiem matiem.<\/p>\n<p>Lieto\u0161ana: Uzkl\u0101t uz mitriem matiem vis\u0101 garum\u0101. Atst\u0101t uz 3 min\u016bt\u0113m, p\u0113c tam r\u016bp\u012bgi izskalot.<\/p>\n<p>Br\u012bdin\u0101jumi: Tikai \u0101r\u012bgai lieto\u0161anai. Izvair\u012bties no saskares ar ac\u012bm. Ja produkts nok\u013c\u016bst ac\u012bs, r\u016bp\u012bgi izskalot t\u0101s ar \u016bdeni.<\/p>\n","protected":false},"excerpt":{"rendered":"<p>Inovat\u012bva Bond Re-Plex tehnolo\u0123ija tie\u0161i iedarbojas uz kerat\u012bna \u0137\u0113d\u0113m un mikrosait\u0113m matu strukt\u016br\u0101. T\u0101 samazina matu l\u016b\u0161anu un iev\u0113rojami palielina to iztur\u012bbu. Ekspertu risin\u0101jums kr\u0101sotiem un nov\u0101jin\u0101tiem matiem. Lieto\u0161ana: Uzkl\u0101t uz mitriem matiem vis\u0101 garum\u0101. Atst\u0101t uz 3 min\u016bt\u0113m, p\u0113c tam r\u016bp\u012bgi izskalot. Br\u012bdin\u0101jumi: Tikai \u0101r\u012bgai lieto\u0161anai. Izvair\u012bties no saskares ar ac\u012bm. Ja produkts nok\u013c\u016bst [&#8230;]\n","protected":false},"featured_media":93034,"template":"","meta":[],"product_cat":[1254],"product_tag":[],"class_list":{"0":"post-62844","1":"product","2":"type-product","3":"status-publish","4":"has-post-thumbnail","6":"product_brand-rubella-bg","7":"product_cat-maskas-matiem","9":"first","10":"outofstock","11":"taxable","12":"shipping-taxable","13":"product-type-simple"},"_links":{"self":[{"href":"https:\/\/e.kosmolat.eu\/lv\/wp-json\/wp\/v2\/product\/62844","targetHints":{"allow":["GET"]}}],"collection":[{"href":"https:\/\/e.kosmolat.eu\/lv\/wp-json\/wp\/v2\/product"}],"about":[{"href":"https:\/\/e.kosmolat.eu\/lv\/wp-json\/wp\/v2\/types\/product"}],"wp:featuredmedia":[{"embeddable":true,"href":"https:\/\/e.kosmolat.eu\/lv\/wp-json\/wp\/v2\/media\/93034"}],"wp:attachment":[{"href":"https:\/\/e.kosmolat.eu\/lv\/wp-json\/wp\/v2\/media?parent=62844"}],"wp:term":[{"taxonomy":"product_cat","embeddable":true,"href":"https:\/\/e.kosmolat.eu\/lv\/wp-json\/wp\/v2\/product_cat?post=62844"},{"taxonomy":"product_tag","embeddable":true,"href":"https:\/\/e.kosmolat.eu\/lv\/wp-json\/wp\/v2\/product_tag?post=62844"}],"curies":[{"name":"wp","href":"https:\/\/api.w.org\/{rel}","templated":true}]}}