{"id":62840,"date":"2025-02-24T08:50:19","date_gmt":"2025-02-24T08:50:19","guid":{"rendered":"https:\/\/e.kosmolat.eu\/product\/ip-scalp-micellar-shamp-250ml\/"},"modified":"2026-04-20T09:25:16","modified_gmt":"2026-04-20T09:25:16","slug":"ip-scalp-care-micel-sampuns-pret-blaugznam-250-ml","status":"publish","type":"product","link":"https:\/\/e.kosmolat.eu\/lv\/product\/ip-scalp-care-micel-sampuns-pret-blaugznam-250-ml\/","title":{"rendered":"IP Scalp Care Micel. \u0161amp\u016bns pret blaugzn\u0101m, 250 ml"},"content":{"rendered":"<p>Micel\u0101rais \u0161amp\u016bns pret blaugzn\u0101m. Maigi eksfoli\u0113 un mitrina galvas \u0101du. Regul\u0101ra lieto\u0161ana pal\u012bdz nov\u0113rst blaugznas l\u012bdz pat 100%.<\/p>\n<p>Lieto\u0161ana: Uzkl\u0101t nelielu daudzumu \u0161amp\u016bna uz mitriem matiem un galvas \u0101das, iemas\u0113t, l\u012bdz veidojas putas, p\u0113c tam r\u016bp\u012bgi izskalot. Piem\u0113rots ikdienas lieto\u0161anai.<\/p>\n<p>Br\u012bdin\u0101jumi: Tikai \u0101r\u012bgai lieto\u0161anai. Izvair\u012bties no saskares ar ac\u012bm. Ja produkts nok\u013c\u016bst ac\u012bs, r\u016bp\u012bgi izskalot t\u0101s ar \u016bdeni.<\/p>\n","protected":false},"excerpt":{"rendered":"<p>Micel\u0101rais \u0161amp\u016bns pret blaugzn\u0101m. Maigi eksfoli\u0113 un mitrina galvas \u0101du. Regul\u0101ra lieto\u0161ana pal\u012bdz nov\u0113rst blaugznas l\u012bdz pat 100%. Lieto\u0161ana: Uzkl\u0101t nelielu daudzumu \u0161amp\u016bna uz mitriem matiem un galvas \u0101das, iemas\u0113t, l\u012bdz veidojas putas, p\u0113c tam r\u016bp\u012bgi izskalot. Piem\u0113rots ikdienas lieto\u0161anai. Br\u012bdin\u0101jumi: Tikai \u0101r\u012bgai lieto\u0161anai. Izvair\u012bties no saskares ar ac\u012bm. Ja produkts nok\u013c\u016bst ac\u012bs, r\u016bp\u012bgi izskalot [&#8230;]\n","protected":false},"featured_media":93030,"template":"","meta":[],"product_cat":[1248],"product_tag":[],"class_list":{"0":"post-62840","1":"product","2":"type-product","3":"status-publish","4":"has-post-thumbnail","6":"product_brand-rubella-bg","7":"product_cat-sampuni","9":"first","10":"instock","11":"taxable","12":"shipping-taxable","13":"product-type-simple"},"_links":{"self":[{"href":"https:\/\/e.kosmolat.eu\/lv\/wp-json\/wp\/v2\/product\/62840","targetHints":{"allow":["GET"]}}],"collection":[{"href":"https:\/\/e.kosmolat.eu\/lv\/wp-json\/wp\/v2\/product"}],"about":[{"href":"https:\/\/e.kosmolat.eu\/lv\/wp-json\/wp\/v2\/types\/product"}],"wp:featuredmedia":[{"embeddable":true,"href":"https:\/\/e.kosmolat.eu\/lv\/wp-json\/wp\/v2\/media\/93030"}],"wp:attachment":[{"href":"https:\/\/e.kosmolat.eu\/lv\/wp-json\/wp\/v2\/media?parent=62840"}],"wp:term":[{"taxonomy":"product_cat","embeddable":true,"href":"https:\/\/e.kosmolat.eu\/lv\/wp-json\/wp\/v2\/product_cat?post=62840"},{"taxonomy":"product_tag","embeddable":true,"href":"https:\/\/e.kosmolat.eu\/lv\/wp-json\/wp\/v2\/product_tag?post=62840"}],"curies":[{"name":"wp","href":"https:\/\/api.w.org\/{rel}","templated":true}]}}