{"id":62780,"date":"2025-02-22T05:02:43","date_gmt":"2025-02-22T05:02:43","guid":{"rendered":"https:\/\/e.kosmolat.eu\/product\/bl-biezas-darvas-ziepes-sejai-kermenim-un-matiem-500-ml\/"},"modified":"2026-04-23T06:37:17","modified_gmt":"2026-04-23T06:37:17","slug":"bl-biezas-darvas-ziepes-sejai-kermenim-un-matiem-500-ml","status":"publish","type":"product","link":"https:\/\/e.kosmolat.eu\/lv\/product\/bl-biezas-darvas-ziepes-sejai-kermenim-un-matiem-500-ml\/","title":{"rendered":"BL Biez\u0101s darvas ziepes sejai, \u0137ermenim un matiem, 500 ml"},"content":{"rendered":"<p>Darvas ziepes nodro\u0161ina kompleksu intens\u012bvu \u0101das un matu kop\u0161anu. Darva \u2014 dabisks antisepti\u0137is, kas efekt\u012bvi att\u012bra taukainu galvas \u0101du, nov\u0113r\u0161 blaugznas un stiprina matu saknes. Efekt\u012bvi iedarbojas uz sejas \u0101du p\u0113caknes period\u0101 un atjauno epidermu.<\/p>\n<p>Lieto\u0161ana: uzkl\u0101t ziepes uz tvaic\u0113tas \u0101das, atst\u0101t uz da\u017e\u0101m min\u016bt\u0113m, iemas\u0113t un noskalot ar \u016bdeni. Piesardz\u012bbas pas\u0101kumi: ja iek\u013c\u016bst ac\u012bs, izskalot ar \u016bdeni. Iesp\u0113jama paaugstin\u0101ta individu\u0101l\u0101 jut\u012bba pret atsevi\u0161\u0137\u0101m sast\u0101vda\u013c\u0101m. <\/p>\n<p>Der\u012bguma termi\u0146\u0161: 36 m\u0113ne\u0161i no izgatavo\u0161anas datuma. <\/p>\n<p>Uzglab\u0101\u0161anas noteikumi: uzglab\u0101t temperat\u016br\u0101 no +5 l\u012bdz +25 \u00b0C, sarg\u0101jot no tie\u0161iem saules stariem. Uzglab\u0101t vismaz 0,5 m att\u0101lum\u0101 no apkures ier\u012bc\u0113m.<\/p>\n","protected":false},"excerpt":{"rendered":"<p>Darvas ziepes nodro\u0161ina kompleksu intens\u012bvu \u0101das un matu kop\u0161anu. Darva \u2014 dabisks antisepti\u0137is, kas efekt\u012bvi att\u012bra taukainu galvas \u0101du, nov\u0113r\u0161 blaugznas un stiprina matu saknes. Efekt\u012bvi iedarbojas uz sejas \u0101du p\u0113caknes period\u0101 un atjauno epidermu. Lieto\u0161ana: uzkl\u0101t ziepes uz tvaic\u0113tas \u0101das, atst\u0101t uz da\u017e\u0101m min\u016bt\u0113m, iemas\u0113t un noskalot ar \u016bdeni. Piesardz\u012bbas pas\u0101kumi: ja iek\u013c\u016bst ac\u012bs, [&#8230;]\n","protected":false},"featured_media":99912,"template":"","meta":[],"product_cat":[1613],"product_tag":[],"class_list":{"0":"post-62780","1":"product","2":"type-product","3":"status-publish","4":"has-post-thumbnail","6":"product_brand-distina-sp-zoo","7":"product_cat-lidzekli-pirtij","9":"first","10":"instock","11":"taxable","12":"shipping-taxable","13":"product-type-simple"},"_links":{"self":[{"href":"https:\/\/e.kosmolat.eu\/lv\/wp-json\/wp\/v2\/product\/62780","targetHints":{"allow":["GET"]}}],"collection":[{"href":"https:\/\/e.kosmolat.eu\/lv\/wp-json\/wp\/v2\/product"}],"about":[{"href":"https:\/\/e.kosmolat.eu\/lv\/wp-json\/wp\/v2\/types\/product"}],"wp:featuredmedia":[{"embeddable":true,"href":"https:\/\/e.kosmolat.eu\/lv\/wp-json\/wp\/v2\/media\/99912"}],"wp:attachment":[{"href":"https:\/\/e.kosmolat.eu\/lv\/wp-json\/wp\/v2\/media?parent=62780"}],"wp:term":[{"taxonomy":"product_cat","embeddable":true,"href":"https:\/\/e.kosmolat.eu\/lv\/wp-json\/wp\/v2\/product_cat?post=62780"},{"taxonomy":"product_tag","embeddable":true,"href":"https:\/\/e.kosmolat.eu\/lv\/wp-json\/wp\/v2\/product_tag?post=62780"}],"curies":[{"name":"wp","href":"https:\/\/api.w.org\/{rel}","templated":true}]}}