{"id":62747,"date":"2025-02-21T05:06:32","date_gmt":"2025-02-21T05:06:32","guid":{"rendered":"https:\/\/e.kosmolat.eu\/product\/3-aksesuaru-komplekts-sejas-kopsanai-2-krasas-6058\/"},"modified":"2025-09-20T06:12:39","modified_gmt":"2025-09-20T06:12:39","slug":"3-aksesuaru-komplekts-sejas-kopsanai-2-krasas-6058","status":"publish","type":"product","link":"https:\/\/e.kosmolat.eu\/lv\/product\/3-aksesuaru-komplekts-sejas-kopsanai-2-krasas-6058\/","title":{"rendered":"3 aksesu\u0101ru komplekts sejas kop\u0161anai, 2 kr\u0101sas, 6058"},"content":{"rendered":"","protected":false},"excerpt":{"rendered":"","protected":false},"featured_media":78334,"template":"","meta":[],"product_cat":[1552],"product_tag":[],"class_list":{"0":"post-62747","1":"product","2":"type-product","3":"status-publish","4":"has-post-thumbnail","6":"product_brand-donegal-sp-zo-o-_pl","7":"product_cat-istrumenti-un-sikumi","9":"first","10":"outofstock","11":"taxable","12":"shipping-taxable","13":"product-type-simple"},"_links":{"self":[{"href":"https:\/\/e.kosmolat.eu\/lv\/wp-json\/wp\/v2\/product\/62747","targetHints":{"allow":["GET"]}}],"collection":[{"href":"https:\/\/e.kosmolat.eu\/lv\/wp-json\/wp\/v2\/product"}],"about":[{"href":"https:\/\/e.kosmolat.eu\/lv\/wp-json\/wp\/v2\/types\/product"}],"wp:featuredmedia":[{"embeddable":true,"href":"https:\/\/e.kosmolat.eu\/lv\/wp-json\/wp\/v2\/media\/78334"}],"wp:attachment":[{"href":"https:\/\/e.kosmolat.eu\/lv\/wp-json\/wp\/v2\/media?parent=62747"}],"wp:term":[{"taxonomy":"product_cat","embeddable":true,"href":"https:\/\/e.kosmolat.eu\/lv\/wp-json\/wp\/v2\/product_cat?post=62747"},{"taxonomy":"product_tag","embeddable":true,"href":"https:\/\/e.kosmolat.eu\/lv\/wp-json\/wp\/v2\/product_tag?post=62747"}],"curies":[{"name":"wp","href":"https:\/\/api.w.org\/{rel}","templated":true}]}}