{"id":62739,"date":"2025-02-21T05:05:52","date_gmt":"2025-02-21T05:05:52","guid":{"rendered":"https:\/\/e.kosmolat.eu\/product\/sirdsv-pudera-suklis-3-krasas-4349\/"},"modified":"2025-09-20T06:12:52","modified_gmt":"2025-09-20T06:12:52","slug":"sirdsv-pudera-suklis-3-krasas-4349","status":"publish","type":"product","link":"https:\/\/e.kosmolat.eu\/lv\/product\/sirdsv-pudera-suklis-3-krasas-4349\/","title":{"rendered":"Sirdsv. p\u016bdera s\u016bklis, 3 kr\u0101sas 4349"},"content":{"rendered":"<p>Paredz\u0113ts prec\u012bzai p\u016bdera uzkl\u0101\u0161anai zon\u0101 ap ac\u012bm.<\/p>\n","protected":false},"excerpt":{"rendered":"<p>Paredz\u0113ts prec\u012bzai p\u016bdera uzkl\u0101\u0161anai zon\u0101 ap ac\u012bm.<\/p>\n","protected":false},"featured_media":93494,"template":"","meta":[],"product_cat":[1551],"product_tag":[],"class_list":{"0":"post-62739","1":"product","2":"type-product","3":"status-publish","4":"has-post-thumbnail","6":"product_brand-donegal-sp-zo-o-_pl","7":"product_cat-kempineles-ir-aplikatoriai","9":"first","10":"outofstock","11":"taxable","12":"shipping-taxable","13":"product-type-simple"},"_links":{"self":[{"href":"https:\/\/e.kosmolat.eu\/lv\/wp-json\/wp\/v2\/product\/62739","targetHints":{"allow":["GET"]}}],"collection":[{"href":"https:\/\/e.kosmolat.eu\/lv\/wp-json\/wp\/v2\/product"}],"about":[{"href":"https:\/\/e.kosmolat.eu\/lv\/wp-json\/wp\/v2\/types\/product"}],"wp:featuredmedia":[{"embeddable":true,"href":"https:\/\/e.kosmolat.eu\/lv\/wp-json\/wp\/v2\/media\/93494"}],"wp:attachment":[{"href":"https:\/\/e.kosmolat.eu\/lv\/wp-json\/wp\/v2\/media?parent=62739"}],"wp:term":[{"taxonomy":"product_cat","embeddable":true,"href":"https:\/\/e.kosmolat.eu\/lv\/wp-json\/wp\/v2\/product_cat?post=62739"},{"taxonomy":"product_tag","embeddable":true,"href":"https:\/\/e.kosmolat.eu\/lv\/wp-json\/wp\/v2\/product_tag?post=62739"}],"curies":[{"name":"wp","href":"https:\/\/api.w.org\/{rel}","templated":true}]}}