{"id":62731,"date":"2025-02-21T05:04:37","date_gmt":"2025-02-21T05:04:37","guid":{"rendered":"https:\/\/e.kosmolat.eu\/product\/matt-crush-divpus-pincete-maksl-skropst-ar-kemmiti-melna-4127\/"},"modified":"2025-09-20T06:11:59","modified_gmt":"2025-09-20T06:11:59","slug":"matt-crush-divpus-pincete-maksl-skropst-ar-kemmiti-melna-4127","status":"publish","type":"product","link":"https:\/\/e.kosmolat.eu\/lv\/product\/matt-crush-divpus-pincete-maksl-skropst-ar-kemmiti-melna-4127\/","title":{"rendered":"Matt Crush Divpus. pincete m\u0101ksl. skropst. ar \u0137emm\u012bti, melna, 4127"},"content":{"rendered":"<p>Eleganta, mat\u0113ta divpus\u0113ja pincete ir ide\u0101li piem\u0113rota piel\u012bm\u0113jam\u0101m skropst\u0101m, \u0137ekaru skropst\u0101m un magn\u0113tisk\u0101m skropst\u0101m. Divpus\u0113jai pincetei ir \u0137emm\u012bte, kas atvieglos uzacu un skropstu veido\u0161anu.<\/p>\n","protected":false},"excerpt":{"rendered":"<p>Eleganta, mat\u0113ta divpus\u0113ja pincete ir ide\u0101li piem\u0113rota piel\u012bm\u0113jam\u0101m skropst\u0101m, \u0137ekaru skropst\u0101m un magn\u0113tisk\u0101m skropst\u0101m. Divpus\u0113jai pincetei ir \u0137emm\u012bte, kas atvieglos uzacu un skropstu veido\u0161anu.<\/p>\n","protected":false},"featured_media":93482,"template":"","meta":[],"product_cat":[1552],"product_tag":[],"class_list":{"0":"post-62731","1":"product","2":"type-product","3":"status-publish","4":"has-post-thumbnail","6":"product_brand-donegal-sp-zo-o-_pl","7":"product_cat-istrumenti-un-sikumi","9":"first","10":"outofstock","11":"taxable","12":"shipping-taxable","13":"product-type-simple"},"_links":{"self":[{"href":"https:\/\/e.kosmolat.eu\/lv\/wp-json\/wp\/v2\/product\/62731","targetHints":{"allow":["GET"]}}],"collection":[{"href":"https:\/\/e.kosmolat.eu\/lv\/wp-json\/wp\/v2\/product"}],"about":[{"href":"https:\/\/e.kosmolat.eu\/lv\/wp-json\/wp\/v2\/types\/product"}],"wp:featuredmedia":[{"embeddable":true,"href":"https:\/\/e.kosmolat.eu\/lv\/wp-json\/wp\/v2\/media\/93482"}],"wp:attachment":[{"href":"https:\/\/e.kosmolat.eu\/lv\/wp-json\/wp\/v2\/media?parent=62731"}],"wp:term":[{"taxonomy":"product_cat","embeddable":true,"href":"https:\/\/e.kosmolat.eu\/lv\/wp-json\/wp\/v2\/product_cat?post=62731"},{"taxonomy":"product_tag","embeddable":true,"href":"https:\/\/e.kosmolat.eu\/lv\/wp-json\/wp\/v2\/product_tag?post=62731"}],"curies":[{"name":"wp","href":"https:\/\/api.w.org\/{rel}","templated":true}]}}