{"id":62723,"date":"2025-02-21T05:03:40","date_gmt":"2025-02-21T05:03:40","guid":{"rendered":"https:\/\/e.kosmolat.eu\/product\/matt-crush-slipa-pincete-melna-4126\/"},"modified":"2025-09-20T06:11:44","modified_gmt":"2025-09-20T06:11:44","slug":"matt-crush-slipa-pincete-melna-4126","status":"publish","type":"product","link":"https:\/\/e.kosmolat.eu\/lv\/product\/matt-crush-slipa-pincete-melna-4126\/","title":{"rendered":"Matt Crush Sl\u012bpa pincete, melna, 4126"},"content":{"rendered":"<p>\u0160\u012b pincete, izstr\u0101d\u0101ta ar precizit\u0101ti un eleganci, ir neaizst\u0101jams r\u012bks j\u016bsu kosm\u0113tikas somi\u0146\u0101. Iztur\u012bga un prec\u012bza, t\u0101 \u013cauj viegli veidot j\u016bsu uzacis. Pl\u0101ni, nedaudz sl\u012bpi asme\u0146i nodro\u0161ina \u0101tru nev\u0113lamo mati\u0146u no\u0146em\u0161anu.<\/p>\n","protected":false},"excerpt":{"rendered":"<p>\u0160\u012b pincete, izstr\u0101d\u0101ta ar precizit\u0101ti un eleganci, ir neaizst\u0101jams r\u012bks j\u016bsu kosm\u0113tikas somi\u0146\u0101. Iztur\u012bga un prec\u012bza, t\u0101 \u013cauj viegli veidot j\u016bsu uzacis. Pl\u0101ni, nedaudz sl\u012bpi asme\u0146i nodro\u0161ina \u0101tru nev\u0113lamo mati\u0146u no\u0146em\u0161anu.<\/p>\n","protected":false},"featured_media":93478,"template":"","meta":[],"product_cat":[1552],"product_tag":[],"class_list":{"0":"post-62723","1":"product","2":"type-product","3":"status-publish","4":"has-post-thumbnail","6":"product_brand-donegal-sp-zo-o-_pl","7":"product_cat-istrumenti-un-sikumi","9":"first","10":"outofstock","11":"taxable","12":"shipping-taxable","13":"product-type-simple"},"_links":{"self":[{"href":"https:\/\/e.kosmolat.eu\/lv\/wp-json\/wp\/v2\/product\/62723","targetHints":{"allow":["GET"]}}],"collection":[{"href":"https:\/\/e.kosmolat.eu\/lv\/wp-json\/wp\/v2\/product"}],"about":[{"href":"https:\/\/e.kosmolat.eu\/lv\/wp-json\/wp\/v2\/types\/product"}],"wp:featuredmedia":[{"embeddable":true,"href":"https:\/\/e.kosmolat.eu\/lv\/wp-json\/wp\/v2\/media\/93478"}],"wp:attachment":[{"href":"https:\/\/e.kosmolat.eu\/lv\/wp-json\/wp\/v2\/media?parent=62723"}],"wp:term":[{"taxonomy":"product_cat","embeddable":true,"href":"https:\/\/e.kosmolat.eu\/lv\/wp-json\/wp\/v2\/product_cat?post=62723"},{"taxonomy":"product_tag","embeddable":true,"href":"https:\/\/e.kosmolat.eu\/lv\/wp-json\/wp\/v2\/product_tag?post=62723"}],"curies":[{"name":"wp","href":"https:\/\/api.w.org\/{rel}","templated":true}]}}