{"id":62715,"date":"2025-02-21T05:03:12","date_gmt":"2025-02-21T05:03:12","guid":{"rendered":"https:\/\/e.kosmolat.eu\/product\/matt-crush-nagu-knaibles-melnas-2144\/"},"modified":"2025-09-20T05:55:39","modified_gmt":"2025-09-20T05:55:39","slug":"matt-crush-nagu-knaibles-melnas-2144","status":"publish","type":"product","link":"https:\/\/e.kosmolat.eu\/lv\/product\/matt-crush-nagu-knaibles-melnas-2144\/","title":{"rendered":"Matt Crush Nagu knaibles, melnas, 2144"},"content":{"rendered":"<p>Elegantas mat\u0113tas nagu knaibles pie\u0161\u0137irs formu un nodro\u0161in\u0101s gludas nagu malas. Pateicoties iztur\u012bgajam asmenim, t\u0101s sp\u0113j tikt gal\u0101 pat ar \u013coti bieziem nagiem. Izstr\u0101d\u0101jums ir \u0113rts lieto\u0161an\u0101 un to viegli uzglab\u0101t.<\/p>\n","protected":false},"excerpt":{"rendered":"<p>Elegantas mat\u0113tas nagu knaibles pie\u0161\u0137irs formu un nodro\u0161in\u0101s gludas nagu malas. Pateicoties iztur\u012bgajam asmenim, t\u0101s sp\u0113j tikt gal\u0101 pat ar \u013coti bieziem nagiem. Izstr\u0101d\u0101jums ir \u0113rts lieto\u0161an\u0101 un to viegli uzglab\u0101t.<\/p>\n","protected":false},"featured_media":93210,"template":"","meta":[],"product_cat":[1755],"product_tag":[],"class_list":{"0":"post-62715","1":"product","2":"type-product","3":"status-publish","4":"has-post-thumbnail","6":"product_brand-donegal-sp-zo-o-_pl","7":"product_cat-roku-kopsanas-aksesuari","9":"first","10":"outofstock","11":"taxable","12":"shipping-taxable","13":"product-type-simple"},"_links":{"self":[{"href":"https:\/\/e.kosmolat.eu\/lv\/wp-json\/wp\/v2\/product\/62715","targetHints":{"allow":["GET"]}}],"collection":[{"href":"https:\/\/e.kosmolat.eu\/lv\/wp-json\/wp\/v2\/product"}],"about":[{"href":"https:\/\/e.kosmolat.eu\/lv\/wp-json\/wp\/v2\/types\/product"}],"wp:featuredmedia":[{"embeddable":true,"href":"https:\/\/e.kosmolat.eu\/lv\/wp-json\/wp\/v2\/media\/93210"}],"wp:attachment":[{"href":"https:\/\/e.kosmolat.eu\/lv\/wp-json\/wp\/v2\/media?parent=62715"}],"wp:term":[{"taxonomy":"product_cat","embeddable":true,"href":"https:\/\/e.kosmolat.eu\/lv\/wp-json\/wp\/v2\/product_cat?post=62715"},{"taxonomy":"product_tag","embeddable":true,"href":"https:\/\/e.kosmolat.eu\/lv\/wp-json\/wp\/v2\/product_tag?post=62715"}],"curies":[{"name":"wp","href":"https:\/\/api.w.org\/{rel}","templated":true}]}}