{"id":62707,"date":"2025-02-21T05:02:57","date_gmt":"2025-02-21T05:02:57","guid":{"rendered":"https:\/\/e.kosmolat.eu\/product\/love-my-skin-aksesuaru-komplekts-sejas-kops-6802\/"},"modified":"2026-03-13T07:31:17","modified_gmt":"2026-03-13T07:31:17","slug":"lms-aksesuaru-komplekts-sejas-kops-6802","status":"publish","type":"product","link":"https:\/\/e.kosmolat.eu\/lv\/product\/lms-aksesuaru-komplekts-sejas-kops-6802\/","title":{"rendered":"LMS aksesu\u0101ru komplekts sejas kop\u0161., 6802"},"content":{"rendered":"<p>Love My Skin aksesu\u0101ru komplekts sejas kop\u0161anai \u2014 ide\u0101la d\u0101vana meikapa cien\u012bt\u0101jiem.<\/p>\n<p>Komplekt\u0101:<br \/>\n\u2022 Grima no\u0146em\u0161anas s\u016bklis Boo Boo Cleaning \u2014 efekt\u012bvi no\u0146em grimu tikai ar \u016bdeni.<br \/>\n\u2022 Sirdsveida p\u016bdera s\u016bk\u013ci tr\u012bs paste\u013cto\u0146os, paredz\u0113ti prec\u012bzai p\u016bdera uzkl\u0101\u0161anai ap ac\u012bm.<\/p>\n","protected":false},"excerpt":{"rendered":"<p>Love My Skin aksesu\u0101ru komplekts sejas kop\u0161anai \u2014 ide\u0101la d\u0101vana meikapa cien\u012bt\u0101jiem. Komplekt\u0101: \u2022 Grima no\u0146em\u0161anas s\u016bklis Boo Boo Cleaning \u2014 efekt\u012bvi no\u0146em grimu tikai ar \u016bdeni. \u2022 Sirdsveida p\u016bdera s\u016bk\u013ci tr\u012bs paste\u013cto\u0146os, paredz\u0113ti prec\u012bzai p\u016bdera uzkl\u0101\u0161anai ap ac\u012bm.<\/p>\n","protected":false},"featured_media":93206,"template":"","meta":[],"product_cat":[2182],"product_tag":[],"class_list":{"0":"post-62707","1":"product","2":"type-product","3":"status-publish","4":"has-post-thumbnail","6":"product_brand-donegal-sp-zo-o-_pl","7":"product_cat-bez-kategorijas-ru","9":"first","10":"instock","11":"taxable","12":"shipping-taxable","13":"product-type-simple"},"_links":{"self":[{"href":"https:\/\/e.kosmolat.eu\/lv\/wp-json\/wp\/v2\/product\/62707","targetHints":{"allow":["GET"]}}],"collection":[{"href":"https:\/\/e.kosmolat.eu\/lv\/wp-json\/wp\/v2\/product"}],"about":[{"href":"https:\/\/e.kosmolat.eu\/lv\/wp-json\/wp\/v2\/types\/product"}],"wp:featuredmedia":[{"embeddable":true,"href":"https:\/\/e.kosmolat.eu\/lv\/wp-json\/wp\/v2\/media\/93206"}],"wp:attachment":[{"href":"https:\/\/e.kosmolat.eu\/lv\/wp-json\/wp\/v2\/media?parent=62707"}],"wp:term":[{"taxonomy":"product_cat","embeddable":true,"href":"https:\/\/e.kosmolat.eu\/lv\/wp-json\/wp\/v2\/product_cat?post=62707"},{"taxonomy":"product_tag","embeddable":true,"href":"https:\/\/e.kosmolat.eu\/lv\/wp-json\/wp\/v2\/product_tag?post=62707"}],"curies":[{"name":"wp","href":"https:\/\/api.w.org\/{rel}","templated":true}]}}