{"id":62699,"date":"2025-02-21T05:02:43","date_gmt":"2025-02-21T05:02:43","guid":{"rendered":"https:\/\/e.kosmolat.eu\/product\/matt-crush-nagu-skeres-melnas-2143\/"},"modified":"2025-09-20T06:11:04","modified_gmt":"2025-09-20T06:11:04","slug":"matt-crush-nagu-skeres-melnas-2143","status":"publish","type":"product","link":"https:\/\/e.kosmolat.eu\/lv\/product\/matt-crush-nagu-skeres-melnas-2143\/","title":{"rendered":"Matt Crush Nagu \u0161\u0137\u0113res, melnas, 2143"},"content":{"rendered":"<p>Elegantas mat\u0113tas \u0161\u0137\u0113res ir izstr\u0101d\u0101tas, lai nodro\u0161in\u0101tu maksim\u0101lu komfortu un precizit\u0101ti nagu apgrie\u0161an\u0101. Izgatavotas no augstas kvalit\u0101tes ner\u016bs\u0113jo\u0161\u0101 t\u0113rauda, t\u0101s garant\u0113 ilgm\u016b\u017e\u012bbu. To ergonomisk\u0101 forma un asi asme\u0146i nodro\u0161ina prec\u012bzu un dro\u0161u nagu apgrie\u0161anu.<\/p>\n","protected":false},"excerpt":{"rendered":"<p>Elegantas mat\u0113tas \u0161\u0137\u0113res ir izstr\u0101d\u0101tas, lai nodro\u0161in\u0101tu maksim\u0101lu komfortu un precizit\u0101ti nagu apgrie\u0161an\u0101. Izgatavotas no augstas kvalit\u0101tes ner\u016bs\u0113jo\u0161\u0101 t\u0113rauda, t\u0101s garant\u0113 ilgm\u016b\u017e\u012bbu. To ergonomisk\u0101 forma un asi asme\u0146i nodro\u0161ina prec\u012bzu un dro\u0161u nagu apgrie\u0161anu.<\/p>\n","protected":false},"featured_media":93466,"template":"","meta":[],"product_cat":[1755],"product_tag":[],"class_list":{"0":"post-62699","1":"product","2":"type-product","3":"status-publish","4":"has-post-thumbnail","6":"product_brand-donegal-sp-zo-o-_pl","7":"product_cat-roku-kopsanas-aksesuari","9":"first","10":"outofstock","11":"taxable","12":"shipping-taxable","13":"product-type-simple"},"_links":{"self":[{"href":"https:\/\/e.kosmolat.eu\/lv\/wp-json\/wp\/v2\/product\/62699","targetHints":{"allow":["GET"]}}],"collection":[{"href":"https:\/\/e.kosmolat.eu\/lv\/wp-json\/wp\/v2\/product"}],"about":[{"href":"https:\/\/e.kosmolat.eu\/lv\/wp-json\/wp\/v2\/types\/product"}],"wp:featuredmedia":[{"embeddable":true,"href":"https:\/\/e.kosmolat.eu\/lv\/wp-json\/wp\/v2\/media\/93466"}],"wp:attachment":[{"href":"https:\/\/e.kosmolat.eu\/lv\/wp-json\/wp\/v2\/media?parent=62699"}],"wp:term":[{"taxonomy":"product_cat","embeddable":true,"href":"https:\/\/e.kosmolat.eu\/lv\/wp-json\/wp\/v2\/product_cat?post=62699"},{"taxonomy":"product_tag","embeddable":true,"href":"https:\/\/e.kosmolat.eu\/lv\/wp-json\/wp\/v2\/product_tag?post=62699"}],"curies":[{"name":"wp","href":"https:\/\/api.w.org\/{rel}","templated":true}]}}