{"id":62691,"date":"2025-02-21T05:02:29","date_gmt":"2025-02-21T05:02:29","guid":{"rendered":"https:\/\/e.kosmolat.eu\/product\/sp-krug-intens-iedarbibas-dezodorants-ar-koloidalo-sudr-50-ml\/"},"modified":"2025-09-22T10:58:45","modified_gmt":"2025-09-22T10:58:45","slug":"i_sp-krug-intens-iedarbibas-dezodorants-ar-koloidalo-sudr-50-ml","status":"publish","type":"product","link":"https:\/\/e.kosmolat.eu\/lv\/product\/i_sp-krug-intens-iedarbibas-dezodorants-ar-koloidalo-sudr-50-ml\/","title":{"rendered":"I_Sp. Krug Intens. iedarb\u012bbas dezodorants ar koloid\u0101lo sudr., 50 ml"},"content":{"rendered":"<p>Dezodorants uz koloid\u0101l\u0101 sudraba b\u0101zes nodro\u0161ina aizsardz\u012bbu pret nepat\u012bkamu smaku un \u0101das kairin\u0101jumu l\u012bdz 24 stund\u0101m. Pat\u012bkams un efekt\u012bvs lieto\u0161an\u0101. Uzkl\u0101t uz t\u012bras un sausas \u0101das.<\/p>\n<p>Uzglab\u0101t temperat\u016br\u0101 no +2 \u00b0C l\u012bdz +25 \u00b0C.<\/p>\n","protected":false},"excerpt":{"rendered":"<p>Dezodorants uz koloid\u0101l\u0101 sudraba b\u0101zes nodro\u0161ina aizsardz\u012bbu pret nepat\u012bkamu smaku un \u0101das kairin\u0101jumu l\u012bdz 24 stund\u0101m. Pat\u012bkams un efekt\u012bvs lieto\u0161an\u0101. Uzkl\u0101t uz t\u012bras un sausas \u0101das. Uzglab\u0101t temperat\u016br\u0101 no +2 \u00b0C l\u012bdz +25 \u00b0C.<\/p>\n","protected":false},"featured_media":93462,"template":"","meta":[],"product_cat":[1692],"product_tag":[],"class_list":{"0":"post-62691","1":"product","2":"type-product","3":"status-publish","4":"has-post-thumbnail","6":"product_brand-elpis","7":"product_cat-dezodoranti-viriesiem","9":"first","10":"outofstock","11":"taxable","12":"shipping-taxable","13":"product-type-simple"},"_links":{"self":[{"href":"https:\/\/e.kosmolat.eu\/lv\/wp-json\/wp\/v2\/product\/62691","targetHints":{"allow":["GET"]}}],"collection":[{"href":"https:\/\/e.kosmolat.eu\/lv\/wp-json\/wp\/v2\/product"}],"about":[{"href":"https:\/\/e.kosmolat.eu\/lv\/wp-json\/wp\/v2\/types\/product"}],"wp:featuredmedia":[{"embeddable":true,"href":"https:\/\/e.kosmolat.eu\/lv\/wp-json\/wp\/v2\/media\/93462"}],"wp:attachment":[{"href":"https:\/\/e.kosmolat.eu\/lv\/wp-json\/wp\/v2\/media?parent=62691"}],"wp:term":[{"taxonomy":"product_cat","embeddable":true,"href":"https:\/\/e.kosmolat.eu\/lv\/wp-json\/wp\/v2\/product_cat?post=62691"},{"taxonomy":"product_tag","embeddable":true,"href":"https:\/\/e.kosmolat.eu\/lv\/wp-json\/wp\/v2\/product_tag?post=62691"}],"curies":[{"name":"wp","href":"https:\/\/api.w.org\/{rel}","templated":true}]}}