{"id":62671,"date":"2025-02-20T11:50:17","date_gmt":"2025-02-20T11:50:17","guid":{"rendered":"https:\/\/e.kosmolat.eu\/product\/elskin-lifting-gel-mask-collagen-1-mask\/"},"modified":"2025-09-20T06:10:37","modified_gmt":"2025-09-20T06:10:37","slug":"elskin-collagen-gela-sejas-maska-ekspress-liftings-1-gab-32-g","status":"publish","type":"product","link":"https:\/\/e.kosmolat.eu\/lv\/product\/elskin-collagen-gela-sejas-maska-ekspress-liftings-1-gab-32-g\/","title":{"rendered":"El&#8217;Skin Collagen G\u0113la sejas maska Ekspress liftings, 1 gab. 32 g"},"content":{"rendered":"<p>\u0160\u012b maska ir paredz\u0113ta intens\u012bvai sejas \u0101das kop\u0161anai, nodro\u0161inot atjaunojo\u0161u un liftinga efektu. T\u0101 izl\u012bdzina smalk\u0101s grumbi\u0146as, samazina to dzi\u013cumu, mitrina, uzlabo \u0101das elast\u012bbu, toni un nodro\u0161ina redzamu liftinga efektu. Maska sast\u0101v no pl\u0101nas g\u0113la loksnes, kas tiek uzkl\u0101ta uz sejas. Pateicoties tam, ka maska iede\u0101li piegu\u013c pie \u0101das, tiek rad\u012bts &#8220;otr\u0101s \u0101das&#8221; efekts. Lieto\u0161anas laik\u0101 g\u0113ls rea\u0123\u0113 uz \u0137erme\u0146a temperat\u016bru un iz\u0161\u0137\u012bst, efekt\u012bvi pieg\u0101d\u0101jot akt\u012bv\u0101s sast\u0101vda\u013cas dzi\u013ci derm\u0101.<br \/>\n\u2022 Augsts kolag\u0113na saturs: Intens\u012bvi atjauno zaud\u0113to elast\u012bbu, uztur mitruma l\u012bdzsvaru, nostiprina \u0101du un aizsarg\u0101 to pret \u0101r\u0113jiem faktoriem. Stim\u0113 dabisk\u0101 kolag\u0113na un elast\u012bna ra\u017eo\u0161anu, atgrie\u017eot \u0101dai bl\u012bvumu un elast\u012bbu.<br \/>\n\u2022 Glieme\u017eu muc\u012bns: Atjauno \u0101du.<\/p>\n<p>*G\u0113la maskas var lietot katru dienu jebkur\u0101 sezon\u0101 bez ierobe\u017eojumiem. T\u0101s ir piem\u0113rotas visiem \u0101das tipiem jebkur\u0101 vecum\u0101.<\/p>\n<p>Lieto\u0161ana: Pirms lieto\u0161anas masku var atdzes\u0113t ledusskap\u012b vismaz divas stundas vai uzsild\u012bt, ievietojot iepakojumu silt\u0101 \u016bden\u012b. Abos gad\u012bjumos maskas efekts tiks pastiprin\u0101ts.<br \/>\n1. Not\u012briet sejas \u0101du. Atveriet iepakojumu un iz\u0146emiet masku.<br \/>\n2. R\u016bp\u012bgi atdaliet g\u0113la pamatni no aizsarg\u0101jo\u0161\u0101s k\u0101rtas.<br \/>\n3. Maigi uzkl\u0101jiet g\u0113la masku uz sejas, izl\u012bdzinot to ar pirkstu galiem. Atst\u0101jiet uz 20-25 min\u016bt\u0113m. P\u0113c tam no\u0146emiet masku un viegli iemas\u0113jiet atliku\u0161o produktu \u0101d\u0101. Nav j\u0101noskalo.<br \/>\nLietojiet masku 2\u20133 reizes ned\u0113\u013c\u0101 vai pirms do\u0161an\u0101s \u0101r\u0101. Regul\u0101ri lietojot, \u0101da k\u013c\u016bs gluda, maiga, elast\u012bga, svaiga un mirdzo\u0161a.<\/p>\n<p>Piesardz\u012bbas pas\u0101kumi: 1.Izvair\u012bties no lieto\u0161anas uz boj\u0101tas, kairin\u0101tas un apdegu\u0161\u0101s saul\u0113 \u0101das. 2. Nelietot, ja ir paaugstin\u0101ta jut\u012bba pret k\u0101du no maskas sast\u0101vda\u013c\u0101m. Ja lieto\u0161anas proces\u0101 uz \u0101das rodas aps\u0101rtums un kairin\u0101jums, p\u0101rtrauciet lieto\u0161anu un v\u0113r\u0161aties pie \u0101rsta. 3. Izvair\u012bties no iek\u013c\u016b\u0161anas ac\u012bs, ja iek\u013c\u016bst ac\u012bs noskalojiet ar \u016bdeni. 4. Uzglab\u0101t b\u0113rniem nepieejam\u0101 viet\u0101, temperat\u016br\u0101 no no 0\u00b0C l\u012bdz +25\u00b0C, sarg\u0101jot no tie\u0161iem saules stariem. 5. Tikai \u0101r\u012bgai lieto\u0161anai! Nenor\u012bt!<\/p>\n","protected":false},"excerpt":{"rendered":"<p>\u0160\u012b maska ir paredz\u0113ta intens\u012bvai sejas \u0101das kop\u0161anai, nodro\u0161inot atjaunojo\u0161u un liftinga efektu. T\u0101 izl\u012bdzina smalk\u0101s grumbi\u0146as, samazina to dzi\u013cumu, mitrina, uzlabo \u0101das elast\u012bbu, toni un nodro\u0161ina redzamu liftinga efektu. Maska sast\u0101v no pl\u0101nas g\u0113la loksnes, kas tiek uzkl\u0101ta uz sejas. Pateicoties tam, ka maska iede\u0101li piegu\u013c pie \u0101das, tiek rad\u012bts &#8220;otr\u0101s \u0101das&#8221; efekts. Lieto\u0161anas [&#8230;]\n","protected":false},"featured_media":93458,"template":"","meta":[],"product_cat":[1369],"product_tag":[],"class_list":{"0":"post-62671","1":"product","2":"type-product","3":"status-publish","4":"has-post-thumbnail","6":"product_brand-skinlite","7":"product_cat-veido-kaukes","9":"first","10":"outofstock","11":"taxable","12":"shipping-taxable","13":"product-type-simple"},"_links":{"self":[{"href":"https:\/\/e.kosmolat.eu\/lv\/wp-json\/wp\/v2\/product\/62671","targetHints":{"allow":["GET"]}}],"collection":[{"href":"https:\/\/e.kosmolat.eu\/lv\/wp-json\/wp\/v2\/product"}],"about":[{"href":"https:\/\/e.kosmolat.eu\/lv\/wp-json\/wp\/v2\/types\/product"}],"wp:featuredmedia":[{"embeddable":true,"href":"https:\/\/e.kosmolat.eu\/lv\/wp-json\/wp\/v2\/media\/93458"}],"wp:attachment":[{"href":"https:\/\/e.kosmolat.eu\/lv\/wp-json\/wp\/v2\/media?parent=62671"}],"wp:term":[{"taxonomy":"product_cat","embeddable":true,"href":"https:\/\/e.kosmolat.eu\/lv\/wp-json\/wp\/v2\/product_cat?post=62671"},{"taxonomy":"product_tag","embeddable":true,"href":"https:\/\/e.kosmolat.eu\/lv\/wp-json\/wp\/v2\/product_tag?post=62671"}],"curies":[{"name":"wp","href":"https:\/\/api.w.org\/{rel}","templated":true}]}}