{"id":62651,"date":"2025-02-20T05:02:17","date_gmt":"2025-02-20T05:02:17","guid":{"rendered":"https:\/\/e.kosmolat.eu\/product\/gp-skidras-ziepes-kumelite-un-linseklas-doypack-460-ml\/"},"modified":"2026-03-31T18:31:55","modified_gmt":"2026-03-31T18:31:55","slug":"gp-skidras-ziepes-kumelite-un-linseklas-doypack-460-ml","status":"publish","type":"product","link":"https:\/\/e.kosmolat.eu\/lv\/product\/gp-skidras-ziepes-kumelite-un-linseklas-doypack-460-ml\/","title":{"rendered":"GP \u0160\u0137idr\u0101s ziepes Kumel\u012bte un lins\u0113klas, doypack, 460 ml"},"content":{"rendered":"<p>Saudz\u012bgi att\u012bra un izl\u012bdzina \u0101du. Satur lins\u0113klu e\u013c\u013cu un kumel\u012b\u0161u ekstraktu.<\/p>\n<p>Piesardz\u012bbas pas\u0101kumi: paaugstin\u0101ta individu\u0101l\u0101 jut\u012bba pret atsevi\u0161\u0137\u0101m sast\u0101vda\u013c\u0101m. <\/p>\n<p>Uzglab\u0101\u0161anas temperat\u016bra: no +5\u00b0C l\u012bdz +25\u00b0C.<\/p>\n<p>Der\u012bguma termi\u0146\u0161: 30 m\u0113ne\u0161i no izgatavo\u0161anas datuma.<\/p>\n","protected":false},"excerpt":{"rendered":"<p>Saudz\u012bgi att\u012bra un izl\u012bdzina \u0101du. Satur lins\u0113klu e\u013c\u013cu un kumel\u012b\u0161u ekstraktu. Piesardz\u012bbas pas\u0101kumi: paaugstin\u0101ta individu\u0101l\u0101 jut\u012bba pret atsevi\u0161\u0137\u0101m sast\u0101vda\u013c\u0101m. Uzglab\u0101\u0161anas temperat\u016bra: no +5\u00b0C l\u012bdz +25\u00b0C. Der\u012bguma termi\u0146\u0161: 30 m\u0113ne\u0161i no izgatavo\u0161anas datuma.<\/p>\n","protected":false},"featured_media":78582,"template":"","meta":[],"product_cat":[1746],"product_tag":[],"class_list":{"0":"post-62651","1":"product","2":"type-product","3":"status-publish","4":"has-post-thumbnail","6":"product_brand-elfa_ua","7":"product_cat-skidras-ziepes","9":"first","10":"outofstock","11":"taxable","12":"shipping-taxable","13":"product-type-simple"},"_links":{"self":[{"href":"https:\/\/e.kosmolat.eu\/lv\/wp-json\/wp\/v2\/product\/62651","targetHints":{"allow":["GET"]}}],"collection":[{"href":"https:\/\/e.kosmolat.eu\/lv\/wp-json\/wp\/v2\/product"}],"about":[{"href":"https:\/\/e.kosmolat.eu\/lv\/wp-json\/wp\/v2\/types\/product"}],"wp:featuredmedia":[{"embeddable":true,"href":"https:\/\/e.kosmolat.eu\/lv\/wp-json\/wp\/v2\/media\/78582"}],"wp:attachment":[{"href":"https:\/\/e.kosmolat.eu\/lv\/wp-json\/wp\/v2\/media?parent=62651"}],"wp:term":[{"taxonomy":"product_cat","embeddable":true,"href":"https:\/\/e.kosmolat.eu\/lv\/wp-json\/wp\/v2\/product_cat?post=62651"},{"taxonomy":"product_tag","embeddable":true,"href":"https:\/\/e.kosmolat.eu\/lv\/wp-json\/wp\/v2\/product_tag?post=62651"}],"curies":[{"name":"wp","href":"https:\/\/api.w.org\/{rel}","templated":true}]}}