{"id":62646,"date":"2025-02-19T14:22:04","date_gmt":"2025-02-19T14:22:04","guid":{"rendered":"https:\/\/e.kosmolat.eu\/?post_type=product&#038;p=62646"},"modified":"2026-01-16T10:46:07","modified_gmt":"2026-01-16T10:46:07","slug":"elskin-snail-secret-sejas-krems-20-g","status":"publish","type":"product","link":"https:\/\/e.kosmolat.eu\/lv\/product\/elskin-snail-secret-sejas-krems-20-g\/","title":{"rendered":"El&#8217;Skin Snail Secret Sejas kr\u0113ms, 20 g"},"content":{"rendered":"<p>Kr\u0113mam ar augstu muc\u012bna saturu ir maiga tekst\u016bra. Tas uzreiz ies\u016bcas dzi\u013c\u0101kajos \u0101das sl\u0101\u0146os, aizpilda grumbas, mitrina un baro \u0101du, atjaunojot to. Glieme\u017eu muc\u012bns ir unik\u0101la sast\u0101vda\u013ca, kas rakstur\u012bga ar sp\u0113c\u012bg\u0101m atjaunojo\u0161\u0101m \u012bpa\u0161\u012bb\u0101m.  B\u016bdams antioksidants, tas izvada toks\u012bnus, veicina \u0161\u016bnu atjauno\u0161anos, veiksm\u012bgi c\u012bn\u0101s ar pigment\u0101ciju un papla\u0161in\u0101t\u0101m por\u0101m, k\u0101 ar\u012b aizsarg\u0101 \u0101du no \u0101r\u0113jiem faktoriem. Muc\u012bns aktiviz\u0113 kolag\u0113na un elast\u012bna ra\u017eo\u0161anu, nov\u0113r\u0161 sausumu un lob\u012b\u0161anos, pal\u012bdz saglab\u0101t jaun\u012bbu un pie\u0161\u0137ir sejai vesel\u012bgu un koptu izskatu. Regul\u0101ri lietojot l\u012bdzek\u013cus ar muc\u012bnu, \u0101da k\u013c\u016bst elast\u012bg\u0101ka, grumbas k\u013c\u016bst maz\u0101k paman\u0101mas, \u0101das tonis k\u013c\u016bst vienm\u0113r\u012bg\u0101ks.<br \/>\n*Pateicoties augstajai dabisk\u0101 muc\u012bna koncentr\u0101cijai sast\u0101v\u0101, kr\u0113mam var b\u016bt viskoz\u0101 konsistence.<\/p>\n<p>Lieto\u0161ana: Uzkl\u0101jiet nelielu daudzumu kr\u0113ma uz t\u012bras sejas, kakla un dekolt\u0113 zonas \u0101das, viegli iemas\u0113jiet l\u012bdz piln\u012bgai uzs\u016bk\u0161anai. Piem\u0113rots gan dienas, gan nakts kop\u0161anai, tostarp k\u0101 b\u0101ze grimam. NESATUR SPF. Lai sasniegtu redzamus rezult\u0101tus, serumu ieteicams lietot 1-2 reizes dien\u0101 m\u0113ne\u0161a garum\u0101.<\/p>\n<p>Piesardz\u012bbas pas\u0101kumi: 1.Izvair\u012bties no lieto\u0161anas uz boj\u0101tas, kairin\u0101tas un apdegu\u0161\u0101s saul\u0113 \u0101das. 2. Nelietot, ja ir paaugstin\u0101ta jut\u012bba pret k\u0101du no maskas sast\u0101vda\u013c\u0101m. Ja lieto\u0161anas proces\u0101 uz \u0101das rodas aps\u0101rtums un kairin\u0101jums, p\u0101rtrauciet lieto\u0161anu un v\u0113r\u0161aties pie \u0101rsta. 3. Izvair\u012bties no iek\u013c\u016b\u0161anas ac\u012bs, ja iek\u013c\u016bst ac\u012bs noskalojiet ar \u016bdeni. 4. Uzglab\u0101t b\u0113rniem nepieejam\u0101 viet\u0101, temperat\u016br\u0101 no no 0\u00b0C l\u012bdz +25\u00b0C, sarg\u0101jot no tie\u0161iem saules stariem. 5. Tikai \u0101r\u012bgai lieto\u0161anai! Nenor\u012bt!<\/p>\n","protected":false},"excerpt":{"rendered":"<p>Kr\u0113mam ar augstu muc\u012bna saturu ir maiga tekst\u016bra. Tas uzreiz ies\u016bcas dzi\u013c\u0101kajos \u0101das sl\u0101\u0146os, aizpilda grumbas, mitrina un baro \u0101du, atjaunojot to. Glieme\u017eu muc\u012bns ir unik\u0101la sast\u0101vda\u013ca, kas rakstur\u012bga ar sp\u0113c\u012bg\u0101m atjaunojo\u0161\u0101m \u012bpa\u0161\u012bb\u0101m. B\u016bdams antioksidants, tas izvada toks\u012bnus, veicina \u0161\u016bnu atjauno\u0161anos, veiksm\u012bgi c\u012bn\u0101s ar pigment\u0101ciju un papla\u0161in\u0101t\u0101m por\u0101m, k\u0101 ar\u012b aizsarg\u0101 \u0101du no \u0101r\u0113jiem faktoriem. [&#8230;]\n","protected":false},"featured_media":93454,"template":"","meta":[],"product_cat":[1367],"product_tag":[],"class_list":{"0":"post-62646","1":"product","2":"type-product","3":"status-publish","4":"has-post-thumbnail","6":"product_brand-skinlite","7":"product_cat-sejas-maskas","9":"first","10":"outofstock","11":"taxable","12":"shipping-taxable","13":"product-type-simple"},"_links":{"self":[{"href":"https:\/\/e.kosmolat.eu\/lv\/wp-json\/wp\/v2\/product\/62646","targetHints":{"allow":["GET"]}}],"collection":[{"href":"https:\/\/e.kosmolat.eu\/lv\/wp-json\/wp\/v2\/product"}],"about":[{"href":"https:\/\/e.kosmolat.eu\/lv\/wp-json\/wp\/v2\/types\/product"}],"wp:featuredmedia":[{"embeddable":true,"href":"https:\/\/e.kosmolat.eu\/lv\/wp-json\/wp\/v2\/media\/93454"}],"wp:attachment":[{"href":"https:\/\/e.kosmolat.eu\/lv\/wp-json\/wp\/v2\/media?parent=62646"}],"wp:term":[{"taxonomy":"product_cat","embeddable":true,"href":"https:\/\/e.kosmolat.eu\/lv\/wp-json\/wp\/v2\/product_cat?post=62646"},{"taxonomy":"product_tag","embeddable":true,"href":"https:\/\/e.kosmolat.eu\/lv\/wp-json\/wp\/v2\/product_tag?post=62646"}],"curies":[{"name":"wp","href":"https:\/\/api.w.org\/{rel}","templated":true}]}}