{"id":62626,"date":"2025-02-18T10:36:29","date_gmt":"2025-02-18T10:36:29","guid":{"rendered":"https:\/\/e.kosmolat.eu\/?post_type=product&#038;p=62626"},"modified":"2026-04-17T07:57:29","modified_gmt":"2026-04-17T07:57:29","slug":"bianca-kosmetiskas-kremziepes-iriss-un-muskuss-200-g","status":"publish","type":"product","link":"https:\/\/e.kosmolat.eu\/lv\/product\/bianca-kosmetiskas-kremziepes-iriss-un-muskuss-200-g\/","title":{"rendered":"BIANCA Kosm\u0113tisk\u0101s kr\u0113mziepes \u012ariss un muskuss, 200 g"},"content":{"rendered":"<p>Uzglab\u0101\u0161ana: uzglab\u0101t saus\u0101s, segt\u0101s, labi v\u0113din\u0101m\u0101s telp\u0101s.<\/p>\n<p>Piesardz\u012bbas pas\u0101kumi: ja nok\u013c\u016bst ac\u012bs, r\u016bp\u012bgi izskalojiet ar lielu daudzumu teko\u0161a \u016bdens.<\/p>\n<p>Der\u012bguma termi\u0146\u0161: 5 gadi no izgatavo\u0161anas datuma.<\/p>\n","protected":false},"excerpt":{"rendered":"<p>Uzglab\u0101\u0161ana: uzglab\u0101t saus\u0101s, segt\u0101s, labi v\u0113din\u0101m\u0101s telp\u0101s. Piesardz\u012bbas pas\u0101kumi: ja nok\u013c\u016bst ac\u012bs, r\u016bp\u012bgi izskalojiet ar lielu daudzumu teko\u0161a \u016bdens. Der\u012bguma termi\u0146\u0161: 5 gadi no izgatavo\u0161anas datuma.<\/p>\n","protected":false},"featured_media":101438,"template":"","meta":[],"product_cat":[2181],"product_tag":[],"class_list":{"0":"post-62626","1":"product","2":"type-product","3":"status-publish","4":"has-post-thumbnail","6":"product_brand-slobozanskij-milovar_ua","7":"product_cat-bez-kategorijas-lt","9":"first","10":"instock","11":"taxable","12":"shipping-taxable","13":"product-type-simple"},"_links":{"self":[{"href":"https:\/\/e.kosmolat.eu\/lv\/wp-json\/wp\/v2\/product\/62626","targetHints":{"allow":["GET"]}}],"collection":[{"href":"https:\/\/e.kosmolat.eu\/lv\/wp-json\/wp\/v2\/product"}],"about":[{"href":"https:\/\/e.kosmolat.eu\/lv\/wp-json\/wp\/v2\/types\/product"}],"wp:featuredmedia":[{"embeddable":true,"href":"https:\/\/e.kosmolat.eu\/lv\/wp-json\/wp\/v2\/media\/101438"}],"wp:attachment":[{"href":"https:\/\/e.kosmolat.eu\/lv\/wp-json\/wp\/v2\/media?parent=62626"}],"wp:term":[{"taxonomy":"product_cat","embeddable":true,"href":"https:\/\/e.kosmolat.eu\/lv\/wp-json\/wp\/v2\/product_cat?post=62626"},{"taxonomy":"product_tag","embeddable":true,"href":"https:\/\/e.kosmolat.eu\/lv\/wp-json\/wp\/v2\/product_tag?post=62626"}],"curies":[{"name":"wp","href":"https:\/\/api.w.org\/{rel}","templated":true}]}}