{"id":62622,"date":"2025-02-18T09:50:29","date_gmt":"2025-02-18T09:50:29","guid":{"rendered":"https:\/\/e.kosmolat.eu\/?post_type=product&#038;p=62622"},"modified":"2026-04-17T07:57:00","modified_gmt":"2026-04-17T07:57:00","slug":"happy-life-cietas-ziepes-sejas-lini-un-matca-180-g","status":"publish","type":"product","link":"https:\/\/e.kosmolat.eu\/lv\/product\/happy-life-cietas-ziepes-sejas-lini-un-matca-180-g\/","title":{"rendered":"HAPPY LIFE Ciet\u0101s ziepes S\u0113jas lini un mat\u010da, 180 g"},"content":{"rendered":"<p>\u2022 Lins\u0113klu ekstrakts satur omega-3 tauksk\u0101bes, B grupas vitam\u012bnus un E vitam\u012bnu, kas nov\u0113r\u0161 sausumu un nomierina \u0101du.<br \/>\n\u2022 Za\u013c\u0101s t\u0113jas ekstrakts ir bag\u0101ts ar biolo\u0123iski akt\u012bv\u0101m viel\u0101m, piem\u0113ram, vitam\u012bniem, mikroelementiem un antioksidantiem, kas uzlabo \u0101das st\u0101vokli un tam piem\u012bt nomierino\u0161as un m\u012bkstino\u0161as \u012bpa\u0161\u012bbas.<\/p>\n<p>Uzglab\u0101\u0161ana: uzglab\u0101t saus\u0101s, segt\u0101s, labi v\u0113din\u0101m\u0101s telp\u0101s.<\/p>\n<p>Piesardz\u012bbas pas\u0101kumi: ja nok\u013c\u016bst ac\u012bs, r\u016bp\u012bgi izskalojiet ar lielu daudzumu teko\u0161a \u016bdens.<\/p>\n<p>Der\u012bguma termi\u0146\u0161: 5 gadi no izgatavo\u0161anas datuma.<\/p>\n","protected":false},"excerpt":{"rendered":"<p>\u2022 Lins\u0113klu ekstrakts satur omega-3 tauksk\u0101bes, B grupas vitam\u012bnus un E vitam\u012bnu, kas nov\u0113r\u0161 sausumu un nomierina \u0101du. \u2022 Za\u013c\u0101s t\u0113jas ekstrakts ir bag\u0101ts ar biolo\u0123iski akt\u012bv\u0101m viel\u0101m, piem\u0113ram, vitam\u012bniem, mikroelementiem un antioksidantiem, kas uzlabo \u0101das st\u0101vokli un tam piem\u012bt nomierino\u0161as un m\u012bkstino\u0161as \u012bpa\u0161\u012bbas. Uzglab\u0101\u0161ana: uzglab\u0101t saus\u0101s, segt\u0101s, labi v\u0113din\u0101m\u0101s telp\u0101s. Piesardz\u012bbas pas\u0101kumi: ja nok\u013c\u016bst [&#8230;]\n","protected":false},"featured_media":100068,"template":"","meta":[],"product_cat":[2181],"product_tag":[],"class_list":{"0":"post-62622","1":"product","2":"type-product","3":"status-publish","4":"has-post-thumbnail","6":"product_brand-slobozanskij-milovar_ua","7":"product_cat-bez-kategorijas-lt","9":"first","10":"instock","11":"taxable","12":"shipping-taxable","13":"product-type-simple"},"_links":{"self":[{"href":"https:\/\/e.kosmolat.eu\/lv\/wp-json\/wp\/v2\/product\/62622","targetHints":{"allow":["GET"]}}],"collection":[{"href":"https:\/\/e.kosmolat.eu\/lv\/wp-json\/wp\/v2\/product"}],"about":[{"href":"https:\/\/e.kosmolat.eu\/lv\/wp-json\/wp\/v2\/types\/product"}],"wp:featuredmedia":[{"embeddable":true,"href":"https:\/\/e.kosmolat.eu\/lv\/wp-json\/wp\/v2\/media\/100068"}],"wp:attachment":[{"href":"https:\/\/e.kosmolat.eu\/lv\/wp-json\/wp\/v2\/media?parent=62622"}],"wp:term":[{"taxonomy":"product_cat","embeddable":true,"href":"https:\/\/e.kosmolat.eu\/lv\/wp-json\/wp\/v2\/product_cat?post=62622"},{"taxonomy":"product_tag","embeddable":true,"href":"https:\/\/e.kosmolat.eu\/lv\/wp-json\/wp\/v2\/product_tag?post=62622"}],"curies":[{"name":"wp","href":"https:\/\/api.w.org\/{rel}","templated":true}]}}