{"id":62618,"date":"2025-02-18T08:52:28","date_gmt":"2025-02-18T08:52:28","guid":{"rendered":"https:\/\/e.kosmolat.eu\/?post_type=product&#038;p=62618"},"modified":"2026-04-21T09:22:21","modified_gmt":"2026-04-21T09:22:21","slug":"happy-life-cietas-ziepes-saulespuke-un-graudaugi-180-g","status":"publish","type":"product","link":"https:\/\/e.kosmolat.eu\/lv\/product\/happy-life-cietas-ziepes-saulespuke-un-graudaugi-180-g\/","title":{"rendered":"HAPPY LIFE Ciet\u0101s ziepes Saulespu\u0137e un graudaugi, 180 g"},"content":{"rendered":"<p>\u2022 Saulespu\u0137es ekstrakts satur flavono\u012bdus, vitam\u012bnus (\u012bpa\u0161i E) un tauksk\u0101bes, kas pal\u012bdz nomierin\u0101t \u0101du, uztur mitrin\u0101\u0161anu un padara \u0101du maig\u0101ku.<br \/>\n\u2022 Hidroliz\u0113tie kvie\u0161u prote\u012bni satur aminosk\u0101bes, pept\u012bdus un enz\u012bmus, kas mitrina \u0101du, aizsarg\u0101 un m\u012bkstina to.<\/p>\n<p>Uzglab\u0101\u0161ana: uzglab\u0101t saus\u0101s, segt\u0101s, labi v\u0113din\u0101m\u0101s telp\u0101s.<\/p>\n<p>Piesardz\u012bbas pas\u0101kumi: ja nok\u013c\u016bst ac\u012bs, r\u016bp\u012bgi izskalojiet ar lielu daudzumu teko\u0161a \u016bdens.<\/p>\n<p>Der\u012bguma termi\u0146\u0161: 5 gadi no izgatavo\u0161anas datuma.<\/p>\n","protected":false},"excerpt":{"rendered":"<p>\u2022 Saulespu\u0137es ekstrakts satur flavono\u012bdus, vitam\u012bnus (\u012bpa\u0161i E) un tauksk\u0101bes, kas pal\u012bdz nomierin\u0101t \u0101du, uztur mitrin\u0101\u0161anu un padara \u0101du maig\u0101ku. \u2022 Hidroliz\u0113tie kvie\u0161u prote\u012bni satur aminosk\u0101bes, pept\u012bdus un enz\u012bmus, kas mitrina \u0101du, aizsarg\u0101 un m\u012bkstina to. Uzglab\u0101\u0161ana: uzglab\u0101t saus\u0101s, segt\u0101s, labi v\u0113din\u0101m\u0101s telp\u0101s. Piesardz\u012bbas pas\u0101kumi: ja nok\u013c\u016bst ac\u012bs, r\u016bp\u012bgi izskalojiet ar lielu daudzumu teko\u0161a \u016bdens. [&#8230;]\n","protected":false},"featured_media":100072,"template":"","meta":[],"product_cat":[2181],"product_tag":[],"class_list":{"0":"post-62618","1":"product","2":"type-product","3":"status-publish","4":"has-post-thumbnail","6":"product_brand-slobozanskij-milovar_ua","7":"product_cat-bez-kategorijas-lt","9":"first","10":"instock","11":"taxable","12":"shipping-taxable","13":"product-type-simple"},"_links":{"self":[{"href":"https:\/\/e.kosmolat.eu\/lv\/wp-json\/wp\/v2\/product\/62618","targetHints":{"allow":["GET"]}}],"collection":[{"href":"https:\/\/e.kosmolat.eu\/lv\/wp-json\/wp\/v2\/product"}],"about":[{"href":"https:\/\/e.kosmolat.eu\/lv\/wp-json\/wp\/v2\/types\/product"}],"wp:featuredmedia":[{"embeddable":true,"href":"https:\/\/e.kosmolat.eu\/lv\/wp-json\/wp\/v2\/media\/100072"}],"wp:attachment":[{"href":"https:\/\/e.kosmolat.eu\/lv\/wp-json\/wp\/v2\/media?parent=62618"}],"wp:term":[{"taxonomy":"product_cat","embeddable":true,"href":"https:\/\/e.kosmolat.eu\/lv\/wp-json\/wp\/v2\/product_cat?post=62618"},{"taxonomy":"product_tag","embeddable":true,"href":"https:\/\/e.kosmolat.eu\/lv\/wp-json\/wp\/v2\/product_tag?post=62618"}],"curies":[{"name":"wp","href":"https:\/\/api.w.org\/{rel}","templated":true}]}}