{"id":62452,"date":"2025-02-12T14:36:48","date_gmt":"2025-02-12T14:36:48","guid":{"rendered":"https:\/\/e.kosmolat.eu\/product\/%d0%bfas%d1%84z%d0%bc%d0%b5s%d0%bda%d1%8f-%d0%b2%d0%beaa-ae%d1%8f-%d0%bc%d1%83e%d1%87c%d0%bd-rainy-day-100-%d0%bce\/"},"modified":"2026-03-10T12:55:28","modified_gmt":"2026-03-10T12:55:28","slug":"dilis-rainy-day-edp-parfim-udens-viriesiem-100-ml","status":"publish","type":"product","link":"https:\/\/e.kosmolat.eu\/lv\/product\/dilis-rainy-day-edp-parfim-udens-viriesiem-100-ml\/","title":{"rendered":"Dilis Rainy Day EDP Parfim. \u016bdens v\u012brie\u0161iem, 100 ml"},"content":{"rendered":"<p>Uzglab\u0101t temperat\u016br\u0101 no +5 \u00b0C l\u012bdz +25 \u00b0C, sarg\u0101jot no tie\u0161iem saules stariem un siltuma avotiem. <\/p>\n<p>Piesardz\u012bbas pas\u0101kumi: tikai \u0101r\u012bgai lieto\u0161anai. Izvair\u012bties no iek\u013c\u016b\u0161anas ac\u012bs. Neizsmidzin\u0101t atkl\u0101tas liesmas tuvum\u0101. Produkta lieto\u0161ana iek\u0161\u0137\u012bgi ir b\u012bstama dz\u012bv\u012bbai un vesel\u012bbai.<\/p>\n<p>Etilspirta tilpuma da\u013ca 80% tilp.<\/p>\n<p>Atbild\u012bg\u0101 persona: SIA &#8220;Kosmolats&#8221;, Lizuma 5L, R\u012bga, Latvija, LV-1006, t. +371 6720 5500, www.kosmolat.eu<\/p>\n","protected":false},"excerpt":{"rendered":"<p>Uzglab\u0101t temperat\u016br\u0101 no +5 \u00b0C l\u012bdz +25 \u00b0C, sarg\u0101jot no tie\u0161iem saules stariem un siltuma avotiem. Piesardz\u012bbas pas\u0101kumi: tikai \u0101r\u012bgai lieto\u0161anai. Izvair\u012bties no iek\u013c\u016b\u0161anas ac\u012bs. Neizsmidzin\u0101t atkl\u0101tas liesmas tuvum\u0101. Produkta lieto\u0161ana iek\u0161\u0137\u012bgi ir b\u012bstama dz\u012bv\u012bbai un vesel\u012bbai. Etilspirta tilpuma da\u013ca 80% tilp. Atbild\u012bg\u0101 persona: SIA &#8220;Kosmolats&#8221;, Lizuma 5L, R\u012bga, Latvija, LV-1006, t. +371 6720 5500, [&#8230;]\n","protected":false},"featured_media":99614,"template":"","meta":[],"product_cat":[2181],"product_tag":[],"class_list":{"0":"post-62452","1":"product","2":"type-product","3":"status-publish","4":"has-post-thumbnail","6":"product_brand-dilis-kosmetik_by","7":"product_cat-bez-kategorijas-lt","9":"first","10":"outofstock","11":"taxable","12":"shipping-taxable","13":"product-type-simple"},"_links":{"self":[{"href":"https:\/\/e.kosmolat.eu\/lv\/wp-json\/wp\/v2\/product\/62452","targetHints":{"allow":["GET"]}}],"collection":[{"href":"https:\/\/e.kosmolat.eu\/lv\/wp-json\/wp\/v2\/product"}],"about":[{"href":"https:\/\/e.kosmolat.eu\/lv\/wp-json\/wp\/v2\/types\/product"}],"wp:featuredmedia":[{"embeddable":true,"href":"https:\/\/e.kosmolat.eu\/lv\/wp-json\/wp\/v2\/media\/99614"}],"wp:attachment":[{"href":"https:\/\/e.kosmolat.eu\/lv\/wp-json\/wp\/v2\/media?parent=62452"}],"wp:term":[{"taxonomy":"product_cat","embeddable":true,"href":"https:\/\/e.kosmolat.eu\/lv\/wp-json\/wp\/v2\/product_cat?post=62452"},{"taxonomy":"product_tag","embeddable":true,"href":"https:\/\/e.kosmolat.eu\/lv\/wp-json\/wp\/v2\/product_tag?post=62452"}],"curies":[{"name":"wp","href":"https:\/\/api.w.org\/{rel}","templated":true}]}}