{"id":62404,"date":"2025-02-11T14:50:25","date_gmt":"2025-02-11T14:50:25","guid":{"rendered":"https:\/\/e.kosmolat.eu\/product\/great-sausas-smarzas-mediterranean-serenity-25-gr\/"},"modified":"2026-04-10T06:05:27","modified_gmt":"2026-04-10T06:05:27","slug":"great-vidusjuras-mierigums-daudzfunkc-aromatisk-maisins-25-g","status":"publish","type":"product","link":"https:\/\/e.kosmolat.eu\/lv\/product\/great-vidusjuras-mierigums-daudzfunkc-aromatisk-maisins-25-g\/","title":{"rendered":"GREAT Vidusj\u016bras mier\u012bgums Daudzfunkc. arom\u0101tisk. maisi\u0146\u0161, 25 g"},"content":{"rendered":"<p>Maisi\u0146u var izmantot garderob\u0113, apavu skap\u012b, vannas istab\u0101 vai tualet\u0113.<\/p>\n<p><strong>Piesardz\u012bbas pas\u0101kumi: <\/strong>nelietot telp\u0101s, kur atrodas gr\u016btnieces.<\/p>\n<p><strong>Sast\u0101v\u0101:<\/strong> 30 % un vair\u0101k vermikul\u012btu. Smar\u017eas un arom\u0101tisk\u0101s kompoz\u012bcijas.<\/p>\n<p>&nbsp;<\/p>\n<p><img decoding=\"async\" alt=\"\" src=\"data:image\/png;base64,iVBORw0KGgoAAAANSUhEUgAAADgAAAA6CAYAAAGSSaqDAAAAAXNSR0IArs4c6QAAAARnQU1BAACxjwv8YQUAAAAJcEhZcwAAFxEAABcRAcom8z8AAA6NSURBVFhHxVkLcFTlFV4VKyAkJCFP8tpkd\/MmL0gAURGLj4FSKVOtTotF7dgntthhwFqRaseOj+roiDjWMi1qW6e1o7YDiChqpbajtQK7997dTUKAECCQhLyT3c3pOee\/\/+7d3Zt9hDD9Mpt7\/+f5z\/nPfx7\/tYAB\/oBffxMINgbGx\/npXlzJT0KwcXSgFyyXWmAcO3n0DhYqnD+4nwsb79\/IjQRvc6UYqVjncoURSmlWaNr2Vdfqb9hQPo+fYQs688RW0Bodeo2h0QxhjWIpIQQbtQYb+PA5JooMblTLc7iQV1TIo+UMFqUoTX8FyMzP1d9wgYEAWM4+97heDKHv43385GlbVy7nQu\/58+AfH8F5xcTBBan69HIDCGGsRMK8EQe7m8rAvahCr4hG2EB\/YByU2mK9FIK3qRrXGdBLAjzQj+tzObJg7EQrVxIuu3IG5BUX6iUBT3MVjKNoCJYuFI9WHd5BYtqsmfpbCOff\/iNo1gxBcRz\/Ou5bj6qRF9yOVV9dDdlF+aKAGO45Dao1PSi9KOG0LmuEo+vW6iUxj2rC94RSdZVksmTHI4QiYT4Qce713zILEyFqIHUdHugBrbYEPE0OqSlRiB4YGAN3ZRG\/t1y\/ANq+fjO\/RyJqoFpXEjy2RM6DlI9951ZRNiBsoLsxJAza\/JW3rGY+1ZIM6Hr2Ma6XCA70NIXrJQ18+pmn9RKAE21F35uv6SV9oAeVOVLsdDyNoNWrRXNg6PODXLa4F1fxSyRyiwr0txACOLnsb8EDAdqSCjDf5hD82KEFT4kEL5Vk6FkcqiQYlxoAP6jNZXpJICgcGuzGwZLye++\/p7\/hihbY9bcQwraDBnmba3gSQsDvw4NtDZaNCBso4V4kBqsVwvCZwXQgwb2oCkZPtemlaEw4MB6SGkg67O\/uBHdzBWg1hSyToF4niIQI0qQB\/xDuigO0CuGxWm5sBnVJNbTdsHhC+ZkhJkE\/WlCazFNnA291qag0gNpaltaCtmg+HL11ZVylJZgSlGJSqwrwZKPRwXciLnHo8CEYGh7i9\/FxP7drJVl8Njsf3RyTY1OCWhkOXlgGIx3t6ELDh8+Yk8LnNLe4ABZfvVSvFaAlqfZsPCgV0P3KC7gYUW8EEyRHRaDww9tUBUPKIS6bwWq38THNxd\/xY8f02mi4CtM48Onb\/VfwBSh+EGCCrsJUPAeV0Lv3zSiOInHwnwfZ9qVkpes15gigqAkKOkMNtXrkmMZliw9N1pmdz\/NqFFsmV8ZDatZcuORL0\/SSOQIYGPbueQPddzVbcgmxh8gU8dWxbRNqXDV4bDkxNa6mvhY2bd6sl8JBhMbaVD6rzqJUUWkQWpTSEKH227+CK6vEcxd9FB74+YMs0vScLL0mBN9wP2jovJ2ObC4bgywJUy0lEOG2FUvQulZB25oVHDaawa8fC7XRBipan3iYkCCBziNNptlz2TWdvP\/7wVVTxEnQqgtArS\/hd7RH\/IyFmAQlJBGtZC4qVw2cf+M1cJXhItAB+UeHYJz8XoJIiGAk1NK5MOJ1hSlDokiKIImReOk7sAcPc+JcGZEwwXE0CMTQYQxSPY3l\/C4tVDJIjKCuPCq6Jg8qj9ZgBw\/+qC5ZkgkRpEndDSWsqW13ruWyVmsDrc6egF6GIy5BOn\/eq2o4SDt65xrBkTwuuAhtfvyzZ0RMgmR+WzB3YGJrlolKA5hooxXDDZGMUCgZD6YEaf00tOXLzeBeUgOt1zXq9eEgw+DDZZEJVCowI0IYHbUZoghSUEETt3\/zFtDIg9SKrMGI3Xv26G9EADPlgXOgLSwHd6lwWbE4NSGIXuOn97KCaLhqI1cv79wJOYX5bLxnZczRa5EoUh1p0zDrKgcFQ41ISRgRRtDv98PpLT8GFWNptSI\/auDz27czMQovMvJEui9BRmHgs084vNBKhLcwQ5BgAImdenwrh89OR66pund2dnI8k4e\/K9N1X2cABQv9\/\/4QvBhMOW3mnDJBcppdv3mWxagWh7yzGTLz85jgtBlX6DXROP\/uW7jwcjhSLPbUSNhC2fu5P72MxFBB8lNEbQyTlTI3ncVaUBydVkvQ8O43MblHBlwFaUxQhp6W3vf2YjhQCWqhUIJ49nEaXTsgh\/dt\/IleYw4Kxs69+AzGqlWgFIUCLouGxpgyl4H\/iKQxHqbNnM4cfnTwY70mNrTqYo7aev+yi8u8hxSPqlg5+MW\/gqybgdpW3HQjZOPRSAQKOmwNpdf\/j\/0oVl2k\/B\/hdGRhYxUMe48Ew4eJMDQ0NGEfOfERDIQ1lFwfhopGFpig7KTYcEVNDvAP9ZqaKOLw\/Q8OQGGJVa8Jh\/SZriKMujHc7Hplh2gwIMihvGvSyvLBs8AG4z7igqvCMCc7k5Vm+uxZeo0AXTAQMbUkDc9hFXQ990QwFjIiSJDgw8NPUKsL0QsgUS6F4\/LZ4nLM6rDpNSEo9kx20J0P3T+hyMMIEvx+4Sm02mJwzw8XnZzkldde5acE1Xqvmo9urBI6frAu5tGKIkig\/jREqbeCWht9hWIE9fNeU4N7hknpurWmJtEIU4ISNBl79cp5PFHkkaENaL2pGfesBtrX3mC6BZGISZBYJVVQF9pBcQjvQESlBNpWX8dpXiuKU7bFQ2yCCDoeIz2nQWkuA5dD3JfTtMfv+hraygpUsNgij0RcggQfnq9hjxOJloOreA6cfnQLirEaY5miuHsWiYQIEujCefCLT\/jigC67VDyvyRIjJEyQQMei74O9oJbnT5i+xUNSBKcCF5UgpT50dEa1Q6hwmRg0W8E30CO2IpEzNAWYegZx4fLGZOzkcdQtzFsx7SfnwSFTgwPTFDv4hge4TwKx+gVhyhikAJFMBH+xOtkBKhpDN8biHrRDbtTpM7\/8GZz40XpQa9AlILPeulJowSRiDPeTNpPixouBC2aQkgjpef24WKUMM9aGMvRTVeBGJo+vv437UTv9CN5ldaDUFYOnGXPAenxe08D1tJnxYptkMWkG2Svo8QvBvbAM3Bgh0LWZimetbbXIJXnRBj2knZLMelF1NRQGq25NAbSvvIb78JzcSc4+eUyaQbnktlXXIkO4CxhZuOeXgmd5I6sptcdyjaTO1Mc31M+hk7vRjupcA0pVPpz43jruExLL5JEUg7xp+nv7rTdyXkyBRUs9BiDLGth5JStzKYRRdO9aRQHG\/g7wYkrlwsy044EN3IYR3aSREIMUHQcZu+s2UCoxSl6MIRpaxJalNRgKGD+Eh+OHGzZw5mO54nJ8zgDLtEvBUVkBh74QF+qSQcnDSNdJDiG0pkrcUVRdey6c3CpSNLJDyYowJoOUfssFtN\/zDfbwniUYwyxAs4+7NjY6yG0TYcuWzTArfQ5H6JQW0FcA+mVh9pwbI\/MiiiPHW0Apz+YLCkojldJcOP3Eg9xO6h1L\/Y2IYpDVEP\/J8ace2QwuShVQFT10G2LNgDGUMoGIxKJz4MABkSjThQcxqDNKHwO+ffddeq9o0LzyK8bQ4c\/AmZ\/CTFLmrmCC3vOGyDCIdrxEPYxBY9czO54EFbM7CgQ99CHAmgojbW7uY5YxTgT6YMRXSLR7xGhxAVw+awbs3rOb22PtBLXJ698BjBGdhSnIJK5nUTk481Jg4J234hqiIIOUshK6\/7CTL7I58sC8+0hRCvR\/uI8nmsy17\/IbVkB6XnaQwZyifJiROjsmY5GgnjIQ6P7zLlAKMnB9ldDSXAlOWw4MfPoRt5nBIiXU8\/br4CrJ4AyIfs6STOjf9zdumwRfQezYsQNmpqUE1TQjNweWr7heb00e43qY37XrJXCVpjOjGv4UezYMOj\/lNqPftXRtfwqcpZnsbFnP0af1vSMYmwr09vSw5ZTnb2ZaKmzf8YLeOnlIHs7+\/kW0uuiHcf1056SWZgfPKIFVtHvvW+AqnM2HmG7alKIM6N\/\/d+7gD\/iSUicj5DhHRbm4d0QmLZddAr29vVw\/GVAoRz+a+dzvXgCXleyE2EW1OA0GvYdFRx18XykX0vXsY6ym5Gg9eP6UwjQYPapwG\/VJllHZf9\/+d2F6ymywWCzw8C+2cV0yYN+Hc+lmAvo\/fh+OoMHx0q7RlXNBGvTsF1onPEBonUEjQzslA93OrZtAtWXzjnoWorPFlGfsbCe3TQWSFRTxRyujr+1sJ1DLyE5o6LLOvvoSd5EpWiRM\/KBIeQgdmzags80TBxmDaVedDcZ6u1g9EsXn\/\/2cd44s6VxUUzqPW7c9rLfGBu0YMTZ4og2cZTkY3eBuoT9W7Rmobb\/iPiJ0nxhRDBrBqoE49t1vifCMbmIaHRjJOMA3Msit8VzH4quXQnouuYkCtKK6m4i46IwEn3t8jnS0Y8qVj5kKuYT5cMSeBV2\/foT7yLXFQ0wGJaTRbb9jNX\/CZkbrkVF0uMwk\/mjnJ0JD80I2LpdhTDo9dRb0ne\/TW4wgpz7G843294AXg203hYQUplE8+lDsTwYTISEG6cwYr47brm8GtZZMczUcqS\/ChDX0aU8GDBLxzhvJhQ4FCwl\/Wo24eaa80lORB8fuuZ37EWiu2LNFIyEGJWjxHOjqZQ0Db3ddKYdzrup8aF+\/Vm\/RGYuxGsF3qEPrzYtAqy3F9AuDDPRrLatE8kuMX0iWnxSDErQsYpSI+4aHwN1QikbIjlJHi1sxD05uvDuupOWS225fCe5qKwcZChqx1hVN3CYY4y4XhEkxaATvKj5Hz50CT62VP+HwGXVkwUnMREQffvC2SQt9fN0aPM+ojkvQl9XboGVZE84jvlUk7UZi4IIZlJDWdOzUcdDI4mJqRZZPwSzkzFOPcRv1OHHvHeCsykNVnM93OJRfUr1kfKoxZQzS7jCLuvCHPIdBLUznEIp3FGNcrbaEbwLIzajl89DV9OmqStEHv0w5po5BA9jq6tZ08PCnnMdR6OdGR60Uz4HR7tPMGF85SolcJFwUBiWIUam6p57cBt27XuR3Yn4qz1ksXFQG\/\/8A+B+wvM13GZLiGgAAAABJRU5ErkJggg==\" \/><strong>GHS07 Uzman\u012bbu<\/strong><\/p>\n<p><strong>H315<\/strong> Kairina \u0101du.<\/p>\n<p><strong>H319<\/strong> Izraisa nopietnu acu kairin\u0101jumu.<\/p>\n<p><img decoding=\"async\" alt=\"\" src=\"data:image\/png;base64,iVBORw0KGgoAAAANSUhEUgAAADgAAAA6CAYAAAGSSaqDAAAAAXNSR0IArs4c6QAAAARnQU1BAACxjwv8YQUAAAAJcEhZcwAAFxEAABcRAcom8z8AAA72SURBVFhHvZkJdBRlEseD4q4KLg8BxWPXdT0RT24QwpGAQSQBQW4RFWFfIrCSB7sPFgkiCHIID5BDRUFYwCWRK4FACIgJAQyEGwE5FMJN5sgkmZlkprb+1V9njvRMZmLY33sz3f31UVXfWVVfBAXB56ZjaxqZe3VVV143S5bMpxs3b8q5uVMrOcpN27hEuah1zz1yBAWtntNuus6dlYKICI8U29hRns+6rBZ1xiI+nytHz6PA5SJH6gZ14X\/TD5+bxYvnqTON8puWvnFydP6wXY5AbhYmxtNHkyfThQsXpLDs9Ek5RhTPmS4ntWrXpuYtWsg5cBfcpAhTh2bqUmPnzp1yLJ43W\/usqUVjKdCxjRkhx3KFTE2fkqNlYE85Ah9TTNFt1JmGz01vLN2jyNo\/jhzrk1WJLxVetL47kOzfrVRXGuZXI6k0L1ddaZS\/aEv6FxVNnyznvd54g4qKiuS8rKxMjsDU9iUqy9fqMKLky4VkHfamXIACk4ny8vKkS+Ts2UMZmZk0b\/58dVejvP8AU5sXyHX1iroi+nblStqYmiof+Otjj0mZbcpEKvp4gpxXsNHU7Gly20vUlUbJiqWs1WB1pRGwVtE+zt27yNKjiyrxJeCLbluhOjPG+MVSp9hcoHqFEYYvFjR9Wjtxu8VmIwwrxweHncsaqQsPPi\/qLyWnpNCNGzfkHLgLC8nU8hl1pVH+okmpd4Abv0WrVtQlJoZsNpuUAde1a2z38+pKvehdCROTkmQENnzwQXJ5dTfg+vU8mSKbyHlEQXNfFXbn5FC\/\/v1p37598svIyKDlK1aou1zhJ0+QKaoVRbjNZirwG61vDRlCSR99RCnr1sm1w26XIyho8qQcRVXXlctUwO3mTe0\/\/Ymiu3ShGjVr0nzVyU1NPCaVV07ZuTNk6thSXVXE+yXg0xylRw6ROSZSXXkwNavYg3xeBM5s7thxno6tN5M\/FV4EjtT1ZB38BlcESyotVaW+GL4ISlZ+Q+Q3Lr0J+GJAHA6pB7S\/Y43vpBYKoQvkRcnyelepYOeuTCmy9ouTa8fmTXIdCiEJtAzqJTOQY0OKKvHg5jo385xfwAOyNCdLlQYmqEBrwlAW9CQVL\/tClQTGXVxM5s4vS1WXHT+iSitiKNA2PpE7NAuaO0Ouz549S\/n5+fT20KH0y5kztHDRItqSni73\/HGbTTzQm5Kp1bMy6P3xEVg8bZLMILakcapEo4AdmStXr8pscvLUKZoydSpd5evpn36qnqhI2eV8Kmj9PJl5cXNd8yxHIrB44VxpI9sH8VIYiO6xsVTjttvo\/VGjVImHK1c8H\/XGdea0TEqYHtzsLkXgzxTVUltmT\/2sHjPm\/REjZKF0Op1ybbFYaHd2tpwfO3aMNmzcKOf+FCYmkKl5Iyr5aqGnSl03rpO53UuyPJdd+E2Vepg5a5bMdi81bUqLv\/iC5i9YIOWrVq2iRo0bU70GDaiQlwhvbB\/+UxauopkfqxKDTuO6+CuZuO5N7ZqIz2Xlj3w4cSJ1696dHnn0UWpw\/\/3U8KGHREB9Pr\/vgQfkWLd+fbqHp+Dfrl2n4lmfaE00YYz6qgfDXgpKTx7nun+GzFGteTH3rFXBgMODBbJw1DBVUpGAAnWcuXul\/s3dOvKF1nb+2FPWiEXWt\/upksBUKlDHuT1dZhNLn9dUCZdlbpNhZOn9qiqpnJAF6tjXrpZqw8AOZnUgwhYIECNU5qQFImyBWJIwX8pSzUtVuIQlEBEA2gzRAIaOJTZKPMtwCFkg1jysfdb+sXLt3LVDeibWSKyVoRKSQIRtcFLMr8eIq6vj2Jam9VIV3oVCpQJLc7JlOJi5+rDY+uPYkKxZyot0KAQVWHogl6uRB\/2r7YN2EDt3JKnuoQNVSWACCiw7flTrjZ3bkKsksBemY1\/2lVS7Nf4dVWKMoUBE0qaWjcnciV3cIpssuv9du5Zu8kKcxcuRCw4VL03+IOsAoYWjA6+rFQRKLNDyWTK1bybugp2rspTbLrJDB7n\/Ma\/2c+bO9QlZvYFbAvcEbooRPgIR5yJqwWKMCAa4uVdi4W3Tti0dP3GC3mG\/5uLFi3IP4a8RiKlhKeJrf8oFwu+A\/wE\/pOxSvirVOH\/+vERIk6dModiePcXiRUuW0KVLl9QTFbFNGidDBn6SNyIQCy1CKqz2\/p7Wvp9+osj27eludqBq16lDde69l+6uVYtWr1mjnggMEkYiVCVVgObTsIMDRwcOTyD2q8xBLRamp6N00Jn0dIQ\/cMwwTuGogQjEewWtn5PYz4j9+\/dTNseNP2ZliUDkOvIOHqS9HD\/uP3BAQt9Dhw\/T5wsXUg4\/ZwTSHhhi8Agi4ElhRYdnFYxi9qwh8O\/xni4PL83J7YmOlfL993T9+nV1xwM8QXRCeIbiJqIQOSgEqci5BQIxOAT+5ZFH6AT31mPHj4tzDBDco639QV5PfNIOGGJmKSvvpXDl4NLBtfMHH0ZVPvjwwzRr9myaPmMGHTl6lM6dO0cJI0fS7bffTtOmezoGgKuJTgjXEy6ojs84RPYHQTIyQUbAve8QFUWvscuYvXu3WBxRowbddscd1LVbNypRUyAyTYjiJevEEb03PgIBfEn0qqJZU+U6LS2NBg4aRO07dqS69epJpgI\/DI\/7+QiftN5998n1KyyULGb2abnNeDzDx\/WngkBgGzNS68oLPlMlIYLkDA8xpCORbjDCUCAoHDVc5sSSpYtVSXDcPMmbo3mIsbDSn4+p0ooEFAisw98SSyVREAQk98yvtJPhVXr4oCo1JqhAYH2nvwi1p6xWJb64kWR4raP4qs79e1VpYCoVCCwDekrvRT7FB6yLPV7RhGVpeeXKCEkgHCe4+JiInZlbVSEr0qe7JHOcGVtUSeWEJhDwFGbp0VkTmrWLrEP6SKdypHny+6EQukDAcQTiCRPPIKhGe7JxuwYjPIGAeySS9pX13ECEL7AqsJJQEIqWKxskH1ed3FoDuckRTsow5fUXIaX84FtzmXSBMMPLcLk1BvIAwhSBQYQ5CgPJ+lYf2ZxAHldSsVyGe5a4ztp0wu\/cCqrXQJ6OnBnpZOndTcItGGHp042npopZQGQj9KlLMhX8Dt71jgWrg2ozEBM3tvYku8FzKyZ02dIMFhnzPUea3tL8Hgzlb4S6CITC7zbQ+dNeST6JYdwaMrZSOAJwhpHcwFjl8ShTNL7TnEPMIX3523vUA1WnygZiQ8U6fLDHsJh25PjPMp4dPXs\/4QInpWTl15qjghZlZwUyKnNYghG2gchnwpUT3x2GRbcm+9JF5LIV0i8X8ymLPWMHtwiCED1lHC5w\/RDxIGcqkxTPwMiFQna4hGwgHFrb2BHi3EKoqVNLcZBdXkmFMp4Jv12xQgLXkaNGkYM9uVOnT9OMmTPp55Mn6SCHd18uXUr5QSJmb9z87eIFc9ipbsEynxTZtrEjAzrXRlRqIMICCTOQ\/oZhHC4g3HB7Bb9Ih8\/+7DOayQHVUQ6mRrBxfQcM4N5qp+scwcWPGEHNW7ak5cuXi9HhAlmQKaEKdGBdoJNRyOJPQAMRXEnQhmCLZ0UEXQjevLf6\/Sm0WmnipElUp25dupfjq+\/XrRODEseMoQ+TktRTHCJx912\/YYME8UgthQpkQ4eClzWdoBt09A8EvalgIEJUhMCyU8IDHaErQmGjHROdCxcv0r8nTKAXXnyR4jnw\/4RD4D9zPN65Sxcaztd\/e\/xxSuBWnDptmkSrcT16BMw6hAJ0kZ0X1g06Qlfo7B1e65QbiEAfCQUE\/UgqYBJBYgHJgMpAeI0JBYbOmTePmjRrRnfedZeE4PLjcPyPd95JY8aOLU+VVQfQDTpCV+gM3WGDnrQAknyS9Aw21Vo0kjRK4eiESjfXjNB9EHS7cePHa3kG\/kV37kznzlfcr9Qxs0K53F23bdtGy3icbsvIkMpCeShAV9m0QwqIlxbYApskFSRbUkh48VSMJkdiKlDiywgokZeXRzl79tCevXslEZadnU19+vUrNzCuZ0+5n3fokBz37dsnMyrGKHKSMAjZOeQl09nI1LQ0WrV6Ne3l74UKdJakGrotHHu2SZJruAlLZR8WOQ6sO+ieH8QHTScGAzuV8QkJ5QYOHTZMknA6SB\/v3LmTtm\/fTg4\/xwBd+OtvvqHc3FxJ2lUGdISu+roMG2ALbAI+kwwSs0ieSnIWhmKCGZdouB0eCKx7kyZPpgYNG2oG8hj8A4+\/Jxo1on+MHk3Ja9fS2uRkeU4HywnSoUPfe48+SEyky5cDz4o60EkSvjLRsGGsM3SHDd4YLhNIdyM1LSlvGIp1J2lchdS3P9hJOHz4MJ09e1bG0OYtWyh961bauGkTTZg4kdI2b5ZkMdjK5VHR0VS\/fn2qWbNmeWs\/9sQT9OmMGZI3NAI6QBfoBN2gI3SFzkYYGqiDTQQk\/mUjAb4hf6xo+kflGwoA3QgzqMlkolOnTkkSeseOHTRl6lRqGxkpaXhdefywF469cWRUvcv9fy3YMYBXpGfOXdd4+cJmBCYS6MI6QTfoGIygBupIdxifqEXj6A7teTqeO0O2aYp5xjzAk8yW9HSZHNBK+KHlMMZ2ZGZSBk8imCFx3MpHtCx+eCeNjxtTU+UdvI+k+br166Ubb9+dQ7YrV6hkPi9fLFPcNdYBuoQ6bEIyUAcbXoWJ8bLphSgCG1\/2JfORbVdPVCP8TQd\/29yplVapLdjhHh0vOoRDWAbqlB0\/QtaEdyUSRy4P24n2ZV+Su6RYPVF13MVFsu1o7vKyGFaAkIllYeuyKlTJQJ3SvP2y4SqLK1ymrpFkX\/Mt8dyvnggD9lnt363kb7TXWgxB73uDWEaueqBq\/C4DdUr3ZJNlcG+tRdF1Y6PIsT7ZcPvbHzyDZ\/GOtBi\/b3mzN5XmZKknfh\/VYqCO84ftZOkbK60pTnCvruTYloapVj3hBZc5tqaS+fUYyY+jYiz94si5K9P4+SpSrQYKSCRt2UQWVtzUDIo\/Rdb+saz4DvUAV8SPO8jKxsh0D8N6xZBj80a4OOqJ6qP6DdQpdUrXs3SP1jwNXresA3qwsWwYn6PMorryrcqJgltnoA5PHo41PHnERGoOPf9wjjLcu9XcegMVblshFS+eJz+c\/38g+h\/in3t5Aw041QAAAABJRU5ErkJggg==\" \/><strong>GHS09<\/strong><\/p>\n<p><strong>H411<\/strong> Toksisks \u016bdens organismiem ar ilgsto&scaron;\u0101m sek\u0101m.<\/p>\n<p>Dro&scaron;\u012bbas pras\u012bbu apz\u012bm\u0113jumi:<\/p>\n<p>P102 Sarg\u0101t no b\u0113rniem.<\/p>\n<p>P103 Pirms izmanto&scaron;anas izlas\u012bt eti\u0137eti.<\/p>\n<p>P264 P\u0113c izmanto&scaron;anas rokas k\u0101rt\u012bgi nomazg\u0101t.<\/p>\n<p>P273 Izvair\u012bties no izplat\u012b&scaron;anas apk\u0101rt\u0113j\u0101 vid\u0113.<\/p>\n<p>P280 Izmantot aizsargcimdus\/acu aizsargus\/sejas aizsargus.<\/p>\n<p>P302+P352 SASKAR\u0112 AR \u0100DU: nomazg\u0101t ar lielu \u016bdens daudzumu.&nbsp;&nbsp;<\/p>\n<p>P332+P313 Ja rodas \u0101das iekaisums: l\u016bdziet medi\u0137u pal\u012bdz\u012bbu.<\/p>\n<p>P305+P351+P338 SASKAR\u0112 AR AC\u012aM: Uzman\u012bgi izskalot ar \u016bdeni vair\u0101kas min\u016btes. Iz\u0146emt kontaktl\u0113cas, ja t\u0101s ir ievietotas un ja to var vienk\u0101r&scaron;i izdar\u012bt. Turpin\u0101t skalot.<\/p>\n<p>P337+P313 Ja acu iekaisums nep\u0101riet: l\u016bdziet medi\u0137u pal\u012bdz\u012bbu.<\/p>\n<p>P391 Sav\u0101kt iz&scaron;\u013cakst\u012bto &scaron;\u0137idrumu.<\/p>\n<p>P501 Atbr\u012bvoties no satura\/tvertnes\/ iepakojuma saska\u0146\u0101 ar valsts noteikumiem.<\/p>\n","protected":false},"excerpt":{"rendered":"<p>Maisi\u0146u var izmantot garderob\u0113, apavu skap\u012b, vannas istab\u0101 vai tualet\u0113. Piesardz\u012bbas pas\u0101kumi: nelietot telp\u0101s, kur atrodas gr\u016btnieces. Sast\u0101v\u0101: 30 % un vair\u0101k vermikul\u012btu. Smar\u017eas un arom\u0101tisk\u0101s kompoz\u012bcijas. &nbsp; GHS07 Uzman\u012bbu H315 Kairina \u0101du. H319 Izraisa nopietnu acu kairin\u0101jumu. GHS09 H411 Toksisks \u016bdens organismiem ar ilgsto&scaron;\u0101m sek\u0101m. Dro&scaron;\u012bbas pras\u012bbu apz\u012bm\u0113jumi: P102 Sarg\u0101t no b\u0113rniem. P103 Pirms [&#8230;]\n","protected":false},"featured_media":103563,"template":"","meta":[],"product_cat":[1522],"product_tag":[],"class_list":{"0":"post-62404","1":"product","2":"type-product","3":"status-publish","4":"has-post-thumbnail","6":"product_brand-sora_tr","7":"product_cat-gaisa-atsvaidzinataji-majas-aromati","9":"first","10":"instock","11":"taxable","12":"shipping-taxable","13":"product-type-simple"},"_links":{"self":[{"href":"https:\/\/e.kosmolat.eu\/lv\/wp-json\/wp\/v2\/product\/62404","targetHints":{"allow":["GET"]}}],"collection":[{"href":"https:\/\/e.kosmolat.eu\/lv\/wp-json\/wp\/v2\/product"}],"about":[{"href":"https:\/\/e.kosmolat.eu\/lv\/wp-json\/wp\/v2\/types\/product"}],"wp:featuredmedia":[{"embeddable":true,"href":"https:\/\/e.kosmolat.eu\/lv\/wp-json\/wp\/v2\/media\/103563"}],"wp:attachment":[{"href":"https:\/\/e.kosmolat.eu\/lv\/wp-json\/wp\/v2\/media?parent=62404"}],"wp:term":[{"taxonomy":"product_cat","embeddable":true,"href":"https:\/\/e.kosmolat.eu\/lv\/wp-json\/wp\/v2\/product_cat?post=62404"},{"taxonomy":"product_tag","embeddable":true,"href":"https:\/\/e.kosmolat.eu\/lv\/wp-json\/wp\/v2\/product_tag?post=62404"}],"curies":[{"name":"wp","href":"https:\/\/api.w.org\/{rel}","templated":true}]}}